{"id":17931,"date":"2026-04-06T22:49:59","date_gmt":"2026-04-06T22:49:59","guid":{"rendered":"https:\/\/novatronicec.com\/?post_type=product&#038;p=17931"},"modified":"2026-04-07T16:57:47","modified_gmt":"2026-04-07T16:57:47","slug":"bateria-lipo-2s-1300mah-45c-gens-ace-tipo-t","status":"publish","type":"product","link":"https:\/\/novatronicec.com\/index.php\/product\/bateria-lipo-2s-1300mah-45c-gens-ace-tipo-t\/","title":{"rendered":"BATERIA LIPO 2S 1300mAh 45C Gens ace Tipo T"},"content":{"rendered":"<div class=\"wpb-content-wrapper\"><p>[vc_row][vc_column][vc_column_text css=\u00bb\u00bb woodmart_inline=\u00bbno\u00bb text_larger=\u00bbno\u00bb]<\/p>\n<h2>DESCRIPCI\u00d3N:<\/h2>\n<p>Este componente de Gens Ace utiliza celdas de pol\u00edmero de litio de alta calidad para ofrecer a los modelistas un suministro de energ\u00eda estable. La unidad cuenta con una capacidad de 1300 mAh y una tasa de descarga de 45C, integrando de f\u00e1brica un conector Deans (estilo T).<\/p>\n<ul data-path-to-node=\"7\">\n<li>\n<p data-path-to-node=\"7,0,0\"><b data-path-to-node=\"7,0,0\" data-index-in-node=\"0\">Compatibilidad:<\/b> Es apta para una amplia gama de aplicaciones de radiocontrol (aire, tierra y mar), condicionada a la coincidencia t\u00e9cnica de voltaje y tama\u00f1o.<\/p>\n<\/li>\n<li>\n<p data-path-to-node=\"7,1,0\"><b data-path-to-node=\"7,1,0\" data-index-in-node=\"0\">Capacidad de Respuesta:<\/b> El producto est\u00e1 dise\u00f1ado para proporcionar picos de energ\u00eda exigentes, permitiendo un desempe\u00f1o \u00f3ptimo en velocidad. Se recomienda estrictamente no realizar la carga de las celdas sin supervisi\u00f3n humana.<\/p>\n<\/li>\n<\/ul>\n<h2>CARACTER\u00cdSTICAS:<\/h2>\n<ul>\n<li>Bater\u00eda Lipo inteligente serie G-Tech<\/li>\n<li>Capacidad: 1300mAh<\/li>\n<li>Configuraci\u00f3n: 2S1P \/ 7.4V \/ 2Cells<\/li>\n<li>Velocidad de descarga: 45C<\/li>\n<li>Velocidad m\u00e1xima de descarga de r\u00e1faga: 90C<\/li>\n<li>Peso neto (\u00b110g): 3.17 oz<\/li>\n<li>Dimensiones: 2.795 in de largo x 1.378 in de ancho x 0.591 in de alto<\/li>\n<li>Enchufe de carga: G-Tech-3P<\/li>\n<li>Enchufe de descarga: enchufe T<\/li>\n<\/ul>\n<p>[\/vc_column_text][\/vc_column][\/vc_row]<\/p>\n<\/div>","protected":false},"excerpt":{"rendered":"<h4>CARACTER\u00cdSTICAS:<\/h4>\n<ul>\n<li>Bater\u00eda Lipo inteligente serie G-Tech<\/li>\n<li>Capacidad: 1300mAh<\/li>\n<li>Configuraci\u00f3n: 2S1P \/ 7.4V \/ 2Cells<\/li>\n<li>Velocidad de descarga: 45C<\/li>\n<li>Velocidad m\u00e1xima de descarga de r\u00e1faga: 90C<\/li>\n<li>Peso neto (\u00b110g): 3.17 oz<\/li>\n<li>Dimensiones: 2.795 in de largo x 1.378 in de ancho x 0.591 in de alto<\/li>\n<li>Enchufe de carga: G-Tech-3P<\/li>\n<li>Enchufe de descarga: enchufe T<\/li>\n<\/ul>\n","protected":false},"featured_media":17932,"template":"","meta":[],"product_brand":[],"product_cat":[128],"product_tag":[1960,1528,1531,1969,1961,1970,1968,1967,1959,131,1962,129,1805,136],"class_list":{"0":"post-17931","1":"product","2":"type-product","3":"status-publish","4":"has-post-thumbnail","6":"product_cat-baterias","7":"product_tag-1960","8":"product_tag-2-celdas","9":"product_tag-2s","10":"product_tag-1969","11":"product_tag-45c","12":"product_tag-4v","13":"product_tag-1968","14":"product_tag-7-4v","15":"product_tag-bat","16":"product_tag-bateria","17":"product_tag-bateria-lipo-2s-1300mah-45c-gens-ace-tipo-t","18":"product_tag-lipo","19":"product_tag-recargable","20":"product_tag-robot","22":"first","23":"instock","24":"shipping-taxable","25":"purchasable","26":"product-type-simple"},"_links":{"self":[{"href":"https:\/\/novatronicec.com\/index.php\/wp-json\/wp\/v2\/product\/17931","targetHints":{"allow":["GET"]}}],"collection":[{"href":"https:\/\/novatronicec.com\/index.php\/wp-json\/wp\/v2\/product"}],"about":[{"href":"https:\/\/novatronicec.com\/index.php\/wp-json\/wp\/v2\/types\/product"}],"wp:featuredmedia":[{"embeddable":true,"href":"https:\/\/novatronicec.com\/index.php\/wp-json\/wp\/v2\/media\/17932"}],"wp:attachment":[{"href":"https:\/\/novatronicec.com\/index.php\/wp-json\/wp\/v2\/media?parent=17931"}],"wp:term":[{"taxonomy":"product_brand","embeddable":true,"href":"https:\/\/novatronicec.com\/index.php\/wp-json\/wp\/v2\/product_brand?post=17931"},{"taxonomy":"product_cat","embeddable":true,"href":"https:\/\/novatronicec.com\/index.php\/wp-json\/wp\/v2\/product_cat?post=17931"},{"taxonomy":"product_tag","embeddable":true,"href":"https:\/\/novatronicec.com\/index.php\/wp-json\/wp\/v2\/product_tag?post=17931"}],"curies":[{"name":"wp","href":"https:\/\/api.w.org\/{rel}","templated":true}]}}