{"id":17935,"date":"2026-04-07T16:54:10","date_gmt":"2026-04-07T16:54:10","guid":{"rendered":"https:\/\/novatronicec.com\/?post_type=product&#038;p=17935"},"modified":"2026-04-07T16:55:57","modified_gmt":"2026-04-07T16:55:57","slug":"bateria-lipo-650mah-2s-7-4v-95c-tattu-xt30","status":"publish","type":"product","link":"https:\/\/novatronicec.com\/index.php\/product\/bateria-lipo-650mah-2s-7-4v-95c-tattu-xt30\/","title":{"rendered":"BATERIA LIPO 650mAh 2S 7.4V 95C TATTU XT30"},"content":{"rendered":"<div class=\"wpb-content-wrapper\"><p>[vc_row][vc_column][vc_column_text css=\u00bb\u00bb woodmart_inline=\u00bbno\u00bb text_larger=\u00bbno\u00bb]<\/p>\n<h2>DESCRIPCI\u00d3N:<\/h2>\n<p>Estas bater\u00edas Tattu 650mAh 2S 95C 7.6V HV Lipo ofrecen capacidad y velocidad de descarga \u00f3ptimas. Son muy compactas y ligeras. Funcionan perfectamente con drones FPV de tama\u00f1o 100 a 180. Su alta tasa de descarga de 95C proporciona potencia suficiente incluso bajo carga.<\/p>\n<ul>\n<li>Tecnolog\u00eda de apilamiento innovadora que permite celdas individuales de hasta 650 mAh.<\/li>\n<li>Alto rendimiento de descarga y alta densidad energ\u00e9tica.<\/li>\n<li>Fabricadas con pol\u00edmero de litio de alta calidad procedente de Jap\u00f3n y Corea.<\/li>\n<li><strong>Aplicaci\u00f3n:<\/strong> especialmente dise\u00f1ado para tama\u00f1os de 90-150, torrent 110. Equipado con conector XT-30 est\u00e1ndar de la industria.<\/li>\n<\/ul>\n<h4>CARACTER\u00cdSTICAS:<\/h4>\n<ul>\n<li>Capacidad m\u00ednima: 650 mAh<\/li>\n<li>Configuraci\u00f3n: 2S1P \/ 7,6 V \/ 2 celdas<\/li>\n<li>Tasa de descarga: 95C<\/li>\n<li>Peso neto (\u00b120 g): 33 g<\/li>\n<li>Dimensiones: 73,81 mm (largo) x 16,77 mm (ancho) x 13,26 mm (alto)<\/li>\n<li>Conector de carga: JST-XHR-3P<\/li>\n<li>Conector de descarga: XT-30<\/li>\n<\/ul>\n<p>[\/vc_column_text][\/vc_column][\/vc_row]<\/p>\n<\/div>","protected":false},"excerpt":{"rendered":"<h4>CARACTER\u00cdSTICAS:<\/h4>\n<ul>\n<li>Capacidad m\u00ednima: 650 mAh<\/li>\n<li>Configuraci\u00f3n: 2S1P \/ 7,6 V \/ 2 celdas<\/li>\n<li>Tasa de descarga: 95C<\/li>\n<li>Peso neto (\u00b120 g): 33 g<\/li>\n<li>Dimensiones: 73,81 mm (largo) x 16,77 mm (ancho) x 13,26 mm (alto)<\/li>\n<li>Conector de carga: JST-XHR-3P<\/li>\n<li>Conector de descarga: XT-30<\/li>\n<\/ul>\n","protected":false},"featured_media":17940,"template":"","meta":[],"product_brand":[],"product_cat":[128],"product_tag":[1528,1531,1963,1967,1964,1959,1966,129,1805,136,1965],"class_list":{"0":"post-17935","1":"product","2":"type-product","3":"status-publish","4":"has-post-thumbnail","6":"product_cat-baterias","7":"product_tag-2-celdas","8":"product_tag-2s","9":"product_tag-1963","10":"product_tag-7-4v","11":"product_tag-95c","12":"product_tag-bat","13":"product_tag-bateria-lipo-650mah-2s-7-4v-95c-tattu-xt30","14":"product_tag-lipo","15":"product_tag-recargable","16":"product_tag-robot","17":"product_tag-tatu","19":"first","20":"instock","21":"shipping-taxable","22":"purchasable","23":"product-type-simple"},"_links":{"self":[{"href":"https:\/\/novatronicec.com\/index.php\/wp-json\/wp\/v2\/product\/17935","targetHints":{"allow":["GET"]}}],"collection":[{"href":"https:\/\/novatronicec.com\/index.php\/wp-json\/wp\/v2\/product"}],"about":[{"href":"https:\/\/novatronicec.com\/index.php\/wp-json\/wp\/v2\/types\/product"}],"wp:featuredmedia":[{"embeddable":true,"href":"https:\/\/novatronicec.com\/index.php\/wp-json\/wp\/v2\/media\/17940"}],"wp:attachment":[{"href":"https:\/\/novatronicec.com\/index.php\/wp-json\/wp\/v2\/media?parent=17935"}],"wp:term":[{"taxonomy":"product_brand","embeddable":true,"href":"https:\/\/novatronicec.com\/index.php\/wp-json\/wp\/v2\/product_brand?post=17935"},{"taxonomy":"product_cat","embeddable":true,"href":"https:\/\/novatronicec.com\/index.php\/wp-json\/wp\/v2\/product_cat?post=17935"},{"taxonomy":"product_tag","embeddable":true,"href":"https:\/\/novatronicec.com\/index.php\/wp-json\/wp\/v2\/product_tag?post=17935"}],"curies":[{"name":"wp","href":"https:\/\/api.w.org\/{rel}","templated":true}]}}