{"id":17941,"date":"2026-04-07T17:52:04","date_gmt":"2026-04-07T17:52:04","guid":{"rendered":"https:\/\/novatronicec.com\/?post_type=product&#038;p=17941"},"modified":"2026-04-07T17:52:05","modified_gmt":"2026-04-07T17:52:05","slug":"bateria-lipo-850mah-2s-7-4v-95c-tattu-xt30","status":"publish","type":"product","link":"https:\/\/novatronicec.com\/index.php\/product\/bateria-lipo-850mah-2s-7-4v-95c-tattu-xt30\/","title":{"rendered":"BATERIA LIPO 850mAh 2S 7.4V 95C TATTU XT30"},"content":{"rendered":"<div class=\"wpb-content-wrapper\"><p>[vc_row][vc_column][vc_column_text woodmart_inline=\u00bbno\u00bb text_larger=\u00bbno\u00bb]La serie Tattu x NewBeeDrone es el resultado de una estrecha colaboraci\u00f3n, que maximiza el rendimiento de los productos de ambas marcas. Esta alianza garantiza que cada bater\u00eda ofrezca una potencia y fiabilidad \u00f3ptimas para los pilotos de FPV.<\/p>\n<p>La bater\u00eda Tattu R-Line 850mAh 2S 7.6V 95C HV Lipo con conector XT30 ofrece una capacidad y tasa de descarga m\u00e1ximas. Es una bater\u00eda Lipo de alta descarga para carreras FPV. La 95C proporciona potencia suficiente bajo carga. Es muy compacta y ligera. Funciona perfectamente con multirrotores FPV de tama\u00f1o 100 a 180.<\/p>\n<ul>\n<li>La innovadora tecnolog\u00eda de apilamiento permite capacidades de celda individual de 850 mAh.<\/li>\n<li>Alto rendimiento de descarga y alta densidad energ\u00e9tica.<\/li>\n<li>Materias primas de pol\u00edmero de litio de calidad superior de Jap\u00f3n y Corea.<\/li>\n<li>Servicio posventa local (ubicado en Livermore, California).<\/li>\n<\/ul>\n<h4>CARACTER\u00cdSTICAS:<\/h4>\n<ul>\n<li>Capacidad m\u00ednima: 850 mAh<\/li>\n<li>Configuraci\u00f3n: 2S1P \/ 7,6 V \/ 2 celdas<\/li>\n<li>Tasa de descarga: 95C<\/li>\n<li>Peso neto (\u00b120 g): 40 g<\/li>\n<li>Dimensiones: 74,51 mm x 16,76 mm x 15,13 mm (largo x ancho x alto)<\/li>\n<li>Conector de carga: JST-XHR-3P<\/li>\n<li>Conector de descarga: XT-30<\/li>\n<\/ul>\n<p>[\/vc_column_text][\/vc_column][\/vc_row]<\/p>\n<\/div>","protected":false},"excerpt":{"rendered":"<h4>CARACTER\u00cdSTICAS:<\/h4>\n<ul>\n<li>Capacidad m\u00ednima: 850 mAh<\/li>\n<li>Configuraci\u00f3n: 2S1P \/ 7,6 V \/ 2 celdas<\/li>\n<li>Tasa de descarga: 95C<\/li>\n<li>Peso neto (\u00b120 g): 40 g<\/li>\n<li>Dimensiones: 74,51 mm x 16,76 mm x 15,13 mm (largo x ancho x alto)<\/li>\n<li>Conector de carga: JST-XHR-3P<\/li>\n<li>Conector de descarga: XT-30<\/li>\n<\/ul>\n","protected":false},"featured_media":17944,"template":"","meta":[],"product_brand":[],"product_cat":[128],"product_tag":[1974,1531,1970,1968,1975,1967,1971,1972,1959,1973,129,1805,136],"class_list":{"0":"post-17941","1":"product","2":"type-product","3":"status-publish","4":"has-post-thumbnail","6":"product_cat-baterias","7":"product_tag-2celdas","8":"product_tag-2s","9":"product_tag-4v","10":"product_tag-1968","11":"product_tag-7-4","12":"product_tag-7-4v","13":"product_tag-1971","14":"product_tag-850mah","15":"product_tag-bat","16":"product_tag-bateria-lipo-850mah-2s-7-4v-95c-tattu-xt30","17":"product_tag-lipo","18":"product_tag-recargable","19":"product_tag-robot","21":"first","22":"instock","23":"shipping-taxable","24":"purchasable","25":"product-type-simple"},"_links":{"self":[{"href":"https:\/\/novatronicec.com\/index.php\/wp-json\/wp\/v2\/product\/17941","targetHints":{"allow":["GET"]}}],"collection":[{"href":"https:\/\/novatronicec.com\/index.php\/wp-json\/wp\/v2\/product"}],"about":[{"href":"https:\/\/novatronicec.com\/index.php\/wp-json\/wp\/v2\/types\/product"}],"wp:featuredmedia":[{"embeddable":true,"href":"https:\/\/novatronicec.com\/index.php\/wp-json\/wp\/v2\/media\/17944"}],"wp:attachment":[{"href":"https:\/\/novatronicec.com\/index.php\/wp-json\/wp\/v2\/media?parent=17941"}],"wp:term":[{"taxonomy":"product_brand","embeddable":true,"href":"https:\/\/novatronicec.com\/index.php\/wp-json\/wp\/v2\/product_brand?post=17941"},{"taxonomy":"product_cat","embeddable":true,"href":"https:\/\/novatronicec.com\/index.php\/wp-json\/wp\/v2\/product_cat?post=17941"},{"taxonomy":"product_tag","embeddable":true,"href":"https:\/\/novatronicec.com\/index.php\/wp-json\/wp\/v2\/product_tag?post=17941"}],"curies":[{"name":"wp","href":"https:\/\/api.w.org\/{rel}","templated":true}]}}