{"id":17963,"date":"2026-04-25T16:49:12","date_gmt":"2026-04-25T16:49:12","guid":{"rendered":"https:\/\/novatronicec.com\/?post_type=product&#038;p=17963"},"modified":"2026-04-25T16:49:23","modified_gmt":"2026-04-25T16:49:23","slug":"metro-de-estano-1mm","status":"publish","type":"product","link":"https:\/\/novatronicec.com\/index.php\/product\/metro-de-estano-1mm\/","title":{"rendered":"Metro de esta\u00f1o 1mm"},"content":{"rendered":"<div class=\"wpb-content-wrapper\"><p>[vc_row][vc_column][vc_column_text woodmart_inline=\u00bbno\u00bb text_larger=\u00bbno\u00bb]Alambre de soldadura sin plomo,\u00a0 una herramienta imprescindible para tus proyectos de soldadura el\u00e9ctrica, bricolaje, mejora del hogar, reparaci\u00f3n de placa de circuito, cable, juguetes, dispositivos electr\u00f3nicos\u00a0y otros electrodom\u00e9sticos peque\u00f1os y m\u00e1s.<\/p>\n<h3><b>Caracter\u00edsticas:\u00a0<\/b><\/h3>\n<ul>\n<li>Sin plomo, respetuoso con el medio ambiente.<\/li>\n<li>Buena humedad, conductividad el\u00e9ctrica y t\u00e9rmica preeminente.<\/li>\n<li>Capacidad de soldadura perfecta, punto de soldadura m\u00e1s fuerte, fluye bien y se calienta uniformemente.<\/li>\n<li>Uniformemente entrelazado alrededor de un carrete, conveniente para organizar y almacenar.<\/li>\n<li>El alambre de soldadura es suave y limpio, resiste eficazmente la oxidaci\u00f3n.<\/li>\n<li>No se derrama, menos humo, sin olor t\u00f3xico, sin da\u00f1os.<\/li>\n<li>Hilo de esta\u00f1o funde bien y se pega sin necesidad de poner pasta de soldar<\/li>\n<\/ul>\n<p>[\/vc_column_text][\/vc_column][\/vc_row]<\/p>\n<\/div>","protected":false},"excerpt":{"rendered":"<p>[vc_row][vc_column][vc_column_text woodmart_inline=\u00bbno\u00bb text_larger=\u00bbno\u00bb]Alambre de soldadura sin plomo,\u00a0 una herramienta imprescindible para tus proyectos de soldadura el\u00e9ctrica, bricolaje, mejora del hogar,<\/p>\n","protected":false},"featured_media":17964,"template":"","meta":[],"product_brand":[],"product_cat":[86],"product_tag":[1977,1979,1978,724,1976],"class_list":{"0":"post-17963","1":"product","2":"type-product","3":"status-publish","4":"has-post-thumbnail","6":"product_cat-electronica","7":"product_tag-1977","8":"product_tag-1-mm","9":"product_tag-1mm","10":"product_tag-estano","11":"product_tag-metro","13":"first","14":"instock","15":"shipping-taxable","16":"purchasable","17":"product-type-simple"},"_links":{"self":[{"href":"https:\/\/novatronicec.com\/index.php\/wp-json\/wp\/v2\/product\/17963","targetHints":{"allow":["GET"]}}],"collection":[{"href":"https:\/\/novatronicec.com\/index.php\/wp-json\/wp\/v2\/product"}],"about":[{"href":"https:\/\/novatronicec.com\/index.php\/wp-json\/wp\/v2\/types\/product"}],"wp:featuredmedia":[{"embeddable":true,"href":"https:\/\/novatronicec.com\/index.php\/wp-json\/wp\/v2\/media\/17964"}],"wp:attachment":[{"href":"https:\/\/novatronicec.com\/index.php\/wp-json\/wp\/v2\/media?parent=17963"}],"wp:term":[{"taxonomy":"product_brand","embeddable":true,"href":"https:\/\/novatronicec.com\/index.php\/wp-json\/wp\/v2\/product_brand?post=17963"},{"taxonomy":"product_cat","embeddable":true,"href":"https:\/\/novatronicec.com\/index.php\/wp-json\/wp\/v2\/product_cat?post=17963"},{"taxonomy":"product_tag","embeddable":true,"href":"https:\/\/novatronicec.com\/index.php\/wp-json\/wp\/v2\/product_tag?post=17963"}],"curies":[{"name":"wp","href":"https:\/\/api.w.org\/{rel}","templated":true}]}}