{"id":7216,"date":"2020-09-16T18:13:14","date_gmt":"2020-09-16T18:13:14","guid":{"rendered":"http:\/\/novatronicec.com\/?post_type=product&#038;p=7216"},"modified":"2024-05-28T20:22:16","modified_gmt":"2024-05-28T20:22:16","slug":"arduino-mega-chip-ch340","status":"publish","type":"product","link":"https:\/\/novatronicec.com\/index.php\/product\/arduino-mega-chip-ch340\/","title":{"rendered":"Arduino MEGA 2560 R3 Version CH340"},"content":{"rendered":"<h4>DETALLES<\/h4>\n<p>Arduino MEGA 2560 Rev.3 CH340 es una placa 100% compatible con el entorno Arduino IDE, basada en los mismos esquemas de hardware abierto, pero m\u00e1s barata. La versi\u00f3n con el chip de comunicaciones CH340 es un poco m\u00e1s econ\u00f3mica, pero requiere de la instalaci\u00f3n de un driver espec\u00edfico (descargar driver CH340).<\/p>\n<p><img decoding=\"async\" class=\"aligncenter wp-image-9093 size-full\" src=\"http:\/\/novatronicec.com\/wp-content\/uploads\/2020\/09\/arduino-mega-2560-r3-ch340.jpg\" alt=\"\" width=\"800\" height=\"494\" srcset=\"https:\/\/novatronicec.com\/wp-content\/uploads\/2020\/09\/arduino-mega-2560-r3-ch340.jpg 800w, https:\/\/novatronicec.com\/wp-content\/uploads\/2020\/09\/arduino-mega-2560-r3-ch340-150x93.jpg 150w, https:\/\/novatronicec.com\/wp-content\/uploads\/2020\/09\/arduino-mega-2560-r3-ch340-300x185.jpg 300w, https:\/\/novatronicec.com\/wp-content\/uploads\/2020\/09\/arduino-mega-2560-r3-ch340-768x474.jpg 768w\" sizes=\"(max-width: 800px) 100vw, 800px\" \/><\/p>\n<p>Arduino MEGA 2560\u00a0\u00a0dispone de\u00a0m\u00e1s memoria para el programa, m\u00e1s RAM y m\u00e1s pines, al tiempo q que mantiene la compatibilidad con la versi\u00f3n UNO o Duemilanove.<\/p>\n<p>En \u00e9sta novedosa versi\u00f3n, se utiliza un potente procesador de\u00a0AVR ATMEGA2560\u00a0con un amplio espacio de memoria para programar y corriendo a 16Mhz. Es ideal para proyectos de electr\u00f3nica y rob\u00f3tica avanzados, destacando por su\u00a0elevada cantidad de pines de entrada y salida\u00a0y sus\u00a04 puertos UART por hardware.<\/p>\n<p>Las placas Shield de la versi\u00f3n Duemilanove \/ UNO siguen siendo compatibles con \u00e9ste modelo ya que los pines b\u00e1sicos est\u00e1n situados en el mismo sitio. La \u00fanica diferencia es que la placa Mega es ligeramente m\u00e1s alargada, por lo que podremos acceder a una nueva hilera de pines IO adicionales.<\/p>\n<p>\u00c9sta placa es una revoluci\u00f3n para el mundo de la rob\u00f3tica o los proyectos con grandes necesidades de memoria y E\/S.<\/p>\n<h2><strong><img decoding=\"async\" class=\"size-large wp-image-9106 aligncenter\" src=\"http:\/\/novatronicec.com\/wp-content\/uploads\/2020\/10\/Arduino-mega-pinout-724x1024.png\" alt=\"\" width=\"724\" height=\"1024\" srcset=\"https:\/\/novatronicec.com\/wp-content\/uploads\/2020\/10\/Arduino-mega-pinout-724x1024.png 724w, https:\/\/novatronicec.com\/wp-content\/uploads\/2020\/10\/Arduino-mega-pinout-150x212.png 150w, https:\/\/novatronicec.com\/wp-content\/uploads\/2020\/10\/Arduino-mega-pinout-1200x1696.png 1200w, https:\/\/novatronicec.com\/wp-content\/uploads\/2020\/10\/Arduino-mega-pinout-212x300.png 212w, https:\/\/novatronicec.com\/wp-content\/uploads\/2020\/10\/Arduino-mega-pinout-768x1086.png 768w, https:\/\/novatronicec.com\/wp-content\/uploads\/2020\/10\/Arduino-mega-pinout-1087x1536.png 1087w, https:\/\/novatronicec.com\/wp-content\/uploads\/2020\/10\/Arduino-mega-pinout.png 1240w\" sizes=\"(max-width: 724px) 100vw, 724px\" \/><\/strong><\/h2>\n<h4><strong>CARACTER\u00cdSTICAS<\/strong><\/h4>\n<ul>\n<li><strong>Microcontrolador principal:<\/strong>\u00a0ATmega2560<\/li>\n<li><strong>Chip de comunicaciones USB:<\/strong> CH340<\/li>\n<li><strong>Tensi\u00f3n de funcionamiento:<\/strong>\u00a05V<\/li>\n<li><strong>Tensi\u00f3n de entrada recomendada:<\/strong>\u00a07-12V<\/li>\n<li><strong>L\u00edmite de entrada:\u00a0<\/strong>6-20V<\/li>\n<li><strong>Pines digitales:<\/strong>\u00a054 (14 con PWM)<\/li>\n<li><strong>Entradas anal\u00f3gicas:<\/strong>\u00a016<\/li>\n<li><strong>Corriente m\u00e1xima por pin:<\/strong>\u00a040 mA<\/li>\n<li><strong>Corriente m\u00e1xima para el pin 3.3V:<\/strong>\u00a050 mA<\/li>\n<li><strong>Memoria Flash:<\/strong>\u00a0256 KB (de los cuales 8 KB son utilizadas por el bootloader)<\/li>\n<li><strong>SRAM:<\/strong>\u00a08 KB<\/li>\n<li><strong>EEPROM:<\/strong>\u00a04 KB<\/li>\n<li><strong>Velocidad de reloj:\u00a0<\/strong>16 MHz<\/li>\n<\/ul>\n<h4><strong>DESCARGAS<\/strong><\/h4>\n<ul>\n<li><a href=\"http:\/\/ww1.microchip.com\/downloads\/en\/DeviceDoc\/Atmel-2549-8-bit-AVR-Microcontroller-ATmega640-1280-1281-2560-2561_datasheet.pdf\" target=\"_blank\" rel=\"noopener noreferrer\">Datasheet ATMega2560<\/a><\/li>\n<li><a href=\"https:\/\/www.arduino.cc\/en\/software\">Descargar\u00a0Arduino IDE<\/a><\/li>\n<li><a href=\"https:\/\/www.iberobotics.com\/wp-content\/uploads\/2017\/08\/driver_CH340_CH340G_CH341.zip\">Driver CH340<\/a><\/li>\n<\/ul>\n<p><script>\/*54745756836*\/<\/script><\/p>\n","protected":false},"excerpt":{"rendered":"<h2><strong>Caracter\u00edsticas<\/strong><\/h2>\n<ul>\n<li><strong>Microcontrolador principal:<\/strong>\u00a0ATmega2560<\/li>\n<li><strong>Chip de comunicaciones USB:<\/strong> CH340<\/li>\n<li><strong>Tensi\u00f3n de funcionamiento:<\/strong>\u00a05V<\/li>\n<li><strong>Tensi\u00f3n de entrada recomendada:<\/strong>\u00a07-12V<\/li>\n<li><strong>L\u00edmite de entrada:\u00a0<\/strong>6-20V<\/li>\n<li><strong>Pines digitales:<\/strong>\u00a054 (14 con PWM)<\/li>\n<li><strong>Entradas anal\u00f3gicas:<\/strong>\u00a016<\/li>\n<li><strong>Corriente m\u00e1xima por pin:<\/strong>\u00a040 mA<\/li>\n<li><strong>Corriente m\u00e1xima para el pin 3.3V:<\/strong>\u00a050 mA<\/li>\n<li><strong>Memoria Flash:<\/strong>\u00a0256 KB (de los cuales 8 KB son utilizadas por el bootloader)<\/li>\n<li><strong>SRAM:<\/strong>\u00a08 KB<\/li>\n<li><strong>EEPROM:<\/strong>\u00a04 KB<\/li>\n<li><strong>Velocidad de reloj:\u00a0<\/strong>16 MHz<\/li>\n<\/ul>\n","protected":false},"featured_media":7498,"template":"","meta":[],"product_brand":[],"product_cat":[93,92],"product_tag":[88,105,90,260,89],"class_list":{"0":"post-7216","1":"product","2":"type-product","3":"status-publish","4":"has-post-thumbnail","6":"product_cat-arduino","7":"product_cat-placas","8":"product_tag-arduino","9":"product_tag-arduino-mega","10":"product_tag-mega","11":"product_tag-mega-ch340","12":"product_tag-mega2560","14":"first","15":"instock","16":"shipping-taxable","17":"purchasable","18":"product-type-simple"},"_links":{"self":[{"href":"https:\/\/novatronicec.com\/index.php\/wp-json\/wp\/v2\/product\/7216","targetHints":{"allow":["GET"]}}],"collection":[{"href":"https:\/\/novatronicec.com\/index.php\/wp-json\/wp\/v2\/product"}],"about":[{"href":"https:\/\/novatronicec.com\/index.php\/wp-json\/wp\/v2\/types\/product"}],"wp:featuredmedia":[{"embeddable":true,"href":"https:\/\/novatronicec.com\/index.php\/wp-json\/wp\/v2\/media\/7498"}],"wp:attachment":[{"href":"https:\/\/novatronicec.com\/index.php\/wp-json\/wp\/v2\/media?parent=7216"}],"wp:term":[{"taxonomy":"product_brand","embeddable":true,"href":"https:\/\/novatronicec.com\/index.php\/wp-json\/wp\/v2\/product_brand?post=7216"},{"taxonomy":"product_cat","embeddable":true,"href":"https:\/\/novatronicec.com\/index.php\/wp-json\/wp\/v2\/product_cat?post=7216"},{"taxonomy":"product_tag","embeddable":true,"href":"https:\/\/novatronicec.com\/index.php\/wp-json\/wp\/v2\/product_tag?post=7216"}],"curies":[{"name":"wp","href":"https:\/\/api.w.org\/{rel}","templated":true}]}}