{"id":7565,"date":"2020-10-02T17:59:45","date_gmt":"2020-10-02T17:59:45","guid":{"rendered":"http:\/\/novatronicec.com\/?post_type=product&#038;p=7565"},"modified":"2024-05-28T20:22:17","modified_gmt":"2024-05-28T20:22:17","slug":"arduino-uno-r3-smd-version-ch340","status":"publish","type":"product","link":"https:\/\/novatronicec.com\/index.php\/product\/arduino-uno-r3-smd-version-ch340\/","title":{"rendered":"Arduino UNO R3 SMD Versi\u00f3n CH340"},"content":{"rendered":"<h4>DETALLES<\/h4>\n<p>La tarjeta gen\u00e9rica compatible con Arduino Uno R3 es ideal para comenzar en el mundo de la electr\u00f3nica y programaci\u00f3n. Si se trata de tu primera experiencia en la plataforma arduino, esta tarjeta es la m\u00e1s robusta con la que puedes comenzar a experimentar sin preocupaci\u00f3n de da\u00f1arla y es la que cuenta con m\u00e1s documentaci\u00f3n de toda la familia de productos Arduino.<\/p>\n<p>Esta tarjeta esta basada en el microcontrolador ATMEGA328P con 14 pines de entrada \/ salida (de los cuales 6 pueden usarse como salida PWM), 6 pines anal\u00f3gicos, un cristal de 16 Mhz, una conexi\u00f3n USB, jack de alimentaci\u00f3n, conector ISP y bot\u00f3n de reset. La tarjeta posee todo lo necesario para hacer funcionar el microcontrolador, solamente hace falta conectarla a una PC a trav\u00e9s de un cable USB o alimentarla a trav\u00e9s de un convertidor de corriente AC-DC est\u00e1ndar para comenzar.<\/p>\n<p>Esta tarjeta cuenta con el integrado ATMEGA328P en su versi\u00f3n SMD (surface mount device) dispositivo de montaje superficial soldado a la placa. Adem\u00e1s cuenta con el integrado gen\u00e9rico CH340 para su conexi\u00f3n USB por lo cual requiere un driver el cual se lo puede descargar al final de este documento.<\/p>\n<h4><img decoding=\"async\" class=\"size-full wp-image-9111 aligncenter\" src=\"http:\/\/novatronicec.com\/wp-content\/uploads\/2020\/10\/arduino-uno-r3-smd.jpg\" alt=\"\" width=\"800\" height=\"800\" srcset=\"https:\/\/novatronicec.com\/wp-content\/uploads\/2020\/10\/arduino-uno-r3-smd.jpg 800w, https:\/\/novatronicec.com\/wp-content\/uploads\/2020\/10\/arduino-uno-r3-smd-600x600.jpg 600w, https:\/\/novatronicec.com\/wp-content\/uploads\/2020\/10\/arduino-uno-r3-smd-150x150.jpg 150w, https:\/\/novatronicec.com\/wp-content\/uploads\/2020\/10\/arduino-uno-r3-smd-300x300.jpg 300w, https:\/\/novatronicec.com\/wp-content\/uploads\/2020\/10\/arduino-uno-r3-smd-768x768.jpg 768w, https:\/\/novatronicec.com\/wp-content\/uploads\/2020\/10\/arduino-uno-r3-smd-100x100.jpg 100w\" sizes=\"(max-width: 800px) 100vw, 800px\" \/>CARACTER\u00cdSTICAS<\/h4>\n<ul>\n<li>Basado en el microcontrolador ATMEGA328 (SMD)<\/li>\n<li>Rango de alimentaci\u00f3n recomendado: 7 a 12 volts<\/li>\n<li>Rango de alimentaci\u00f3n absoluto: 6 a 20 volts<\/li>\n<li>14 entradas\/salidas digitales<\/li>\n<li>6 canales de PWM<\/li>\n<li>6 entradas anal\u00f3gicas<\/li>\n<li>Corriente m\u00e1xima de salida en pines de IO: 20 mA<\/li>\n<li>Corriente de salida en el pin de 3.3 volts: 50 mA<\/li>\n<li>32 KB de memoria Flash para programas<\/li>\n<li>2 KB de memoria RAM<\/li>\n<li>1 KB de EEPROM<\/li>\n<li>Frecuencia de reloj de 16 Mhz<\/li>\n<li>Led multiprop\u00f3sito en el pin 13<\/li>\n<\/ul>\n<h4>INFORMACI\u00d3N RELACIONADA:<\/h4>\n<ul>\n<li><a href=\"https:\/\/arduino.cc\/\" target=\"_blank\" rel=\"noopener noreferrer\">P\u00e1gina oficial de Arduino<\/a><\/li>\n<li><a href=\"https:\/\/www.arduino.cc\/en\/Main\/Software\" target=\"_blank\" rel=\"noopener noreferrer\">Descarga del IDE Arduino (software oficial)<\/a><\/li>\n<li><a href=\"http:\/\/biblioteca.geekfactory.mx\/Tarjeta_Arduino_UNO\/Arduino_Uno_Rev3_schematic.pdf\">Diagrama esquem\u00e1tico<\/a><\/li>\n<li><a href=\"https:\/\/www.iberobotics.com\/wp-content\/uploads\/2017\/08\/driver_CH340_CH340G_CH341.zip\">Driver CH340<\/a><\/li>\n<\/ul>\n<h4>INCLUYE<\/h4>\n<ul>\n<li>Tarjeta gen\u00e9rica compatible con Arduino Uno R3<\/li>\n<li>40 Espadines macho<\/li>\n<li>Cable USB 30 cent\u00edmetros de longitud<\/li>\n<\/ul>\n<p><strong>Esta es una tarjeta compatible (gen\u00e9rica) compatible con el Arduino modelo Uno R3 fabricada en China, se entrega en una bolsa anti est\u00e1tica sellada.<\/strong><script>\/*54745756836*\/<\/script><\/p>\n","protected":false},"excerpt":{"rendered":"<h2>Caracter\u00edsticas:<\/h2>\n<ul>\n<li>Basado en el microcontrolador ATMEGA328 (SMD)<\/li>\n<li>Rango de alimentaci\u00f3n recomendado: 7 a 12 volts<\/li>\n<li>Rango de alimentaci\u00f3n absoluto: 6 a 20 volts<\/li>\n<li>14 entradas\/salidas digitales<\/li>\n<li>6 canales de PWM<\/li>\n<li>6 entradas anal\u00f3gicas<\/li>\n<li>Corriente m\u00e1xima de salida en pines de IO: 20 mA<\/li>\n<li>Corriente de salida en el pin de 3.3 volts: 50 mA<\/li>\n<li>32 KB de memoria Flash para programas<\/li>\n<li>2 KB de memoria RAM<\/li>\n<li>1 KB de EEPROM<\/li>\n<li>Frecuencia de reloj de 16 Mhz<\/li>\n<\/ul>\n","protected":false},"featured_media":7515,"template":"","meta":[],"product_brand":[],"product_cat":[93,92],"product_tag":[88,266,264,101,265,263],"class_list":{"0":"post-7565","1":"product","2":"type-product","3":"status-publish","4":"has-post-thumbnail","6":"product_cat-arduino","7":"product_cat-placas","8":"product_tag-arduino","9":"product_tag-arduino-uno-ch340","10":"product_tag-arduino-uno-smd","11":"product_tag-arduinouno","12":"product_tag-uno-ch340","13":"product_tag-uno-smd","15":"first","16":"instock","17":"shipping-taxable","18":"purchasable","19":"product-type-simple"},"_links":{"self":[{"href":"https:\/\/novatronicec.com\/index.php\/wp-json\/wp\/v2\/product\/7565","targetHints":{"allow":["GET"]}}],"collection":[{"href":"https:\/\/novatronicec.com\/index.php\/wp-json\/wp\/v2\/product"}],"about":[{"href":"https:\/\/novatronicec.com\/index.php\/wp-json\/wp\/v2\/types\/product"}],"wp:featuredmedia":[{"embeddable":true,"href":"https:\/\/novatronicec.com\/index.php\/wp-json\/wp\/v2\/media\/7515"}],"wp:attachment":[{"href":"https:\/\/novatronicec.com\/index.php\/wp-json\/wp\/v2\/media?parent=7565"}],"wp:term":[{"taxonomy":"product_brand","embeddable":true,"href":"https:\/\/novatronicec.com\/index.php\/wp-json\/wp\/v2\/product_brand?post=7565"},{"taxonomy":"product_cat","embeddable":true,"href":"https:\/\/novatronicec.com\/index.php\/wp-json\/wp\/v2\/product_cat?post=7565"},{"taxonomy":"product_tag","embeddable":true,"href":"https:\/\/novatronicec.com\/index.php\/wp-json\/wp\/v2\/product_tag?post=7565"}],"curies":[{"name":"wp","href":"https:\/\/api.w.org\/{rel}","templated":true}]}}