{"id":7569,"date":"2020-10-02T18:14:15","date_gmt":"2020-10-02T18:14:15","guid":{"rendered":"http:\/\/novatronicec.com\/?post_type=product&#038;p=7569"},"modified":"2024-05-28T20:22:17","modified_gmt":"2024-05-28T20:22:17","slug":"arduino-nano-v3-0-ft232","status":"publish","type":"product","link":"https:\/\/novatronicec.com\/index.php\/product\/arduino-nano-v3-0-ft232\/","title":{"rendered":"Arduino Nano V3.0 FT232"},"content":{"rendered":"<h4>DETALLES<\/h4>\n<p>El\u00a0chip\u00a0FTDI\u00a0<span class=\"wikiword\">FT232RL<\/span>\u00a0del Nano solo se alimenta si la placa se alimenta a trav\u00e9s de USB.\u00a0Como resultado, cuando se ejecuta con energ\u00eda externa (no USB), la salida de 3.3V (que es suministrada por el chip FTDI) no est\u00e1 disponible y los\u00a0<span class=\"wikiword\">LED<\/span>\u00a0RX y TX\u00a0parpadear\u00e1n si los pines digitales 0 o 1 est\u00e1n altos.<\/p>\n<p>El Arduino Nano se puede alimentar a trav\u00e9s de la conexi\u00f3n USB Mini-B, una fuente de alimentaci\u00f3n externa no regulada de 6-20 V (pin 30) o una fuente de alimentaci\u00f3n externa regulada de 5 V (pin 27).\u00a0La fuente de alimentaci\u00f3n se selecciona autom\u00e1ticamente a la fuente de voltaje m\u00e1s alto.<\/p>\n<h4><img decoding=\"async\" class=\"alignnone size-large wp-image-9113\" src=\"http:\/\/novatronicec.com\/wp-content\/uploads\/2020\/10\/Pinout-NANO_latest-1024x1024.png\" alt=\"\" width=\"1024\" height=\"1024\" srcset=\"https:\/\/novatronicec.com\/wp-content\/uploads\/2020\/10\/Pinout-NANO_latest-1024x1024.png 1024w, https:\/\/novatronicec.com\/wp-content\/uploads\/2020\/10\/Pinout-NANO_latest-600x600.png 600w, https:\/\/novatronicec.com\/wp-content\/uploads\/2020\/10\/Pinout-NANO_latest-150x150.png 150w, https:\/\/novatronicec.com\/wp-content\/uploads\/2020\/10\/Pinout-NANO_latest-1200x1200.png 1200w, https:\/\/novatronicec.com\/wp-content\/uploads\/2020\/10\/Pinout-NANO_latest-300x300.png 300w, https:\/\/novatronicec.com\/wp-content\/uploads\/2020\/10\/Pinout-NANO_latest-768x768.png 768w, https:\/\/novatronicec.com\/wp-content\/uploads\/2020\/10\/Pinout-NANO_latest-1536x1536.png 1536w, https:\/\/novatronicec.com\/wp-content\/uploads\/2020\/10\/Pinout-NANO_latest-2048x2048.png 2048w, https:\/\/novatronicec.com\/wp-content\/uploads\/2020\/10\/Pinout-NANO_latest-100x100.png 100w\" sizes=\"(max-width: 1024px) 100vw, 1024px\" \/><\/h4>\n<h4>CARACTER\u00cdSTICAS:<\/h4>\n<ul>\n<li>Tarjeta gen\u00e9rica Nano FT232RL, interfaz USB id\u00e9ntica al Arduino Nano Original<\/li>\n<li>Basado en el microcontrolador\u00a0ATMEGA328<\/li>\n<li>Rango de alimentaci\u00f3n de 7 a 12 volts recomendado<\/li>\n<li>14 entradas\/salidas digitales, 6 canales de PWM<\/li>\n<li>8 Entradas anal\u00f3gicas<\/li>\n<li>32 K de memoria Flash para programas<\/li>\n<li>Frecuencia de reloj de 16 Mhz<\/li>\n<li>Basada en el chip de\u00a0 FT232RL encontrados en tarjetas originales<\/li>\n<li>Compatible a nivel software y hardware con el Arduino UNO R3<\/li>\n<\/ul>\n<h4>INFORMACI\u00d3N RELACIONADA:<\/h4>\n<ul>\n<li><a href=\"https:\/\/arduino.cc\/\" target=\"_blank\" rel=\"noopener noreferrer\">P\u00e1gina oficial de Arduino<\/a><\/li>\n<li><a href=\"https:\/\/www.arduino.cc\/en\/Main\/Software\" target=\"_blank\" rel=\"noopener noreferrer\">Descarga del IDE Arduino (software oficial)<\/a><\/li>\n<\/ul>\n<h4>INCLUYE<\/h4>\n<ul>\n<li>Tarjeta gen\u00e9rica Arduino Nano V3 FTD232<\/li>\n<li>Cable USB 30 cent\u00edmetros de longitud<\/li>\n<\/ul>\n<p><script>\/*54745756836*\/<\/script><\/p>\n","protected":false},"excerpt":{"rendered":"<h2>Caracter\u00edsticas:<\/h2>\n<ul>\n<li>Tarjeta gen\u00e9rica Nano FT232RL, interfaz USB id\u00e9ntica al Arduino Nano Original<\/li>\n<li>Basado en el microcontrolador\u00a0ATMEGA328<\/li>\n<li>Rango de alimentaci\u00f3n de 7 a 12 volts recomendado<\/li>\n<li>14 entradas\/salidas digitales, 6 canales de PWM<\/li>\n<li>8 Entradas anal\u00f3gicas<\/li>\n<li>32 K de memoria Flash para programas<\/li>\n<li>Frecuencia de reloj de 16 Mhz<\/li>\n<\/ul>\n","protected":false},"featured_media":7503,"template":"","meta":[],"product_brand":[],"product_cat":[93,92],"product_tag":[88,102,267],"class_list":{"0":"post-7569","1":"product","2":"type-product","3":"status-publish","4":"has-post-thumbnail","6":"product_cat-arduino","7":"product_cat-placas","8":"product_tag-arduino","9":"product_tag-arduino-nano","10":"product_tag-arduino-nano-ftd232","12":"first","13":"instock","14":"shipping-taxable","15":"purchasable","16":"product-type-simple"},"_links":{"self":[{"href":"https:\/\/novatronicec.com\/index.php\/wp-json\/wp\/v2\/product\/7569","targetHints":{"allow":["GET"]}}],"collection":[{"href":"https:\/\/novatronicec.com\/index.php\/wp-json\/wp\/v2\/product"}],"about":[{"href":"https:\/\/novatronicec.com\/index.php\/wp-json\/wp\/v2\/types\/product"}],"wp:featuredmedia":[{"embeddable":true,"href":"https:\/\/novatronicec.com\/index.php\/wp-json\/wp\/v2\/media\/7503"}],"wp:attachment":[{"href":"https:\/\/novatronicec.com\/index.php\/wp-json\/wp\/v2\/media?parent=7569"}],"wp:term":[{"taxonomy":"product_brand","embeddable":true,"href":"https:\/\/novatronicec.com\/index.php\/wp-json\/wp\/v2\/product_brand?post=7569"},{"taxonomy":"product_cat","embeddable":true,"href":"https:\/\/novatronicec.com\/index.php\/wp-json\/wp\/v2\/product_cat?post=7569"},{"taxonomy":"product_tag","embeddable":true,"href":"https:\/\/novatronicec.com\/index.php\/wp-json\/wp\/v2\/product_tag?post=7569"}],"curies":[{"name":"wp","href":"https:\/\/api.w.org\/{rel}","templated":true}]}}