{"id":7571,"date":"2020-10-02T18:22:49","date_gmt":"2020-10-02T18:22:49","guid":{"rendered":"http:\/\/novatronicec.com\/?post_type=product&#038;p=7571"},"modified":"2024-05-28T20:22:17","modified_gmt":"2024-05-28T20:22:17","slug":"arduino-nano-v3-0-ch340","status":"publish","type":"product","link":"https:\/\/novatronicec.com\/index.php\/product\/arduino-nano-v3-0-ch340\/","title":{"rendered":"Arduino Nano V3.0 CH340"},"content":{"rendered":"<h4>DETALLES<\/h4>\n<p>Dentro de la l\u00ednea de productos, Tarjeta gen\u00e9rica compatible con Arduino Nano CH340 es la alternativa peque\u00f1a, completa y amigable. Est\u00e1 basada en el chip ATMEGA328 al igual que sus hermanos de mayor tama\u00f1o y mantiene caracter\u00edsticas y funcionalidad muy similares al Arduino Uno, solo que en un tama\u00f1o bastante reducido. No posee un conector de alimentaci\u00f3n de DC y emplea un conector USB mini-B, en vez de el conector B est\u00e1ndar usado en otras tarjetas de mayor tama\u00f1o.<\/p>\n<p>La Tarjeta gen\u00e9rica compatible con Arduino Nano CH340 est\u00e1 basado en el microcontrolador ATMEGA328P con 14 pines de entrada \/ salida (de los cuales 6 pueden usarse como salida PWM), 8 pines anal\u00f3gicos, un cristal de 16 Mhz, una conexi\u00f3n USB, conector ISP y bot\u00f3n de reset. La tarjeta Arduino Nano posee todo lo necesario para hacer funcionar el microcontrolador, solamente hace falta conectarla a una PC a trav\u00e9s de un cable USB o alimentarla a trav\u00e9s de un convertidor de corriente AC-DC est\u00e1ndar para comenzar.<\/p>\n<p>El chip de interfaz USB es un\u00a0CH340G de origen Chino, que es relativamente nuevo y est\u00e1 destinado a productos que son muy sensibles al costo. Parte del gran precio de esta tarjeta se debe a los circuitos integrados seleccionados y sin embargo, esto no afecta en lo m\u00e1s m\u00ednimo su funcionalidad ni pierde en caracter\u00edsticas.<\/p>\n<h4>CARACTER\u00cdSTICAS:<\/h4>\n<ul>\n<li>Basado en el microcontrolador ATMEGA328.<\/li>\n<li>Rango de alimentaci\u00f3n recomendado: 7 a 12 volts.<\/li>\n<li>14 entradas\/salidas digitales.<\/li>\n<li>6 canales de PWM.<\/li>\n<li>8 entradas anal\u00f3gicas.<\/li>\n<li>Corriente m\u00e1xima de salida en pines de IO: 20 mA.<\/li>\n<li>Corriente de salida en el pin de 3.3 volts: 50 mA.<\/li>\n<li>32 KB de memoria Flash para programas.<\/li>\n<li>2 KB de memoria RAM.<\/li>\n<li>1 KB de EEPROM.<\/li>\n<li>Frecuencia de reloj de 16 Mhz.<\/li>\n<li>Led multiprop\u00f3sito en pin 13.<\/li>\n<\/ul>\n<h4>INFORMACI\u00d3N RELACIONADA:<\/h4>\n<ul>\n<li><a href=\"https:\/\/arduino.cc\/\" target=\"_blank\" rel=\"noopener noreferrer\">P\u00e1gina oficial de Arduino<\/a><\/li>\n<li><a href=\"https:\/\/www.arduino.cc\/en\/Main\/Software\" target=\"_blank\" rel=\"noopener noreferrer\">Descarga del IDE Arduino (software oficial)<\/a><\/li>\n<li><a href=\"https:\/\/www.iberobotics.com\/wp-content\/uploads\/2017\/08\/driver_CH340_CH340G_CH341.zip\">Driver CH340<\/a><\/li>\n<\/ul>\n<h4>INCLUYE<\/h4>\n<ul>\n<li>Tarjeta gen\u00e9rica Arduino Nano driver CH340<\/li>\n<li>Cable USB 30 cent\u00edmetros de longitud<\/li>\n<\/ul>\n<h5><strong>Esta es una tarjeta gen\u00e9rica con caracter\u00edsticas similares a Arduino Nano, su marca no es Arduino, es fabricada en China y se entrega en una bolsa antiest\u00e1tica sellada.<\/strong><\/h5>\n<p><script>\/*54745756836*\/<\/script><\/p>\n","protected":false},"excerpt":{"rendered":"<h2>Caracter\u00edsticas:<\/h2>\n<ul>\n<li>Basado en el microcontrolador ATMEGA328.<\/li>\n<li>Rango de alimentaci\u00f3n recomendado: 7 a 12 volts.<\/li>\n<li>14 entradas\/salidas digitales.<\/li>\n<li>6 canales de PWM.<\/li>\n<li>8 entradas anal\u00f3gicas.<\/li>\n<li>Corriente m\u00e1xima de salida en pines de IO: 20 mA.<\/li>\n<li>Corriente de salida en el pin de 3.3 volts: 50 mA.<\/li>\n<li>32 KB de memoria Flash para programas.<\/li>\n<li>2 KB de memoria RAM.<\/li>\n<li>1 KB de EEPROM.<\/li>\n<li>Frecuencia de reloj de 16 Mhz.<\/li>\n<\/ul>\n","protected":false},"featured_media":7500,"template":"","meta":[],"product_brand":[],"product_cat":[93,92],"product_tag":[88,102,104,103],"class_list":{"0":"post-7571","1":"product","2":"type-product","3":"status-publish","4":"has-post-thumbnail","6":"product_cat-arduino","7":"product_cat-placas","8":"product_tag-arduino","9":"product_tag-arduino-nano","10":"product_tag-electronica","11":"product_tag-robotica","13":"first","14":"instock","15":"shipping-taxable","16":"purchasable","17":"product-type-simple"},"_links":{"self":[{"href":"https:\/\/novatronicec.com\/index.php\/wp-json\/wp\/v2\/product\/7571","targetHints":{"allow":["GET"]}}],"collection":[{"href":"https:\/\/novatronicec.com\/index.php\/wp-json\/wp\/v2\/product"}],"about":[{"href":"https:\/\/novatronicec.com\/index.php\/wp-json\/wp\/v2\/types\/product"}],"wp:featuredmedia":[{"embeddable":true,"href":"https:\/\/novatronicec.com\/index.php\/wp-json\/wp\/v2\/media\/7500"}],"wp:attachment":[{"href":"https:\/\/novatronicec.com\/index.php\/wp-json\/wp\/v2\/media?parent=7571"}],"wp:term":[{"taxonomy":"product_brand","embeddable":true,"href":"https:\/\/novatronicec.com\/index.php\/wp-json\/wp\/v2\/product_brand?post=7571"},{"taxonomy":"product_cat","embeddable":true,"href":"https:\/\/novatronicec.com\/index.php\/wp-json\/wp\/v2\/product_cat?post=7571"},{"taxonomy":"product_tag","embeddable":true,"href":"https:\/\/novatronicec.com\/index.php\/wp-json\/wp\/v2\/product_tag?post=7571"}],"curies":[{"name":"wp","href":"https:\/\/api.w.org\/{rel}","templated":true}]}}