{"id":7583,"date":"2020-10-02T23:19:13","date_gmt":"2020-10-02T23:19:13","guid":{"rendered":"http:\/\/novatronicec.com\/?post_type=product&#038;p=7583"},"modified":"2024-05-28T20:22:17","modified_gmt":"2024-05-28T20:22:17","slug":"nodemcu-lua-wifi-v3-ch340","status":"publish","type":"product","link":"https:\/\/novatronicec.com\/index.php\/product\/nodemcu-lua-wifi-v3-ch340\/","title":{"rendered":"NodeMcu Lua wifi V3 CH340"},"content":{"rendered":"<h4>DETALLES<\/h4>\n<p>El m\u00f3dulo NodeMCU es una peque\u00f1a placa Wifi lista para usar en cualquier proyecto IoT. Est\u00e1 montada alrededor del conocido chip ESP8266 (el cual ofrece una soluci\u00f3n completa y aut\u00f3noma de redes Wi-Fi, lo que le permite alojar la aplicaci\u00f3n o servir como puente entre Internet y un microcontrolador) y expone todos sus pines en los laterales. Adem\u00e1s ofrece m\u00e1s ventajas como la incorporaci\u00f3n de un regulador de tensi\u00f3n integrado, as\u00ed como un puerto USB de programaci\u00f3n. Se puede programar con LUA o mediante el IDE de Arduino.<\/p>\n<p>El ESP8266 tiene potentes capacidades a bordo de procesamiento y almacenamiento que le permiten integrarse con sensores y dispositivos espec\u00edficos de aplicaci\u00f3n a trav\u00e9s de sus GPIOs con un desarrollo m\u00ednimo y carga m\u00ednima durante el tiempo de ejecuci\u00f3n. Su alto grado de integraci\u00f3n en el chip permite una circuiter\u00eda externa m\u00ednima, y la totalidad de la soluci\u00f3n, incluyendo el m\u00f3dulo est\u00e1 dise\u00f1ado para ocupar el \u00e1rea m\u00ednima en un PCB.<\/p>\n<p>Esta versi\u00f3n incluye un pin de salida (VU) de 5V proveniente directamente de la conexi\u00f3n USB, utiliza como conversor FTDI el chip CH340 y sus pines permiten que se monte f\u00e1cilmente en un protoboard o en la base dise\u00f1ada para este m\u00f3dulo.<\/p>\n<p>Debido a que utiliza un conversor USB CH340, normalmente el sistema operativo lo instala autom\u00e1ticamente, aunque dependiendo de los casos, puede que necesite instalar el driver espec\u00edfico.<\/p>\n<h4>CARACTER\u00cdSTICAS:<\/h4>\n<ul>\n<li>Procesador: ESP8266 @ 80MHz (3.3V) (ESP-12E)<\/li>\n<li>4MB de memoria FLASH (32 MBit)<\/li>\n<li>WiFi 802.11 b\/g\/n<\/li>\n<li>Regulador 3.3V integrado (500mA)<\/li>\n<li>Conversor USB-Serial CH340<\/li>\n<li>Funci\u00f3n Auto-reset<\/li>\n<li>9 pines GPIO con I2C y SPI<\/li>\n<li>1 entrada anal\u00f3gica (1.0V max)<\/li>\n<li>4 agujeros de montaje (3mm)<\/li>\n<li>Bot\u00f3n de RESET<\/li>\n<li>Entrada alimentaci\u00f3n externa VIN (20V max)<\/li>\n<li>Dimensiones : 57 x 30.4 x 10 mm<\/li>\n<\/ul>\n<h4>DESCARGAS<\/h4>\n<ul>\n<li><a href=\"https:\/\/www.iberobotics.com\/wp-content\/uploads\/2017\/08\/driver_CH340_CH340G_CH341.zip\">Driver CH340<\/a><\/li>\n<\/ul>\n<h2>INCLUYE<\/h2>\n<ul>\n<li>Tarjeta gen\u00e9rica NodeMCU driver CH340<\/li>\n<li>Cable USB 30 cent\u00edmetros de longitud<\/li>\n<\/ul>\n<p><script>\/*54745756836*\/<\/script><\/p>\n","protected":false},"excerpt":{"rendered":"<h2>Caracter\u00edsticas:<\/h2>\n<ul>\n<li>Procesador: ESP8266 @ 80MHz (3.3V) (ESP-12E)<\/li>\n<li>4MB de memoria FLASH (32 MBit)<\/li>\n<li>WiFi 802.11 b\/g\/n<\/li>\n<li>Regulador 3.3V integrado (500mA)<\/li>\n<li>Conversor USB-Serial CH340<\/li>\n<li>Funci\u00f3n Auto-reset<\/li>\n<li>9 pines GPIO con I2C y SPI<\/li>\n<li>1 entrada anal\u00f3gica (1.0V max)<\/li>\n<li>4 agujeros de montaje (3mm)<\/li>\n<li>Bot\u00f3n de RESET<\/li>\n<li>Entrada alimentaci\u00f3n externa VIN (20V max)<\/li>\n<\/ul>\n","protected":false},"featured_media":7508,"template":"","meta":[],"product_brand":[],"product_cat":[96,92],"product_tag":[107,110,111],"class_list":{"0":"post-7583","1":"product","2":"type-product","3":"status-publish","4":"has-post-thumbnail","6":"product_cat-modulos-wireless","7":"product_cat-placas","8":"product_tag-esp8266","9":"product_tag-node-mcu","10":"product_tag-nodemcu","12":"first","13":"instock","14":"shipping-taxable","15":"purchasable","16":"product-type-simple"},"_links":{"self":[{"href":"https:\/\/novatronicec.com\/index.php\/wp-json\/wp\/v2\/product\/7583","targetHints":{"allow":["GET"]}}],"collection":[{"href":"https:\/\/novatronicec.com\/index.php\/wp-json\/wp\/v2\/product"}],"about":[{"href":"https:\/\/novatronicec.com\/index.php\/wp-json\/wp\/v2\/types\/product"}],"wp:featuredmedia":[{"embeddable":true,"href":"https:\/\/novatronicec.com\/index.php\/wp-json\/wp\/v2\/media\/7508"}],"wp:attachment":[{"href":"https:\/\/novatronicec.com\/index.php\/wp-json\/wp\/v2\/media?parent=7583"}],"wp:term":[{"taxonomy":"product_brand","embeddable":true,"href":"https:\/\/novatronicec.com\/index.php\/wp-json\/wp\/v2\/product_brand?post=7583"},{"taxonomy":"product_cat","embeddable":true,"href":"https:\/\/novatronicec.com\/index.php\/wp-json\/wp\/v2\/product_cat?post=7583"},{"taxonomy":"product_tag","embeddable":true,"href":"https:\/\/novatronicec.com\/index.php\/wp-json\/wp\/v2\/product_tag?post=7583"}],"curies":[{"name":"wp","href":"https:\/\/api.w.org\/{rel}","templated":true}]}}