{"id":7585,"date":"2020-10-03T15:43:14","date_gmt":"2020-10-03T15:43:14","guid":{"rendered":"http:\/\/novatronicec.com\/?post_type=product&#038;p=7585"},"modified":"2024-05-28T20:22:17","modified_gmt":"2024-05-28T20:22:17","slug":"microcomputador-stm32","status":"publish","type":"product","link":"https:\/\/novatronicec.com\/index.php\/product\/microcomputador-stm32\/","title":{"rendered":"Tarjeta STM32 Cortex-M3"},"content":{"rendered":"<h4>DETALLES<\/h4>\n<p>Esta tarjeta de desarrollo de bajo costo con el microcontrolador ARM \u2013 STM32F103C8T6, es adecuado para tanto para expertos como aficionados, novatos y alumnos que quieran aprender sobre el microcontrolador STM32 con n\u00facleo ARM Coretex-M3 de 32 bits.<\/p>\n<p>La familia STM32F103xx incorpora el n\u00facleo RISC de 32 bits ARM\u00aeCortex-M3 de alto rendimiento que funciona a una frecuencia de 72 MHz, memorias integradas de alta velocidad (memoria Flash de hasta 128 Kbytes y SRAM de hasta 20 Kbytes) , y una amplia gama de I\/O y perif\u00e9ricos mejorados conectados a dos buses APB. Todos los dispositivos ofrecen dos ADC de 12 bits, tres temporizadores de 16 bits de uso general m\u00e1s un temporizador PWM, as\u00ed como interfaces de comunicaci\u00f3n est\u00e1ndar y avanzada: hasta dos I2C y SPI, tres USART, un USB y un CAN.<\/p>\n<p>Esta tarjeta tambi\u00e9n es compatible con el IDE de desarrollo de Arduino mediante la\u00a0<a href=\"https:\/\/github.com\/rogerclarkmelbourne\/Arduino_STM32\">instalaci\u00f3n de unas librerias adicionales<\/a>.<\/p>\n<h4>CARACTER\u00cdSTICAS:<\/h4>\n<ul>\n<li>Modelo: STM32F103C8T6.<\/li>\n<li>N\u00facleo: CPU ARM 32 Cortex-M3.<\/li>\n<li>Modo de depuraci\u00f3n: SWD.<\/li>\n<li>Frecuencia de trabajo de 72MHz.<\/li>\n<li>Memoria flash de 64K, 20K SRAM.<\/li>\n<li>Potencia 2.0-3.6V, I\/O. Reset (POR \/ PDR).<\/li>\n<li>Cristal de 4-16MHz.<\/li>\n<li>En la interfaz Mini USB incorporada, puede proporcionar a la placa la fuente de alimentaci\u00f3n y la comunicaci\u00f3n USB.<\/li>\n<li>Dimensiones: 5.3cm x 2.2cm.<\/li>\n<\/ul>\n<p><script>\/*54745756836*\/<\/script><\/p>\n","protected":false},"excerpt":{"rendered":"<h2>Caracter\u00edsticas:<\/h2>\n<ul>\n<li>Modelo: STM32F103C8T6.<\/li>\n<li>N\u00facleo: CPU ARM 32 Cortex-M3.<\/li>\n<li>Modo de depuraci\u00f3n: SWD.<\/li>\n<li>Frecuencia de trabajo de 72MHz.<\/li>\n<li>Memoria flash de 64K, 20K SRAM.<\/li>\n<li>Potencia 2.0-3.6V, I\/O. Reset (POR \/ PDR).<\/li>\n<li>Cristal de 4-16MHz.<\/li>\n<\/ul>\n","protected":false},"featured_media":7511,"template":"","meta":[],"product_brand":[],"product_cat":[97,92],"product_tag":[112,113,114],"class_list":{"0":"post-7585","1":"product","2":"type-product","3":"status-publish","4":"has-post-thumbnail","6":"product_cat-otras-placas","7":"product_cat-placas","8":"product_tag-placa-de-desarrollo","9":"product_tag-stm32","10":"product_tag-stm32f103c8t6","12":"first","13":"outofstock","14":"shipping-taxable","15":"purchasable","16":"product-type-simple"},"_links":{"self":[{"href":"https:\/\/novatronicec.com\/index.php\/wp-json\/wp\/v2\/product\/7585","targetHints":{"allow":["GET"]}}],"collection":[{"href":"https:\/\/novatronicec.com\/index.php\/wp-json\/wp\/v2\/product"}],"about":[{"href":"https:\/\/novatronicec.com\/index.php\/wp-json\/wp\/v2\/types\/product"}],"wp:featuredmedia":[{"embeddable":true,"href":"https:\/\/novatronicec.com\/index.php\/wp-json\/wp\/v2\/media\/7511"}],"wp:attachment":[{"href":"https:\/\/novatronicec.com\/index.php\/wp-json\/wp\/v2\/media?parent=7585"}],"wp:term":[{"taxonomy":"product_brand","embeddable":true,"href":"https:\/\/novatronicec.com\/index.php\/wp-json\/wp\/v2\/product_brand?post=7585"},{"taxonomy":"product_cat","embeddable":true,"href":"https:\/\/novatronicec.com\/index.php\/wp-json\/wp\/v2\/product_cat?post=7585"},{"taxonomy":"product_tag","embeddable":true,"href":"https:\/\/novatronicec.com\/index.php\/wp-json\/wp\/v2\/product_tag?post=7585"}],"curies":[{"name":"wp","href":"https:\/\/api.w.org\/{rel}","templated":true}]}}