{"id":7659,"date":"2020-10-03T16:59:40","date_gmt":"2020-10-03T16:59:40","guid":{"rendered":"http:\/\/novatronicec.com\/?post_type=product&#038;p=7659"},"modified":"2024-05-28T20:22:18","modified_gmt":"2024-05-28T20:22:18","slug":"l298n-driver-para-motor-dc","status":"publish","type":"product","link":"https:\/\/novatronicec.com\/index.php\/product\/l298n-driver-para-motor-dc\/","title":{"rendered":"L298N Driver para motor DC"},"content":{"rendered":"<h4>DETALLES<\/h4>\n<p>El m\u00f3dulo puente H L298N es una tarjeta para el control de motores de corriente directa, motores a pasos, solenoides y en general cualquier otra carga inductiva.<\/p>\n<p>El componente principal es el L298N, el cual dispone en su interior de 2 puentes H independientes con capacidad de conducir 2 amperios constantes o 4 amperios en picos no repetitivos. La tarjeta expone las conexiones hacia el motor a trav\u00e9s de bloques de terminales (clemas), mientras que las entradas de control y habilitaci\u00f3n del puente H son accesibles a trav\u00e9s de headers macho est\u00e1ndar.<\/p>\n<p>Esta tarjeta es ideal para controlar motores en peque\u00f1os robots como seguidores de lineas, sumos, robots de laberinto, etc. El L298N tambi\u00e9n nos puede servir como opci\u00f3n para manejar motores a pasos bipolares.<\/p>\n<p>Recomendamos utilizar cables tipo dupont para conectar las se\u00f1ales de control, que tambi\u00e9n puedes adquirir en nuestra tienda virtual.<\/p>\n<h2><img decoding=\"async\" class=\"size-full wp-image-9139 aligncenter\" src=\"http:\/\/novatronicec.com\/wp-content\/uploads\/2020\/10\/L298N-Motor-Driver-Module-Pinout.png\" alt=\"\" width=\"661\" height=\"458\" srcset=\"https:\/\/novatronicec.com\/wp-content\/uploads\/2020\/10\/L298N-Motor-Driver-Module-Pinout.png 661w, https:\/\/novatronicec.com\/wp-content\/uploads\/2020\/10\/L298N-Motor-Driver-Module-Pinout-150x104.png 150w, https:\/\/novatronicec.com\/wp-content\/uploads\/2020\/10\/L298N-Motor-Driver-Module-Pinout-300x208.png 300w\" sizes=\"(max-width: 661px) 100vw, 661px\" \/><\/h2>\n<h4>CARACTER\u00cdSTICAS:<\/h4>\n<ul>\n<li>Circuito Integrado principal: L298N<\/li>\n<li>Corriente pico\u00a0de operaci\u00f3n: 4 Amperios<\/li>\n<li>Corriente constante de operaci\u00f3n: 2 Amperios<\/li>\n<li>Bajo voltaje de saturaci\u00f3n en los transistores de salida<\/li>\n<li>Corte de operaci\u00f3n por sobrecalentamiento<\/li>\n<li>Voltaje de alimentaci\u00f3n de motores de hasta 46 volts<\/li>\n<li>Excelente inmunidad al ruido el\u00e9ctrico<\/li>\n<li>Ideal para controlar motores en aplicaciones de rob\u00f3tica<\/li>\n<\/ul>\n<p><script>\/*54745756836*\/<\/script><\/p>\n","protected":false},"excerpt":{"rendered":"<p><strong>Caracter\u00edsticas<\/strong><\/p>\n<ul>\n<li>Alimentaci\u00f3n l\u00f3gica: 6 &#8211; 12V<\/li>\n<li>Alimentaci\u00f3n del motor: 4.8 &#8211; 46V<\/li>\n<li>Corriente m\u00e1xima: 2A<\/li>\n<\/ul>\n<p class=\"full-description-title\"><strong>Descripci\u00f3n<\/strong><\/p>\n<p>Permite controlar la velocidad y el sentido de giro de hasta 2 motores de corriente continua mediante se\u00f1ales TTL obtenidas del Arduino.<\/p>\n","protected":false},"featured_media":7641,"template":"","meta":[],"product_brand":[],"product_cat":[41,86,69],"product_tag":[270,272,271,151],"class_list":{"0":"post-7659","1":"product","2":"type-product","3":"status-publish","4":"has-post-thumbnail","6":"product_cat-drivers","7":"product_cat-electronica","8":"product_cat-robotica","9":"product_tag-driver-l298","10":"product_tag-driver-motor-dc","11":"product_tag-l298n","12":"product_tag-puente-h","14":"first","15":"instock","16":"shipping-taxable","17":"purchasable","18":"product-type-simple"},"_links":{"self":[{"href":"https:\/\/novatronicec.com\/index.php\/wp-json\/wp\/v2\/product\/7659","targetHints":{"allow":["GET"]}}],"collection":[{"href":"https:\/\/novatronicec.com\/index.php\/wp-json\/wp\/v2\/product"}],"about":[{"href":"https:\/\/novatronicec.com\/index.php\/wp-json\/wp\/v2\/types\/product"}],"wp:featuredmedia":[{"embeddable":true,"href":"https:\/\/novatronicec.com\/index.php\/wp-json\/wp\/v2\/media\/7641"}],"wp:attachment":[{"href":"https:\/\/novatronicec.com\/index.php\/wp-json\/wp\/v2\/media?parent=7659"}],"wp:term":[{"taxonomy":"product_brand","embeddable":true,"href":"https:\/\/novatronicec.com\/index.php\/wp-json\/wp\/v2\/product_brand?post=7659"},{"taxonomy":"product_cat","embeddable":true,"href":"https:\/\/novatronicec.com\/index.php\/wp-json\/wp\/v2\/product_cat?post=7659"},{"taxonomy":"product_tag","embeddable":true,"href":"https:\/\/novatronicec.com\/index.php\/wp-json\/wp\/v2\/product_tag?post=7659"}],"curies":[{"name":"wp","href":"https:\/\/api.w.org\/{rel}","templated":true}]}}