{"id":7674,"date":"2020-10-12T19:35:35","date_gmt":"2020-10-12T19:35:35","guid":{"rendered":"http:\/\/novatronicec.com\/?post_type=product&#038;p=7674"},"modified":"2026-01-17T17:54:54","modified_gmt":"2026-01-17T17:54:54","slug":"driver-a4988-para-motor-paso-a-paso-2","status":"publish","type":"product","link":"https:\/\/novatronicec.com\/index.php\/product\/driver-a4988-para-motor-paso-a-paso-2\/","title":{"rendered":"Driver A4988 para motor paso a paso"},"content":{"rendered":"<h4>DETALLES<\/h4>\n<p>El driver para motor a pasos A4988 cuenta con ajuste de corriente, protecci\u00f3n de sobre-corriente y sobre temperatura y 16 resoluciones de \u201cmicro-stepping\u201d para lograr hasta 1\/16 de paso. Opera en un rango de 8 a 35 volts y puede entregas hasta 1A por fase sin la necesidad de utilizar un disipador de calor o sistema de ventilaci\u00f3n forzado. Se pueden lograr corrientes de hasta 2A utilizando disipadores de calor y ventiladores.<\/p>\n<p>Este producto es una tarjeta que porta el A4988 de Allegro Semiconductor, por lo que recomendamos encarecidamente a nuestros clientes leer la hoja de datos correspondiente al componente principal para entender su funcionamiento y limitantes del m\u00f3dulo. El Driver para motor a pasos A4988 resulta ideal para manejar motores a pasos bipolares de hasta 2 amperes por bobina de una manera sencilla mediante los pines digitales de un microcontrolador, siendo su principal aplicaci\u00f3n maquinas CNC, impresoras 3D y robots.<\/p>\n<h4>CARACTER\u00cdSTICAS:<\/h4>\n<ul>\n<li>Voltaje de operaci\u00f3n de 8 a 35 volts<\/li>\n<li>M\u00e1xima corriente por bobina: 2 Amperes<\/li>\n<li>Capacidad de \u201cmicro-stepping\u201d<\/li>\n<li>Interfaz simple de 2 pines con el microcontrolador: Pines STEP y DIRECTION<\/li>\n<li>5 Diferentes resoluciones: Paso completo, 1\/2 de paso, 1\/4 de paso, 1\/8 de paso y 1\/16 de paso.<\/li>\n<li>Control de corriente ajustable mediante un potenci\u00f3metro en el m\u00f3dulo<\/li>\n<li>Protecci\u00f3n por sobre-temperatura, bajo voltaje, corto y otras condiciones de error comunes<\/li>\n<\/ul>\n<p>&nbsp;<\/p>\n<h3><img decoding=\"async\" class=\"size-full wp-image-9149 aligncenter\" src=\"http:\/\/novatronicec.com\/wp-content\/uploads\/2020\/10\/0J3360.600.png\" alt=\"\" width=\"600\" height=\"363\" srcset=\"https:\/\/novatronicec.com\/wp-content\/uploads\/2020\/10\/0J3360.600.png 600w, https:\/\/novatronicec.com\/wp-content\/uploads\/2020\/10\/0J3360.600-150x91.png 150w, https:\/\/novatronicec.com\/wp-content\/uploads\/2020\/10\/0J3360.600-300x182.png 300w\" sizes=\"(max-width: 600px) 100vw, 600px\" \/><\/h3>\n<h3><\/h3>\n<h4>Tama\u00f1o del paso y micropaso<\/h4>\n<p>Los motores paso a paso normalmente tienen una especificaci\u00f3n de tama\u00f1o de paso (por ejemplo, 1,8\u00ba o 200 pasos por revoluci\u00f3n). Un controlador de\u00a0<em>microstepping<\/em>\u00a0tal como el A4988 permite resoluciones m\u00e1s altas, permitiendo ubicaciones en paso intermedio, que se consiguen por la activaci\u00f3n de las bobinas con los niveles de corriente intermedios. Por ejemplo, controlando un motor paso a paso de 200 pasos por revoluci\u00f3n en el modo de paso por cuartos (<em>quarter-step<\/em>) dar\u00e1 800 micropasos por revoluci\u00f3n mediante el uso de cuatro niveles de corriente diferentes.<\/p>\n<p>La resoluci\u00f3n (tama\u00f1o de paso) puede ser seleccionada mediante los pines\u00a0MS1, MS2, MS3 que permiten cinco resoluciones diferentes de paso de acuerdo con la tabla de abajo. MS1 y MS3 tienen una resistencia pull-down interna de 100 k\u03a9 y MS2 tiene una resistencia pull-down interna 50k\u03a9, as\u00ed que dejar estos tres pines al aire resultar\u00e1 en el modo de paso completo (<em>full-step mode<\/em>). Para que los modos de micropasos funcionen correctamente, el l\u00edmite de corriente debe ser lo suficientemente bajo (v\u00e9ase m\u00e1s adelante). De lo contrario, los niveles intermedios no se mantienen correctamente, y el motor se saltar\u00e1 micropasos.<\/p>\n<table class=\"specifications center\">\n<tbody>\n<tr>\n<th>MS1<\/th>\n<th>MS2<\/th>\n<th>MS3<\/th>\n<th>Resoluci\u00f3n de micropaso<\/th>\n<\/tr>\n<tr class=\"odd\">\n<td>Bajo<\/td>\n<td>Bajo<\/td>\n<td>Bajo<\/td>\n<td>Paso completo (<em>Full step<\/em>)<\/td>\n<\/tr>\n<tr>\n<td>Alto<\/td>\n<td>Bajo<\/td>\n<td>Bajo<\/td>\n<td>Medio paso (<em>Half step<\/em>)<\/td>\n<\/tr>\n<tr class=\"odd\">\n<td>Bajo<\/td>\n<td>Alto<\/td>\n<td>Bajo<\/td>\n<td>Un cuarto de paso (<em>Quarter step<\/em>)<\/td>\n<\/tr>\n<tr>\n<td>Alto<\/td>\n<td>Alto<\/td>\n<td>Bajo<\/td>\n<td>Un octavo de paso (<em>Eighth step<\/em>)<\/td>\n<\/tr>\n<tr class=\"odd\">\n<td>Alto<\/td>\n<td>Alto<\/td>\n<td>Alto<\/td>\n<td>Un dieciseisavo de paso (<em>Sixteenth step<\/em>)<\/td>\n<\/tr>\n<\/tbody>\n<\/table>\n<h4>Control<\/h4>\n<p>Cada pulso de entrada escal\u00f3n corresponde a un micropaso del motor paso a paso en la direcci\u00f3n seleccionada por el pin DIR. Tenga en cuenta que los pines de STEP y DIR no est\u00e1n conectados a ning\u00fan voltaje determinado, por lo que no debe dejar ninguno de estos pines al aire en su aplicaci\u00f3n. Si desea que su motor gire en una sola direcci\u00f3n, puede conectar DIR directamente a VCC o GND. El chip tiene tres entradas diferentes para el control de sus m\u00faltiples estados de energ\u00eda: RST, SLP, y EN. Para obtener m\u00e1s informaci\u00f3n acerca de estos estados de energ\u00eda, consulte la hoja de datos (datasheet). Tenga en cuenta que el pin RST es flotante, y si usted no lo est\u00e1 usando, se puede conectar al pin SLP adyacente en el PCB para llevarlo a estado alto y activar la tarjeta.<\/p>\n<h4>Limitaci\u00f3n de corriente<\/h4>\n<p>Para lograr altas tasas de paso, la alimentaci\u00f3n del motor es t\u00edpicamente mucho m\u00e1s alta de lo que ser\u00eda admisible sin limitaci\u00f3n de corriente activa. Por ejemplo, un motor paso a paso t\u00edpico podr\u00eda tener una clasificaci\u00f3n de corriente m\u00e1xima de 1 A con una resistencia de la bobina 5\u03a9, lo que indicar\u00eda una alimentaci\u00f3n del motor m\u00e1ximo de 5 V. El uso de un motor de este tipo con 12 V permitir\u00eda tasas de paso superiores, pero la corriente debe estar activamente limitada a menos de 1 A para evitar da\u00f1os en el motor.<\/p>\n<p>El A4988 soporta limitaci\u00f3n activa de corriente, permitiendo mediante un potenci\u00f3metro ajustar el l\u00edmite de corriente. Una forma de establecer el l\u00edmite de corriente es poner el controlador en modo paso completo y medir la corriente que circula a trav\u00e9s de una sola bobina del motor sin activar la entrada STEP. La corriente medida ser\u00e1 0,7 veces el l\u00edmite actual (ya que ambas bobinas est\u00e1n siempre activas y limitadas a 70% del ajuste de l\u00edmite de corriente en el modo de paso completo). Tenga en cuenta que el cambio de la tensi\u00f3n de la l\u00f3gica, Vdd, a un valor diferente, cambiar\u00e1 el ajuste de l\u00edmite de corriente porque el voltaje de referencia \u201cref\u201d es una funci\u00f3n de Vdd.<\/p>\n<p>Otra forma de establecer el l\u00edmite de corriente es medir el voltaje en el pin \u201cref\u201d y\u00a0 calcular el l\u00edmite de la corriente resultante (las resistencias de detecci\u00f3n actuales son 0.05\u03a9). La tensi\u00f3n del pin ref es accesible en una pista que est\u00e1 en un c\u00edrculo en la parte inferior de la serigraf\u00eda de la tarjeta. El l\u00edmite de corriente se refiere a la tensi\u00f3n de referencia de la siguiente manera:<\/p>\n<p><span class=\"shortcode-highlight\">L\u00edmite de corriente = VREF \u00d7 2,5<\/span><\/p>\n<p>As\u00ed, por ejemplo, si el voltaje de referencia es 0,3 V, el l\u00edmite de corriente es de 0,75 A. Como se mencion\u00f3 anteriormente, en el modo de paso completo, la corriente a trav\u00e9s de las bobinas se limita a 70% del l\u00edmite de corriente, por lo que para conseguir una corriente completa de bobina de 1 A, el l\u00edmite de corriente debe ser de 1 A\/0.7 = 1.4 A, que corresponde a una VREF de 1.4\u00a0A\/2.5=0.56\u00a0V. V\u00e9ase la hoja de datos A4988 para m\u00e1s informaci\u00f3n.<\/p>\n<ul>\n<li><a href=\"https:\/\/www.pololu.com\/file\/0J450\/a4988_DMOS_microstepping_driver_with_translator.pdf\">Hoja de datos<\/a><\/li>\n<\/ul>\n","protected":false},"excerpt":{"rendered":"<h2>Caracter\u00edsticas<\/h2>\n<ul>\n<li>Voltaje de operaci\u00f3n de 8 a 35 volts<\/li>\n<li>M\u00e1xima corriente por bobina: 2 Amperes<\/li>\n<li>Capacidad de \u201cmicro-stepping\u201d<\/li>\n<li>Interfaz simple de 2 pines con el microcontrolador: Pines STEP y DIRECTION<\/li>\n<li>5 Diferentes resoluciones: Paso completo, 1\/2 de paso, 1\/4 de paso, 1\/8 de paso y 1\/16 de paso.<\/li>\n<li>Control de corriente ajustable mediante un potenci\u00f3metro en el m\u00f3dulo<\/li>\n<li>Protecci\u00f3n por sobre-temperatura, bajo voltaje, corto y otras condiciones de error comunes<\/li>\n<\/ul>\n","protected":false},"featured_media":7630,"template":"","meta":[],"product_brand":[],"product_cat":[41,86,69],"product_tag":[275,277,149,142,143,145,81,82,150],"class_list":{"0":"post-7674","1":"product","2":"type-product","3":"status-publish","4":"has-post-thumbnail","6":"product_cat-drivers","7":"product_cat-electronica","8":"product_cat-robotica","9":"product_tag-a4988","10":"product_tag-a4988-rojo","11":"product_tag-cnc","12":"product_tag-motor","13":"product_tag-motor-paso-a-paso","14":"product_tag-motor-stepper","15":"product_tag-motores","16":"product_tag-motores-para-robots","17":"product_tag-paso","19":"first","20":"instock","21":"shipping-taxable","22":"purchasable","23":"product-type-simple"},"_links":{"self":[{"href":"https:\/\/novatronicec.com\/index.php\/wp-json\/wp\/v2\/product\/7674","targetHints":{"allow":["GET"]}}],"collection":[{"href":"https:\/\/novatronicec.com\/index.php\/wp-json\/wp\/v2\/product"}],"about":[{"href":"https:\/\/novatronicec.com\/index.php\/wp-json\/wp\/v2\/types\/product"}],"wp:featuredmedia":[{"embeddable":true,"href":"https:\/\/novatronicec.com\/index.php\/wp-json\/wp\/v2\/media\/7630"}],"wp:attachment":[{"href":"https:\/\/novatronicec.com\/index.php\/wp-json\/wp\/v2\/media?parent=7674"}],"wp:term":[{"taxonomy":"product_brand","embeddable":true,"href":"https:\/\/novatronicec.com\/index.php\/wp-json\/wp\/v2\/product_brand?post=7674"},{"taxonomy":"product_cat","embeddable":true,"href":"https:\/\/novatronicec.com\/index.php\/wp-json\/wp\/v2\/product_cat?post=7674"},{"taxonomy":"product_tag","embeddable":true,"href":"https:\/\/novatronicec.com\/index.php\/wp-json\/wp\/v2\/product_tag?post=7674"}],"curies":[{"name":"wp","href":"https:\/\/api.w.org\/{rel}","templated":true}]}}