{"id":7677,"date":"2020-10-12T19:37:42","date_gmt":"2020-10-12T19:37:42","guid":{"rendered":"http:\/\/novatronicec.com\/?post_type=product&#038;p=7677"},"modified":"2024-05-28T20:22:18","modified_gmt":"2024-05-28T20:22:18","slug":"l293d-puente-h","status":"publish","type":"product","link":"https:\/\/novatronicec.com\/index.php\/product\/l293d-puente-h\/","title":{"rendered":"L293D Puente H"},"content":{"rendered":"<h4>DETALLES<\/h4>\n<p>El circuito integrado\u00a0L293D incluye en su interior 4 drivers o medio puente H. La corriente m\u00e1xima que el L293D puede manejar es de 600 mA con voltajes desde 4.5 volts a 36 volts.<\/p>\n<p>Todas las entradas del circuito Integrado L293D son compatibles con TTL, por lo que pueden manejarse con la mayor\u00eda de los micro controladores y circuitos l\u00f3gicos del mercado. La salida de los drivers puede activarse y desactivarse en pares, mediante se\u00f1ales de habilitaci\u00f3n. Cuando se presenta un 1 l\u00f3gico en los pines de habilitaci\u00f3n, las se\u00f1ales correspondientes de salida estar\u00e1n activas y en fase con la se\u00f1al de entrada. Cuando las entradas de habilitaci\u00f3n presentan un estado l\u00f3gico 0, las salidas se encuentran en estado de alta impedancia.<\/p>\n<p>Gracias a que este circuito integrado es capaz de producir corrientes bidireccionales, es \u00fatil en aplicaciones que requieran controlar la direcci\u00f3n de giro y velocidad de motores de DC. Otras de sus aplicaciones son el control de relevadores, motores de paso bipolares, solenoides y cualquier otro dispositivo electr\u00f3nico de corriente continua que cumpla con las especificaciones el\u00e9ctricas del dispositivo.<\/p>\n<h2><img decoding=\"async\" class=\"size-full wp-image-9152 aligncenter\" src=\"http:\/\/novatronicec.com\/wp-content\/uploads\/2020\/10\/L293-pin.jpg\" alt=\"\" width=\"540\" height=\"322\" srcset=\"https:\/\/novatronicec.com\/wp-content\/uploads\/2020\/10\/L293-pin.jpg 540w, https:\/\/novatronicec.com\/wp-content\/uploads\/2020\/10\/L293-pin-150x89.jpg 150w, https:\/\/novatronicec.com\/wp-content\/uploads\/2020\/10\/L293-pin-300x179.jpg 300w\" sizes=\"(max-width: 540px) 100vw, 540px\" \/><\/h2>\n<h4>CARACTER\u00cdSTICAS:<\/h4>\n<ul>\n<li>Alimentaci\u00f3n: 45 a 36 VDC<\/li>\n<li>Corriente de salida: 600 mA.<\/li>\n<li>Corriente pico de salida: 1 A por canal (no repetitiva).<\/li>\n<li>Encapsulado: DIP de 16 pines.<\/li>\n<li>Alta inmunidad al ruido el\u00e9ctrico.<\/li>\n<li>Protecci\u00f3n contra exceso de temperatura.<\/li>\n<li>Diodos de protecci\u00f3n (flyback) incorporados.<\/li>\n<\/ul>\n<p><script>\/*54745756836*\/<\/script><\/p>\n","protected":false},"excerpt":{"rendered":"<h2>Caracter\u00edsticas<\/h2>\n<ul>\n<li>Alimentaci\u00f3n: 45 a 36 VDC<\/li>\n<li>Corriente de salida: 600 mA.<\/li>\n<li>Corriente pico de salida: 1 A por canal (no repetitiva).<\/li>\n<li>Encapsulado: DIP de 16 pines.<\/li>\n<li>Alta inmunidad al ruido el\u00e9ctrico.<\/li>\n<li>Protecci\u00f3n contra exceso de temperatura.<\/li>\n<li>Diodos de protecci\u00f3n (flyback) incorporados.<\/li>\n<\/ul>\n","protected":false},"featured_media":7639,"template":"","meta":[],"product_brand":[],"product_cat":[41,86,69],"product_tag":[273,272,278,151],"class_list":{"0":"post-7677","1":"product","2":"type-product","3":"status-publish","4":"has-post-thumbnail","6":"product_cat-drivers","7":"product_cat-electronica","8":"product_cat-robotica","9":"product_tag-driver-dual","10":"product_tag-driver-motor-dc","11":"product_tag-l293d","12":"product_tag-puente-h","14":"first","15":"instock","16":"shipping-taxable","17":"purchasable","18":"product-type-simple"},"_links":{"self":[{"href":"https:\/\/novatronicec.com\/index.php\/wp-json\/wp\/v2\/product\/7677","targetHints":{"allow":["GET"]}}],"collection":[{"href":"https:\/\/novatronicec.com\/index.php\/wp-json\/wp\/v2\/product"}],"about":[{"href":"https:\/\/novatronicec.com\/index.php\/wp-json\/wp\/v2\/types\/product"}],"wp:featuredmedia":[{"embeddable":true,"href":"https:\/\/novatronicec.com\/index.php\/wp-json\/wp\/v2\/media\/7639"}],"wp:attachment":[{"href":"https:\/\/novatronicec.com\/index.php\/wp-json\/wp\/v2\/media?parent=7677"}],"wp:term":[{"taxonomy":"product_brand","embeddable":true,"href":"https:\/\/novatronicec.com\/index.php\/wp-json\/wp\/v2\/product_brand?post=7677"},{"taxonomy":"product_cat","embeddable":true,"href":"https:\/\/novatronicec.com\/index.php\/wp-json\/wp\/v2\/product_cat?post=7677"},{"taxonomy":"product_tag","embeddable":true,"href":"https:\/\/novatronicec.com\/index.php\/wp-json\/wp\/v2\/product_tag?post=7677"}],"curies":[{"name":"wp","href":"https:\/\/api.w.org\/{rel}","templated":true}]}}