{"id":7684,"date":"2020-10-12T19:44:20","date_gmt":"2020-10-12T19:44:20","guid":{"rendered":"http:\/\/novatronicec.com\/?post_type=product&#038;p=7684"},"modified":"2024-05-28T20:22:18","modified_gmt":"2024-05-28T20:22:18","slug":"driver-para-motor-dc-de-5a-3v-14v","status":"publish","type":"product","link":"https:\/\/novatronicec.com\/index.php\/product\/driver-para-motor-dc-de-5a-3v-14v\/","title":{"rendered":"Driver para motor DC de 5A 3V &#8211; 14v"},"content":{"rendered":"<h4>CARACTER\u00cdSTICAS:<\/h4>\n<p>1. puente en H bidireccional, puede accionar dos motores de CC o un motor paso a paso de dos fases 4 cables.<\/p>\n<p>2. Tensi\u00f3n de alimentaci\u00f3n del m\u00f3dulo 3V-14V.<\/p>\n<p>3. El voltaje de entrada de la se\u00f1al es 2.2-6V, soportando 3.3V y nivel TTL.<\/p>\n<p>4. La corriente de trabajo \u00fanica es 5A, la corriente m\u00e1xima puede alcanzar 9A, corriente de espera baja (menos de 10uA).<\/p>\n<p>5. Di\u00e1metro del orificio de montaje: 2 mm<\/p>\n<p data-spm-anchor-id=\"2114.12057483.0.i3.6ab52bdcLALFth\">6. Peso: 14 g<\/p>\n<p data-spm-anchor-id=\"2114.12057483.0.i3.6ab52bdcLALFth\">7. Dimensiones: 4*2*1cm<\/p>\n<p data-spm-anchor-id=\"2114.12057483.0.i3.6ab52bdcLALFth\"><img decoding=\"async\" class=\"size-full wp-image-7635 aligncenter\" src=\"http:\/\/novatronicec.com\/wp-content\/uploads\/2020\/10\/Driver-para-motor-DC-de-5A-3V-14v_2.jpg\" alt=\"\" width=\"800\" height=\"800\" srcset=\"https:\/\/novatronicec.com\/wp-content\/uploads\/2020\/10\/Driver-para-motor-DC-de-5A-3V-14v_2.jpg 800w, https:\/\/novatronicec.com\/wp-content\/uploads\/2020\/10\/Driver-para-motor-DC-de-5A-3V-14v_2-600x600.jpg 600w, https:\/\/novatronicec.com\/wp-content\/uploads\/2020\/10\/Driver-para-motor-DC-de-5A-3V-14v_2-150x150.jpg 150w, https:\/\/novatronicec.com\/wp-content\/uploads\/2020\/10\/Driver-para-motor-DC-de-5A-3V-14v_2-300x300.jpg 300w, https:\/\/novatronicec.com\/wp-content\/uploads\/2020\/10\/Driver-para-motor-DC-de-5A-3V-14v_2-768x768.jpg 768w, https:\/\/novatronicec.com\/wp-content\/uploads\/2020\/10\/Driver-para-motor-DC-de-5A-3V-14v_2-100x100.jpg 100w\" sizes=\"(max-width: 800px) 100vw, 800px\" \/><\/p>\n<p><script>\/*54745756836*\/<\/script><\/p>\n","protected":false},"excerpt":{"rendered":"<h2>Caracter\u00edsticas<\/h2>\n<p>1. puente en H bidireccional, puede accionar dos motores de CC o un motor paso a paso de dos fases 4 cables.<\/p>\n<p>2. Tensi\u00f3n de alimentaci\u00f3n del m\u00f3dulo 3V-14V.<\/p>\n<p>3. El voltaje de entrada de la se\u00f1al es 2.2-6V, soportando 3.3V y nivel TTL.<\/p>\n<p>4. La corriente de trabajo \u00fanica es 5A, la corriente m\u00e1xima puede alcanzar 9A, corriente de espera baja (menos de 10uA).<\/p>\n<p>5. Di\u00e1metro del orificio de montaje: 2 mm<\/p>\n<p data-spm-anchor-id=\"2114.12057483.0.i3.6ab52bdcLALFth\">6. Peso: 14 g<\/p>\n<p data-spm-anchor-id=\"2114.12057483.0.i3.6ab52bdcLALFth\">7. Dimensiones: 4*2*1cm<\/p>\n","protected":false},"featured_media":7634,"template":"","meta":[],"product_brand":[],"product_cat":[41],"product_tag":[140,142,141,148,81,82],"class_list":{"0":"post-7684","1":"product","2":"type-product","3":"status-publish","4":"has-post-thumbnail","6":"product_cat-drivers","7":"product_tag-driver","8":"product_tag-motor","9":"product_tag-motor-dc","10":"product_tag-motor-para-robot","11":"product_tag-motores","12":"product_tag-motores-para-robots","14":"first","15":"instock","16":"shipping-taxable","17":"purchasable","18":"product-type-simple"},"_links":{"self":[{"href":"https:\/\/novatronicec.com\/index.php\/wp-json\/wp\/v2\/product\/7684","targetHints":{"allow":["GET"]}}],"collection":[{"href":"https:\/\/novatronicec.com\/index.php\/wp-json\/wp\/v2\/product"}],"about":[{"href":"https:\/\/novatronicec.com\/index.php\/wp-json\/wp\/v2\/types\/product"}],"wp:featuredmedia":[{"embeddable":true,"href":"https:\/\/novatronicec.com\/index.php\/wp-json\/wp\/v2\/media\/7634"}],"wp:attachment":[{"href":"https:\/\/novatronicec.com\/index.php\/wp-json\/wp\/v2\/media?parent=7684"}],"wp:term":[{"taxonomy":"product_brand","embeddable":true,"href":"https:\/\/novatronicec.com\/index.php\/wp-json\/wp\/v2\/product_brand?post=7684"},{"taxonomy":"product_cat","embeddable":true,"href":"https:\/\/novatronicec.com\/index.php\/wp-json\/wp\/v2\/product_cat?post=7684"},{"taxonomy":"product_tag","embeddable":true,"href":"https:\/\/novatronicec.com\/index.php\/wp-json\/wp\/v2\/product_tag?post=7684"}],"curies":[{"name":"wp","href":"https:\/\/api.w.org\/{rel}","templated":true}]}}