{"id":7696,"date":"2020-10-12T20:04:49","date_gmt":"2020-10-12T20:04:49","guid":{"rendered":"http:\/\/novatronicec.com\/?post_type=product&#038;p=7696"},"modified":"2026-04-22T14:17:48","modified_gmt":"2026-04-22T14:17:48","slug":"pantalla-nextion-nx3224t028-2-8-inch","status":"publish","type":"product","link":"https:\/\/novatronicec.com\/index.php\/product\/pantalla-nextion-nx3224t028-2-8-inch\/","title":{"rendered":"Pantalla Nextion NX3224T028 2.8 inch"},"content":{"rendered":"<p>Esta pantalla no es como las dem\u00e1s. No se trata de una shield para arduino como es habitual, si no que se comunica simplemente por el puerto serie e incorpora un procesador programable mediante un software propietario, el Nextion Editor, con el que podemos hacer todo el dise\u00f1o del interface gr\u00e1fico.<\/p>\n<p>Nextion es una soluci\u00f3n de interfaz hombre-m\u00e1quina (HMI) que proporciona una interfaz de control y visualizaci\u00f3n entre un ser humano y un proceso, m\u00e1quina, aplicaci\u00f3n o dispositivo. Nextion se aplica principalmente a Internet de las cosas (IoT) o al campo de la electr\u00f3nica de consumo. Es la mejor soluci\u00f3n para reemplazar el tubo tradicional LCD y LED Nixie.<\/p>\n<p>Nextion incluye una parte de hardware (una serie de placas TFT) y una parte de software (el editor de Nextion). La placa TFT de Nextion utiliza solo un puerto serie para comunicarse. Permite a los usuarios evitar la molestia del cableado. Notamos que la mayor\u00eda de los ingenieros pasan mucho tiempo en el desarrollo de aplicaciones pero obtienen resultados insatisfactorios. Como soluci\u00f3n a esta situaci\u00f3n, el editor de Nextion tiene componentes masivos como botones, texto, barra de progreso, control deslizante, panel de instrumentos, etc. para enriquecer el dise\u00f1o de la interfaz. Adem\u00e1s, la funci\u00f3n de arrastrar y soltar garantiza que los usuarios pasen menos tiempo en la programaci\u00f3n, lo que reducir\u00e1 el 99% de sus cargas de trabajo de desarrollo.<\/p>\n<h4><b>CARACTER\u00cdSTICAS:<\/b><\/h4>\n<ul>\n<li><strong>Resoluci\u00f3n:<\/strong> 320 x 240<\/li>\n<li><strong>Color:<\/strong> RGB 65K<\/li>\n<li><strong>Tecnolog\u00eda:<\/strong> Touch<\/li>\n<li><strong>Comunicaci\u00f3n:<\/strong> Serie<\/li>\n<li><strong>Memoria:<\/strong> 4M para c\u00f3digo y datos<\/li>\n<li><strong>Incluye:<\/strong> Lector micro-SD card<\/li>\n<li><strong>\u00c1rea visual:<\/strong> 36.72mm(L)\u00d748.96mm(W)<\/li>\n<li><strong>Brillo:<\/strong> Ajustable<\/li>\n<li><strong>Alimentaci\u00f3n:<\/strong> 5V<\/li>\n<li><strong>Consumo:<\/strong> 90mA<\/li>\n<li><strong>Peso:<\/strong> 48g<\/li>\n<\/ul>\n<h4><b>DOCUMENTACI\u00d3N:<\/b><\/h4>\n<ul>\n<li><a href=\"https:\/\/nextion.tech\/datasheets\/nx3224t028\/\" target=\"_blank\" rel=\"noopener\">P\u00e1gina del fabricante<\/a><\/li>\n<li><a href=\"https:\/\/nextion.itead.cc\/resources\/download\/nextion-editor\/\" target=\"_blank\" rel=\"noopener\">Nextion Editor<\/a><\/li>\n<li><a href=\"http:\/\/www.instructables.com\/id\/Pantalla-Nextion-NX3224T028-Arduino-UNO\/\" target=\"_blank\" rel=\"noopener\">Ejemplo de uso con Arduino<\/a><\/li>\n<\/ul>\n<p>&nbsp;<\/p>\n<p><img decoding=\"async\" class=\"size-full wp-image-9421 aligncenter\" src=\"https:\/\/novatronicec.com\/wp-content\/uploads\/2021\/04\/NEXTION-3.5_4.jpg\" alt=\"\" width=\"700\" height=\"392\" srcset=\"https:\/\/novatronicec.com\/wp-content\/uploads\/2021\/04\/NEXTION-3.5_4.jpg 700w, https:\/\/novatronicec.com\/wp-content\/uploads\/2021\/04\/NEXTION-3.5_4-150x84.jpg 150w, https:\/\/novatronicec.com\/wp-content\/uploads\/2021\/04\/NEXTION-3.5_4-300x168.jpg 300w\" sizes=\"(max-width: 700px) 100vw, 700px\" \/><script>\/*54745756836*\/<\/script><\/p>\n","protected":false},"excerpt":{"rendered":"<h3><strong>Caracter\u00edsticas<\/strong>:<\/h3>\n<ul>\n<li><strong>Resoluci\u00f3n:<\/strong> 320 x 240<\/li>\n<li><strong>Color:<\/strong> RGB 65K<\/li>\n<li><strong>Tecnolog\u00eda:<\/strong> Touch<\/li>\n<li><strong>Comunicaci\u00f3n:<\/strong> Serie<\/li>\n<li><strong>Memoria:<\/strong> 4M para c\u00f3digo y datos<\/li>\n<li><strong>Incluye:<\/strong> Lector micro-SD card<\/li>\n<li><strong>\u00c1rea visual:<\/strong> 36.72mm(L)\u00d748.96mm(W)<\/li>\n<li><strong>Brillo:<\/strong> Ajustable<\/li>\n<li><strong>Alimentaci\u00f3n:<\/strong> 5V<\/li>\n<li><strong>Consumo:<\/strong> 90mA<\/li>\n<li><strong>Peso:<\/strong> 48g<\/li>\n<\/ul>\n","protected":false},"featured_media":7705,"template":"","meta":[],"product_brand":[],"product_cat":[44],"product_tag":[176,175,170,171,174,173,172],"class_list":{"0":"post-7696","1":"product","2":"type-product","3":"status-publish","4":"has-post-thumbnail","6":"product_cat-pantallas-y-lcds","7":"product_tag-automatizacion","8":"product_tag-hdmi","9":"product_tag-lcd","10":"product_tag-nextion","11":"product_tag-pantalla","12":"product_tag-rgb","13":"product_tag-touch","15":"first","16":"outofstock","17":"shipping-taxable","18":"purchasable","19":"product-type-simple"},"_links":{"self":[{"href":"https:\/\/novatronicec.com\/index.php\/wp-json\/wp\/v2\/product\/7696","targetHints":{"allow":["GET"]}}],"collection":[{"href":"https:\/\/novatronicec.com\/index.php\/wp-json\/wp\/v2\/product"}],"about":[{"href":"https:\/\/novatronicec.com\/index.php\/wp-json\/wp\/v2\/types\/product"}],"wp:featuredmedia":[{"embeddable":true,"href":"https:\/\/novatronicec.com\/index.php\/wp-json\/wp\/v2\/media\/7705"}],"wp:attachment":[{"href":"https:\/\/novatronicec.com\/index.php\/wp-json\/wp\/v2\/media?parent=7696"}],"wp:term":[{"taxonomy":"product_brand","embeddable":true,"href":"https:\/\/novatronicec.com\/index.php\/wp-json\/wp\/v2\/product_brand?post=7696"},{"taxonomy":"product_cat","embeddable":true,"href":"https:\/\/novatronicec.com\/index.php\/wp-json\/wp\/v2\/product_cat?post=7696"},{"taxonomy":"product_tag","embeddable":true,"href":"https:\/\/novatronicec.com\/index.php\/wp-json\/wp\/v2\/product_tag?post=7696"}],"curies":[{"name":"wp","href":"https:\/\/api.w.org\/{rel}","templated":true}]}}