{"id":7701,"date":"2020-10-12T20:00:01","date_gmt":"2020-10-12T20:00:01","guid":{"rendered":"http:\/\/novatronicec.com\/?post_type=product&#038;p=7701"},"modified":"2025-10-02T16:22:25","modified_gmt":"2025-10-02T16:22:25","slug":"motor-con-caja-reductora-motoreductor-amarillo-dc3v-6v-200rpm","status":"publish","type":"product","link":"https:\/\/novatronicec.com\/index.php\/product\/motor-con-caja-reductora-motoreductor-amarillo-dc3v-6v-200rpm\/","title":{"rendered":"Motor con caja reductora motoreductor amarillo DC3V-6V 200 RPM"},"content":{"rendered":"<h4>DETALLES<\/h4>\n<p>Este motor DC posee una caja reductora integrada que le permite entregar un buen torque en un peque\u00f1o tama\u00f1o y bajo voltaje. La carcasa del motor es de pl\u00e1stico resistente, no toxico y de color amarillo.<\/p>\n<h4>CARACTER\u00cdSTICAS:<\/h4>\n<ul>\n<li><strong>Voltaje de Operaci\u00f3n:<\/strong> 3V \u2013 6V<\/li>\n<li><strong>Velocidad Angular nominal:<\/strong> 200 RPM<\/li>\n<li><strong>Reducci\u00f3n:<\/strong> 48:1<\/li>\n<li><strong>Consumo m\u00e1ximo de corriente:<\/strong> 150mA<\/li>\n<li><strong>Di\u00e1metro Exterior de Llanta:<\/strong> 65 mm<\/li>\n<li><strong>Di\u00e1metro eje de llanta:<\/strong> 6mm<\/li>\n<li><strong>Peso:<\/strong> 50g<\/li>\n<\/ul>\n<p><script>\/*54745756836*\/<\/script><\/p>\n","protected":false},"excerpt":{"rendered":"<h3>Caracter\u00edsticas:<\/h3>\n<ul>\n<li><strong>Voltaje de Operaci\u00f3n:<\/strong> 3V \u2013 6V<\/li>\n<li><strong>Velocidad Angular nominal:<\/strong> 200 RPM<\/li>\n<li><strong>Reducci\u00f3n:<\/strong> 48:1<\/li>\n<li><strong>Consumo m\u00e1ximo de corriente:<\/strong> 150mA<\/li>\n<li><strong>Di\u00e1metro Exterior de Llanta:<\/strong> 65 mm<\/li>\n<li><strong>Di\u00e1metro eje de llanta:<\/strong> 6mm<\/li>\n<li><strong>Peso:<\/strong> 50g<\/li>\n<\/ul>\n","protected":false},"featured_media":7703,"template":"","meta":[],"product_brand":[],"product_cat":[43,69],"product_tag":[167,168,1573,169],"class_list":{"0":"post-7701","1":"product","2":"type-product","3":"status-publish","4":"has-post-thumbnail","6":"product_cat-motores-y-actuadores","7":"product_cat-robotica","8":"product_tag-dc-motor","9":"product_tag-motor-amarillo","10":"product_tag-motor-tt","11":"product_tag-motoreductor","13":"first","14":"instock","15":"shipping-taxable","16":"purchasable","17":"product-type-simple"},"_links":{"self":[{"href":"https:\/\/novatronicec.com\/index.php\/wp-json\/wp\/v2\/product\/7701","targetHints":{"allow":["GET"]}}],"collection":[{"href":"https:\/\/novatronicec.com\/index.php\/wp-json\/wp\/v2\/product"}],"about":[{"href":"https:\/\/novatronicec.com\/index.php\/wp-json\/wp\/v2\/types\/product"}],"wp:featuredmedia":[{"embeddable":true,"href":"https:\/\/novatronicec.com\/index.php\/wp-json\/wp\/v2\/media\/7703"}],"wp:attachment":[{"href":"https:\/\/novatronicec.com\/index.php\/wp-json\/wp\/v2\/media?parent=7701"}],"wp:term":[{"taxonomy":"product_brand","embeddable":true,"href":"https:\/\/novatronicec.com\/index.php\/wp-json\/wp\/v2\/product_brand?post=7701"},{"taxonomy":"product_cat","embeddable":true,"href":"https:\/\/novatronicec.com\/index.php\/wp-json\/wp\/v2\/product_cat?post=7701"},{"taxonomy":"product_tag","embeddable":true,"href":"https:\/\/novatronicec.com\/index.php\/wp-json\/wp\/v2\/product_tag?post=7701"}],"curies":[{"name":"wp","href":"https:\/\/api.w.org\/{rel}","templated":true}]}}