{"id":7730,"date":"2020-10-12T20:31:29","date_gmt":"2020-10-12T20:31:29","guid":{"rendered":"http:\/\/novatronicec.com\/?post_type=product&#038;p=7730"},"modified":"2025-04-08T19:45:24","modified_gmt":"2025-04-08T19:45:24","slug":"bomba-de-agua-para-acuario-r385-dc-6-12v","status":"publish","type":"product","link":"https:\/\/novatronicec.com\/index.php\/product\/bomba-de-agua-para-acuario-r385-dc-6-12v\/","title":{"rendered":"Bomba de Agua para acuario R385 DC 6-12V"},"content":{"rendered":"<h4>DETALLES<\/h4>\n<p>Esta\u00a0moto-bomba\u00a0o\u00a0motor de bombeo\u00a0es un producto que se compone de un motor el\u00e9ctrico que opera con voltaje de\u00a012V DC\u00a0y un s sistema de bombeo por 5 diafragmas que succionan y expulsa con presi\u00f3n el fluido, que puede ser desde agua hasta fluido espesos como gel antibacterial, jab\u00f3n, glicerina o aceites.<\/p>\n<p>Esta moto-bomba es ampliamente utilizada en proyectos de prototipado DIY como la construcci\u00f3n de acuarios, fuentes de agua decorativas a escala, dispensadores de refrescos simulaci\u00f3n del movimiento del agua en un arroyo dentro de una maqueta, dispensadores de gel antibacterial o jab\u00f3n y muchos otros usos.<\/p>\n<h4>PRECAUCIONES EN SU USO:<\/h4>\n<ul>\n<li>Este modelo de bomba\u00a0NO es sumergible, debe trabajar desde fuera del l\u00edquido y con mangueras succionar y expulsar.<\/li>\n<li>Para una mayor durabilidad evite que la bomba NO succione impurezas que puedan atascarla o romperla internamente.<\/li>\n<li>El sistema de Bombeo tiene una entrada y una salida, Aseg\u00farese que al conectar la corriente al motor, el positivo sea conectado al borne del motor que posee una pinta de color rojo, para que pueda girar en el sentido correcto.<\/li>\n<\/ul>\n<h4><strong>CARACTER\u00cdSTICAS:<\/strong><\/h4>\n<ul>\n<li><strong>Modelo del motor:<\/strong> 365.<\/li>\n<li><strong>Voltaje de funcionamiento:<\/strong> 12V.<\/li>\n<li><strong>Corriente sin carga:<\/strong> 0.23A<\/li>\n<li><strong>Tipo de bombeo:<\/strong> Por diafragma.<\/li>\n<li><strong>Di\u00e1metro de entrada y salida:<\/strong> 8mm.<\/li>\n<li><strong>Flujo de del agua:<\/strong> 2 a 3 litros por minuto.<\/li>\n<li><strong>Elevaci\u00f3n del chorro:<\/strong> 1 a 2.5 metros.<\/li>\n<li><strong>Presi\u00f3n de salida:<\/strong> 1 a 2.5Kg.<\/li>\n<li><strong>Material:<\/strong> Metal y pl\u00e1stico.<\/li>\n<li><strong>Longitud del motor:<\/strong> 45mm<\/li>\n<li><strong>Di\u00e1metro del motor:<\/strong> 28mm.<\/li>\n<li><strong>Longitud de la bomba:<\/strong> 55mm.<\/li>\n<li><strong>Di\u00e1metro de la bomba:<\/strong> 40mm x 35mm<\/li>\n<li><b>Tama\u00f1o total aproximado:<\/b> 93mm (largo) x 47mm (ancho) x 42mm (alto)<\/li>\n<li><strong>Incluye: <\/strong>Soportes de goma para absorber vibraciones.<\/li>\n<\/ul>\n<p><script>\/*54745756836*\/<\/script><\/p>\n","protected":false},"excerpt":{"rendered":"<h3><strong>Caracter\u00edsticas<\/strong><\/h3>\n<ul>\n<li><strong>Modelo del motor:<\/strong> 365.<\/li>\n<li><strong>Voltaje de funcionamiento:<\/strong> 12V.<\/li>\n<li><strong>Corriente sin carga:<\/strong> 0.23A<\/li>\n<li><strong>Tipo de bombeo:<\/strong> Por diafragma.<\/li>\n<li><strong>Di\u00e1metro de entrada y salida:<\/strong> 8mm.<\/li>\n<li><strong>Flujo de del agua:<\/strong> 2 a 3 litros por minuto.<\/li>\n<li><strong>Elevaci\u00f3n del chorro:<\/strong> 1 a 2.5 metros.<\/li>\n<li><strong>Presi\u00f3n de salida:<\/strong> 1 a 2.5Kg.<\/li>\n<li><strong>Material:<\/strong> Metal y pl\u00e1stico.<\/li>\n<li><strong>Longitud del motor:<\/strong> 45mm<\/li>\n<li><strong>Di\u00e1metro del motor:<\/strong> 28mm.<\/li>\n<li><strong>Longitud de la bomba:<\/strong> 55mm.<\/li>\n<li><strong>Di\u00e1metro de la bomba:<\/strong> 40mm x 35mm<\/li>\n<li><b>Tama\u00f1o total aproximado:<\/b> 93mm (largo) x 47mm (ancho) x 42mm (alto)<\/li>\n<li><strong>Incluye: <\/strong>Soportes de goma para absorber vibraciones.<\/li>\n<li><\/li>\n<\/ul>\n","protected":false},"featured_media":7731,"template":"","meta":[],"product_brand":[],"product_cat":[43,69],"product_tag":[293,294,295],"class_list":{"0":"post-7730","1":"product","2":"type-product","3":"status-publish","4":"has-post-thumbnail","6":"product_cat-motores-y-actuadores","7":"product_cat-robotica","8":"product_tag-bomba","9":"product_tag-bomba-de-agua","10":"product_tag-bomba-de-diafragma","12":"first","13":"instock","14":"shipping-taxable","15":"purchasable","16":"product-type-simple"},"_links":{"self":[{"href":"https:\/\/novatronicec.com\/index.php\/wp-json\/wp\/v2\/product\/7730","targetHints":{"allow":["GET"]}}],"collection":[{"href":"https:\/\/novatronicec.com\/index.php\/wp-json\/wp\/v2\/product"}],"about":[{"href":"https:\/\/novatronicec.com\/index.php\/wp-json\/wp\/v2\/types\/product"}],"wp:featuredmedia":[{"embeddable":true,"href":"https:\/\/novatronicec.com\/index.php\/wp-json\/wp\/v2\/media\/7731"}],"wp:attachment":[{"href":"https:\/\/novatronicec.com\/index.php\/wp-json\/wp\/v2\/media?parent=7730"}],"wp:term":[{"taxonomy":"product_brand","embeddable":true,"href":"https:\/\/novatronicec.com\/index.php\/wp-json\/wp\/v2\/product_brand?post=7730"},{"taxonomy":"product_cat","embeddable":true,"href":"https:\/\/novatronicec.com\/index.php\/wp-json\/wp\/v2\/product_cat?post=7730"},{"taxonomy":"product_tag","embeddable":true,"href":"https:\/\/novatronicec.com\/index.php\/wp-json\/wp\/v2\/product_tag?post=7730"}],"curies":[{"name":"wp","href":"https:\/\/api.w.org\/{rel}","templated":true}]}}