{"id":7750,"date":"2020-10-12T21:00:52","date_gmt":"2020-10-12T21:00:52","guid":{"rendered":"http:\/\/novatronicec.com\/?post_type=product&#038;p=7750"},"modified":"2025-11-13T21:12:30","modified_gmt":"2025-11-13T21:12:30","slug":"lcd2004-con-i2c-backlight-azul","status":"publish","type":"product","link":"https:\/\/novatronicec.com\/index.php\/product\/lcd2004-con-i2c-backlight-azul\/","title":{"rendered":"LCD 2004 IIC\/I2C 20*4"},"content":{"rendered":"<h4>DETALLES<\/h4>\n<p>Pantalla LCD de 4 l\u00edneas x 20 caracteres azules retroiluminados en azul. Incluye interface I2C lo que reduce el n\u00famero de pines a conectar al arduino a 2. Incluye potenci\u00f3metro para el ajuste de la retroiluminaci\u00f3n.<\/p>\n<h4><strong>CARACTER\u00cdSTICAS<\/strong><\/h4>\n<ul>\n<li>Alimentaci\u00f3n: 5V<\/li>\n<li>Interface: I2C (direcci\u00f3n 0x27)<\/li>\n<li>Pines: VCC, GND, SDA, SCL<\/li>\n<li>Backlight led azul.<\/li>\n<li>\u00c1ngulo de visi\u00f3n amplio y alto contraste.<\/li>\n<li>Puede mostrar 4 l\u00edneas x 20 caracteres.<\/li>\n<li>Consumo de corriente con luz de fondo total: 25 mA m\u00e1x<\/li>\n<li>Dimensi\u00f3n del m\u00f3dulo: 80mm x 35mm x 11mm.<\/li>\n<li>Tama\u00f1o de la zona de display: 64.5mm x 16mm<\/li>\n<\/ul>\n<h4><strong>DOCUMENTACI\u00d3N<\/strong><\/h4>\n<ul>\n<li><a href=\"https:\/\/github.com\/fdebrabander\/Arduino-LiquidCrystal-I2C-library\" target=\"_blank\" rel=\"noopener\">Librer\u00eda LiquidCrystal_I2C en Github<\/a><\/li>\n<\/ul>\n<p><script>\/*54745756836*\/<\/script><\/p>\n","protected":false},"excerpt":{"rendered":"<h3>Caracter\u00edsticas:<\/h3>\n<ul>\n<li>Alimentaci\u00f3n: 5V<\/li>\n<li>Interface: I2C (direcci\u00f3n 0x27)<\/li>\n<li>Pines: VCC, GND, SDA, SCL<\/li>\n<li>Backlight led azul.<\/li>\n<li>\u00c1ngulo de visi\u00f3n amplio y alto contraste.<\/li>\n<li>Puede mostrar 4 l\u00edneas x 20 caracteres.<\/li>\n<li>Consumo de corriente con luz de fondo total: 25 mA m\u00e1x<\/li>\n<li>Dimensi\u00f3n del m\u00f3dulo: 80mm x 35mm x 12mm.<\/li>\n<li>Tama\u00f1o de la zona de display: 64.5mm x 16mm<\/li>\n<\/ul>\n","protected":false},"featured_media":7759,"template":"","meta":[],"product_brand":[],"product_cat":[44],"product_tag":[204,205,88,104,170,174],"class_list":{"0":"post-7750","1":"product","2":"type-product","3":"status-publish","4":"has-post-thumbnail","6":"product_cat-pantallas-y-lcds","7":"product_tag-204","8":"product_tag-20x04","9":"product_tag-arduino","10":"product_tag-electronica","11":"product_tag-lcd","12":"product_tag-pantalla","14":"first","15":"outofstock","16":"shipping-taxable","17":"purchasable","18":"product-type-simple"},"_links":{"self":[{"href":"https:\/\/novatronicec.com\/index.php\/wp-json\/wp\/v2\/product\/7750","targetHints":{"allow":["GET"]}}],"collection":[{"href":"https:\/\/novatronicec.com\/index.php\/wp-json\/wp\/v2\/product"}],"about":[{"href":"https:\/\/novatronicec.com\/index.php\/wp-json\/wp\/v2\/types\/product"}],"wp:featuredmedia":[{"embeddable":true,"href":"https:\/\/novatronicec.com\/index.php\/wp-json\/wp\/v2\/media\/7759"}],"wp:attachment":[{"href":"https:\/\/novatronicec.com\/index.php\/wp-json\/wp\/v2\/media?parent=7750"}],"wp:term":[{"taxonomy":"product_brand","embeddable":true,"href":"https:\/\/novatronicec.com\/index.php\/wp-json\/wp\/v2\/product_brand?post=7750"},{"taxonomy":"product_cat","embeddable":true,"href":"https:\/\/novatronicec.com\/index.php\/wp-json\/wp\/v2\/product_cat?post=7750"},{"taxonomy":"product_tag","embeddable":true,"href":"https:\/\/novatronicec.com\/index.php\/wp-json\/wp\/v2\/product_tag?post=7750"}],"curies":[{"name":"wp","href":"https:\/\/api.w.org\/{rel}","templated":true}]}}