{"id":7755,"date":"2020-10-12T20:57:13","date_gmt":"2020-10-12T20:57:13","guid":{"rendered":"http:\/\/novatronicec.com\/?post_type=product&#038;p=7755"},"modified":"2024-05-28T20:22:19","modified_gmt":"2024-05-28T20:22:19","slug":"motor-pequeno-5v-dc","status":"publish","type":"product","link":"https:\/\/novatronicec.com\/index.php\/product\/motor-pequeno-5v-dc\/","title":{"rendered":"Motor peque\u00f1o 5v DC con cable"},"content":{"rendered":"<p>Este motor DC es utilizado generalmente para juguetes y peque\u00f1os proyectos de electr\u00f3nica, es un producto de bajo costo y eficiente, se caracteriza por tener gran velocidad pero muy poco torque, por eso si se desea utilizar en robots es necesario hacer acoplar pi\u00f1ones para reducir la velocidad y aumentar la fuerza.<\/p>\n<h4>CARACTER\u00cdSTICAS<\/h4>\n<ul>\n<li>Eje de salida: 2.0mm<\/li>\n<li>Voltaje: 3 V \u2013 6V DC<\/li>\n<li>Velocidad: 5000 RPM 3V-16500 rpm 6V<\/li>\n<li>Peso: 14 g<\/li>\n<li>Cable<\/li>\n<\/ul>\n<p><script>\/*54745756836*\/<\/script><\/p>\n","protected":false},"excerpt":{"rendered":"<h4>Caracter\u00edsticas:<\/h4>\n<ul>\n<li>Eje de salida: 2.0mm<\/li>\n<li>Voltaje: 3 V \u2013 6V DC<\/li>\n<li>Velocidad: 5000 RPM 3V-16500 rpm 6V<\/li>\n<li>Peso: 14 g<\/li>\n<li>Cable Macho<\/li>\n<\/ul>\n","protected":false},"featured_media":7757,"template":"","meta":[],"product_brand":[],"product_cat":[86,43,69],"product_tag":[],"class_list":{"0":"post-7755","1":"product","2":"type-product","3":"status-publish","4":"has-post-thumbnail","6":"product_cat-electronica","7":"product_cat-motores-y-actuadores","8":"product_cat-robotica","10":"first","11":"instock","12":"shipping-taxable","13":"purchasable","14":"product-type-simple"},"_links":{"self":[{"href":"https:\/\/novatronicec.com\/index.php\/wp-json\/wp\/v2\/product\/7755","targetHints":{"allow":["GET"]}}],"collection":[{"href":"https:\/\/novatronicec.com\/index.php\/wp-json\/wp\/v2\/product"}],"about":[{"href":"https:\/\/novatronicec.com\/index.php\/wp-json\/wp\/v2\/types\/product"}],"wp:featuredmedia":[{"embeddable":true,"href":"https:\/\/novatronicec.com\/index.php\/wp-json\/wp\/v2\/media\/7757"}],"wp:attachment":[{"href":"https:\/\/novatronicec.com\/index.php\/wp-json\/wp\/v2\/media?parent=7755"}],"wp:term":[{"taxonomy":"product_brand","embeddable":true,"href":"https:\/\/novatronicec.com\/index.php\/wp-json\/wp\/v2\/product_brand?post=7755"},{"taxonomy":"product_cat","embeddable":true,"href":"https:\/\/novatronicec.com\/index.php\/wp-json\/wp\/v2\/product_cat?post=7755"},{"taxonomy":"product_tag","embeddable":true,"href":"https:\/\/novatronicec.com\/index.php\/wp-json\/wp\/v2\/product_tag?post=7755"}],"curies":[{"name":"wp","href":"https:\/\/api.w.org\/{rel}","templated":true}]}}