{"id":7758,"date":"2020-10-12T20:58:25","date_gmt":"2020-10-12T20:58:25","guid":{"rendered":"http:\/\/novatronicec.com\/?post_type=product&#038;p=7758"},"modified":"2024-07-26T23:02:26","modified_gmt":"2024-07-26T23:02:26","slug":"micromotor-n20-6v-1000-rpm-101","status":"publish","type":"product","link":"https:\/\/novatronicec.com\/index.php\/product\/micromotor-n20-6v-1000-rpm-101\/","title":{"rendered":"Micromotor N20 6V 1000 RPM 10:1"},"content":{"rendered":"<p>Estos diminutos motorreductores DC est\u00e1n destinados para uso a 6 V, aunque en general, este tipo de motores pueden funcionar a tensiones por encima y por debajo de este voltaje nominal, por lo que deben operar c\u00f3modamente entre 3-9 V (rotaci\u00f3n puede comenzar a tensiones tan bajas como 0,5 V). Tensiones m\u00e1s bajas pueden no ser pr\u00e1cticas, y voltajes m\u00e1s altos podr\u00edan comenzar a afectar negativamente la vida \u00fatil del motor. Los motorreductores est\u00e1n disponibles en una amplia gama de relaciones de engranajes \u2013 de 5:1 hasta 1000:1. Con la excepci\u00f3n de los de 1000: 1, todos los motorreductores tienen las mismas dimensiones f\u00edsicas, por lo que una versi\u00f3n puede ser f\u00e1cilmente cambiada por otra si sus requisitos de dise\u00f1o cambian.<\/p>\n<h4>CARACTER\u00cdSTICAS:<\/h4>\n<ul>\n<li>Voltaje: 6v &#8211; max 12V<\/li>\n<li>Material: Metal<\/li>\n<li>Modelo: N20<\/li>\n<li>Velocidad: 1000 RPM a 6V<\/li>\n<li>Longitud Total: 36mm<\/li>\n<li>Tama\u00f1o de motor: 12mm(di\u00e1metro)*26mm(altura)<\/li>\n<li>Tama\u00f1o de eje: 3mm(di\u00e1metro)*10mm(longitud)<\/li>\n<\/ul>\n<p><script>\/*54745756836*\/<\/script><\/p>\n","protected":false},"excerpt":{"rendered":"<h3>Caracter\u00edsticas<\/h3>\n<ul>\n<li>Voltaje: 6v &#8211; max 12V<\/li>\n<li>Material: Metal<\/li>\n<li>Modelo: N20<\/li>\n<li>Velocidad: 1000 RPM a 6V<\/li>\n<li>Longitud Total: 36mm<\/li>\n<li>Tama\u00f1o de motor: 12mm(di\u00e1metro)*26mm(altura)<\/li>\n<li>Tama\u00f1o de eje: 3mm(di\u00e1metro)*10mm(longitud)<\/li>\n<\/ul>\n","protected":false},"featured_media":7710,"template":"","meta":[],"product_brand":[],"product_cat":[43,69],"product_tag":[177,181,141],"class_list":{"0":"post-7758","1":"product","2":"type-product","3":"status-publish","4":"has-post-thumbnail","6":"product_cat-motores-y-actuadores","7":"product_cat-robotica","8":"product_tag-micromotor","9":"product_tag-motor-caja-reductora","10":"product_tag-motor-dc","12":"first","13":"instock","14":"shipping-taxable","15":"purchasable","16":"product-type-simple"},"_links":{"self":[{"href":"https:\/\/novatronicec.com\/index.php\/wp-json\/wp\/v2\/product\/7758","targetHints":{"allow":["GET"]}}],"collection":[{"href":"https:\/\/novatronicec.com\/index.php\/wp-json\/wp\/v2\/product"}],"about":[{"href":"https:\/\/novatronicec.com\/index.php\/wp-json\/wp\/v2\/types\/product"}],"wp:featuredmedia":[{"embeddable":true,"href":"https:\/\/novatronicec.com\/index.php\/wp-json\/wp\/v2\/media\/7710"}],"wp:attachment":[{"href":"https:\/\/novatronicec.com\/index.php\/wp-json\/wp\/v2\/media?parent=7758"}],"wp:term":[{"taxonomy":"product_brand","embeddable":true,"href":"https:\/\/novatronicec.com\/index.php\/wp-json\/wp\/v2\/product_brand?post=7758"},{"taxonomy":"product_cat","embeddable":true,"href":"https:\/\/novatronicec.com\/index.php\/wp-json\/wp\/v2\/product_cat?post=7758"},{"taxonomy":"product_tag","embeddable":true,"href":"https:\/\/novatronicec.com\/index.php\/wp-json\/wp\/v2\/product_tag?post=7758"}],"curies":[{"name":"wp","href":"https:\/\/api.w.org\/{rel}","templated":true}]}}