{"id":7762,"date":"2020-10-12T21:03:09","date_gmt":"2020-10-12T21:03:09","guid":{"rendered":"http:\/\/novatronicec.com\/?post_type=product&#038;p=7762"},"modified":"2025-04-11T20:46:13","modified_gmt":"2025-04-11T20:46:13","slug":"kit-estructura-brazo-robotico-para-armar-acrilico","status":"publish","type":"product","link":"https:\/\/novatronicec.com\/index.php\/product\/kit-estructura-brazo-robotico-para-armar-acrilico\/","title":{"rendered":"Kit Estructura Brazo rob\u00f3tico para armar (Acrilico)"},"content":{"rendered":"<p>Este producto se trata de un kit de brazo rob\u00f3tico o manipulador fabricado en acrilico de 3mm. Es un kit que incluye todas partes mec\u00e1nicas del brazo robotico, los tornillos y separadores para construirlo <strong>(No incluye los servos)<\/strong>. Agregando 4 micro servos SG90 podr\u00e1 construir un proyecto genial que le proporcionar\u00e1 a bajo costo una herramienta para diversi\u00f3n y aprendizaje o incluso un proyecto de ciencias para el colegio o la universidad.<\/p>\n<p>El Kit requiere adicionalmente los 4\u00a0<strong><a href=\"https:\/\/novatronicec.com\/index.php\/product\/servo-sg90-9g-180-grados\/\">microservos SG90<\/a>\u00a0<\/strong>y el microcontrolador que puede ser un\u00a0<strong><a href=\"https:\/\/novatronicec.com\/index.php\/product\/arduino-uno-r3-dip\/\">arduino UNO R3<\/a>.<\/strong><\/p>\n<h4>DOCUMENTACI\u00d3N:<\/h4>\n<ul>\n<li><a href=\"https:\/\/docs.rs-online.com\/2bb1\/0900766b81593e58.pdf\">Manual<\/a><\/li>\n<\/ul>\n<p>&nbsp;<\/p>\n","protected":false},"excerpt":{"rendered":"<p>Este producto se trata de un kit de brazo rob\u00f3tico o manipulador fabricado en acrilico de 3mm. Es un kit que incluye todas partes mec\u00e1nicas del brazo robotico, los tornillos y separadores para construirlo <strong>(No incluye los servos)<\/strong>. Agregando 4 micro servos SG90 podr\u00e1 construir un proyecto genial que le proporcionar\u00e1 a bajo costo una herramienta para diversi\u00f3n y aprendizaje o incluso un proyecto de ciencias para el colegio o la universidad.<\/p>\n","protected":false},"featured_media":7765,"template":"","meta":[],"product_brand":[],"product_cat":[69],"product_tag":[290,292,291],"class_list":{"0":"post-7762","1":"product","2":"type-product","3":"status-publish","4":"has-post-thumbnail","6":"product_cat-robotica","7":"product_tag-brazo-robotico","8":"product_tag-kit-brazo-robot","9":"product_tag-proyecto","11":"first","12":"instock","13":"shipping-taxable","14":"purchasable","15":"product-type-simple"},"_links":{"self":[{"href":"https:\/\/novatronicec.com\/index.php\/wp-json\/wp\/v2\/product\/7762","targetHints":{"allow":["GET"]}}],"collection":[{"href":"https:\/\/novatronicec.com\/index.php\/wp-json\/wp\/v2\/product"}],"about":[{"href":"https:\/\/novatronicec.com\/index.php\/wp-json\/wp\/v2\/types\/product"}],"wp:featuredmedia":[{"embeddable":true,"href":"https:\/\/novatronicec.com\/index.php\/wp-json\/wp\/v2\/media\/7765"}],"wp:attachment":[{"href":"https:\/\/novatronicec.com\/index.php\/wp-json\/wp\/v2\/media?parent=7762"}],"wp:term":[{"taxonomy":"product_brand","embeddable":true,"href":"https:\/\/novatronicec.com\/index.php\/wp-json\/wp\/v2\/product_brand?post=7762"},{"taxonomy":"product_cat","embeddable":true,"href":"https:\/\/novatronicec.com\/index.php\/wp-json\/wp\/v2\/product_cat?post=7762"},{"taxonomy":"product_tag","embeddable":true,"href":"https:\/\/novatronicec.com\/index.php\/wp-json\/wp\/v2\/product_tag?post=7762"}],"curies":[{"name":"wp","href":"https:\/\/api.w.org\/{rel}","templated":true}]}}