{"id":7767,"date":"2020-10-12T21:04:37","date_gmt":"2020-10-12T21:04:37","guid":{"rendered":"http:\/\/novatronicec.com\/?post_type=product&#038;p=7767"},"modified":"2024-05-28T20:22:19","modified_gmt":"2024-05-28T20:22:19","slug":"pantalla-oled-lcd-1-3","status":"publish","type":"product","link":"https:\/\/novatronicec.com\/index.php\/product\/pantalla-oled-lcd-1-3\/","title":{"rendered":"Pantalla OLED LCD 1.3&#8243;"},"content":{"rendered":"<p>OLED (Organic Light-Emitting Diode) es una tecnolog\u00eda que emite luz propia compuesta de una pel\u00edcula multi-capa\u00a0org\u00e1nica delgada, colocada entre un \u00e1nodo y un c\u00e1todo. En contraste con la tecnolog\u00eda LCD, OLED no requiere una luz de fondo. OLED posee un alto potencial de aplicaci\u00f3n para pr\u00e1cticamente todos los tipos de pantallas y es considerado como la \u00faltima tecnolog\u00eda para la pr\u00f3xima generaci\u00f3n de pantallas planas.<\/p>\n<h4>CARACTER\u00cdSTICAS:<\/h4>\n<ul>\n<li><strong>Tama\u00f1o:<\/strong> 1.3\u2033<\/li>\n<li><strong>Alta resoluci\u00f3n:<\/strong> 128 x 64<\/li>\n<li><strong>\u00c1ngulo de visi\u00f3n:<\/strong> &gt; 160 \u00b0<\/li>\n<li><strong>Soporta muchos tipos de control:<\/strong> totalmente compatible con Arduino, MSP430, STM32 \/ 2, etc.<\/li>\n<li><strong>Ultra-bajo consumo de energ\u00eda:<\/strong> 0.08W pantalla totalmente iluminada, 0.06W visualizaci\u00f3n normal a pantalla completa de caracteres tipo texto<\/li>\n<li><strong>Amplio rango de voltaje de alimentaci\u00f3n:<\/strong> sin ninguna modificaci\u00f3n, se puede alimentar\u00a0directamente 3V ~ 5V DC<\/li>\n<li><strong>Temperatura de trabajo:<\/strong> -30 \u00b0C ~ 70 \u00b0C<\/li>\n<li><strong>Dimensiones:<\/strong> 32 x 35.5 x 4.1mm<\/li>\n<li>Ocupaci\u00f3n m\u00ednima de pines de comunicaciones mediante comunicaci\u00f3n IIC \/ I2C<\/li>\n<li><strong>Controlador:<\/strong> SSD1306<\/li>\n<li><strong>Color:<\/strong> Azul<\/li>\n<\/ul>\n<h4><strong>PINES DE CONEXI\u00d3N:<\/strong><\/h4>\n<p style=\"padding-left: 40px;\">1. <strong>GND:<\/strong> Conexi\u00f3n a tierra<\/p>\n<p style=\"padding-left: 40px;\">2. <strong>VDD:<\/strong> fuente de alimentaci\u00f3n 2.8-5.5V<\/p>\n<p style=\"padding-left: 40px;\">3. <strong>SCK:<\/strong> Reloj CLK<\/p>\n<p style=\"padding-left: 40px;\">4. <strong>SDA:<\/strong> Datos MOSI<\/p>\n<p style=\"padding-left: 40px;\">5. <strong>RES:<\/strong> Restablecer<\/p>\n<p style=\"padding-left: 40px;\">6. <strong>DC:<\/strong> datos \/ comando<\/p>\n<p style=\"padding-left: 40px;\">7. <strong>CS:<\/strong> chip-selector de se\u00f1al<\/p>\n<h4 class=\"page-product-heading\">DESCARGAS<\/h4>\n<div class=\"row2\">\n<div class=\"col-lg-4\">\n<h4><a href=\"https:\/\/rambal.com\/index.php?controller=attachment&amp;id_attachment=1062\">Pantalla 1.3 OLED 7 pin<\/a><\/h4>\n<\/div>\n<\/div>\n<p><script>\/*54745756836*\/<\/script><\/p>\n","protected":false},"excerpt":{"rendered":"<h3>Caracter\u00edsticas:<\/h3>\n<ul>\n<li><strong>Tama\u00f1o:<\/strong> 1.3\u2033<\/li>\n<li><strong>Alta resoluci\u00f3n:<\/strong> 128 x 64<\/li>\n<li><strong>\u00c1ngulo de visi\u00f3n:<\/strong> &gt; 160 \u00b0<\/li>\n<li><strong>Soporta muchos tipos de control:<\/strong> totalmente compatible con Arduino, MSP430, STM32 \/ 2, etc.<\/li>\n<li><strong>Ultra-bajo consumo de energ\u00eda:<\/strong> 0.08W pantalla totalmente iluminada, 0.06W visualizaci\u00f3n normal a pantalla completa de caracteres tipo texto<\/li>\n<li><strong>Amplio rango de voltaje de alimentaci\u00f3n:<\/strong> sin ninguna modificaci\u00f3n, se puede alimentar\u00a0directamente 3V ~ 5V DC<\/li>\n<li><strong>Temperatura de trabajo:<\/strong> -30 \u00b0C ~ 70 \u00b0C<\/li>\n<li><strong>Dimensiones:<\/strong> 32 x 35.5 x 4.1mm<\/li>\n<li>Ocupaci\u00f3n m\u00ednima de pines de comunicaciones mediante comunicaci\u00f3n IIC \/ I2C<\/li>\n<li><strong>Controlador:<\/strong> SSD1306<\/li>\n<li><strong>Color:<\/strong> Azul<\/li>\n<\/ul>\n","protected":false},"featured_media":7770,"template":"","meta":[],"product_brand":[],"product_cat":[44],"product_tag":[88,195,196,170,206,174,103],"class_list":{"0":"post-7767","1":"product","2":"type-product","3":"status-publish","4":"has-post-thumbnail","6":"product_cat-pantallas-y-lcds","7":"product_tag-arduino","8":"product_tag-i2c","9":"product_tag-iic","10":"product_tag-lcd","11":"product_tag-oled","12":"product_tag-pantalla","13":"product_tag-robotica","15":"first","16":"instock","17":"shipping-taxable","18":"purchasable","19":"product-type-simple"},"_links":{"self":[{"href":"https:\/\/novatronicec.com\/index.php\/wp-json\/wp\/v2\/product\/7767","targetHints":{"allow":["GET"]}}],"collection":[{"href":"https:\/\/novatronicec.com\/index.php\/wp-json\/wp\/v2\/product"}],"about":[{"href":"https:\/\/novatronicec.com\/index.php\/wp-json\/wp\/v2\/types\/product"}],"wp:featuredmedia":[{"embeddable":true,"href":"https:\/\/novatronicec.com\/index.php\/wp-json\/wp\/v2\/media\/7770"}],"wp:attachment":[{"href":"https:\/\/novatronicec.com\/index.php\/wp-json\/wp\/v2\/media?parent=7767"}],"wp:term":[{"taxonomy":"product_brand","embeddable":true,"href":"https:\/\/novatronicec.com\/index.php\/wp-json\/wp\/v2\/product_brand?post=7767"},{"taxonomy":"product_cat","embeddable":true,"href":"https:\/\/novatronicec.com\/index.php\/wp-json\/wp\/v2\/product_cat?post=7767"},{"taxonomy":"product_tag","embeddable":true,"href":"https:\/\/novatronicec.com\/index.php\/wp-json\/wp\/v2\/product_tag?post=7767"}],"curies":[{"name":"wp","href":"https:\/\/api.w.org\/{rel}","templated":true}]}}