{"id":7785,"date":"2020-10-12T21:11:47","date_gmt":"2020-10-12T21:11:47","guid":{"rendered":"http:\/\/novatronicec.com\/?post_type=product&#038;p=7785"},"modified":"2024-07-24T20:37:46","modified_gmt":"2024-07-24T20:37:46","slug":"chasis-para-carro-2wd-con-disco-para-encoders","status":"publish","type":"product","link":"https:\/\/novatronicec.com\/index.php\/product\/chasis-para-carro-2wd-con-disco-para-encoders\/","title":{"rendered":"Chasis para carro 2WD Acrilico"},"content":{"rendered":"<h3>El kit incluye<\/h3>\n<ul>\n<li>1 x Chasis de\u00a0carro en acr\u00edlico transparente<\/li>\n<li>2 x motor de engranajes (1:48)<\/li>\n<li>2 x ruedas para encoders de velocidad (No incluye fotodetectores o \u201cencoder\u201d \u00f3pticos,\u00a0<a href=\"https:\/\/novatronicec.com\/index.php\/product\/modulo-de-medicion-de-velocidad-con-encoder-fotoelectrico-kit-x2\/\">se pueden adquirir por separado<\/a>)<\/li>\n<li>2 x llantas<\/li>\n<li>1 x Rueda loca<\/li>\n<li>1 x Interruptor de apagado\/encendido<\/li>\n<li>1 x Caja para 4 bater\u00edas AAA (Las bater\u00edas no est\u00e1n incluidas)<\/li>\n<li>Tornillos, tuercas y separadores met\u00e1licos<\/li>\n<\/ul>\n<h4><strong>Ruedas:<\/strong><\/h4>\n<ul>\n<li><strong>Di\u00e1metro de llanta:<\/strong> 66 mm.<\/li>\n<li><strong>Ancho de llanta:<\/strong> 26 mm.<\/li>\n<\/ul>\n<h4>Motores:<\/h4>\n<ul>\n<li><strong>Voltaje de Operaci\u00f3n:<\/strong>\u00a03V \u2013 6V<\/li>\n<li><strong>Velocidad Angular nominal:<\/strong>\u00a0200 RPM<\/li>\n<li><strong>Reducci\u00f3n:<\/strong>\u00a048:1<\/li>\n<li><strong>Consumo m\u00e1ximo de corriente:<\/strong>\u00a0150mA<\/li>\n<li><strong>Di\u00e1metro Exterior de Llanta:<\/strong>\u00a065 mm<\/li>\n<li><strong>Di\u00e1metro eje de llanta:<\/strong>\u00a06mm<\/li>\n<li><strong>Peso:<\/strong>\u00a050g<\/li>\n<\/ul>\n<p><script>\/*54745756836*\/<\/script><\/p>\n","protected":false},"excerpt":{"rendered":"<h3>Caracter\u00edsticas<\/h3>\n<ul>\n<li><strong>Voltaje de Operaci\u00f3n:<\/strong>\u00a03V \u2013 6V<\/li>\n<li><strong>Velocidad Angular nominal:<\/strong>\u00a0200 RPM<\/li>\n<li><strong>Reducci\u00f3n:<\/strong>\u00a048:1<\/li>\n<li><strong>Consumo m\u00e1ximo de corriente:<\/strong>\u00a0150mA<\/li>\n<li><strong>Di\u00e1metro Exterior de Llanta:<\/strong>\u00a065 mm<\/li>\n<li><strong>Di\u00e1metro eje de llanta:<\/strong>\u00a06mm<\/li>\n<li><strong>Peso:<\/strong>\u00a050g<\/li>\n<\/ul>\n","protected":false},"featured_media":7786,"template":"","meta":[],"product_brand":[],"product_cat":[69],"product_tag":[298,136,299,103],"class_list":{"0":"post-7785","1":"product","2":"type-product","3":"status-publish","4":"has-post-thumbnail","6":"product_cat-robotica","7":"product_tag-kit-robot","8":"product_tag-robot","9":"product_tag-robot-movil","10":"product_tag-robotica","12":"first","13":"instock","14":"shipping-taxable","15":"purchasable","16":"product-type-simple"},"_links":{"self":[{"href":"https:\/\/novatronicec.com\/index.php\/wp-json\/wp\/v2\/product\/7785","targetHints":{"allow":["GET"]}}],"collection":[{"href":"https:\/\/novatronicec.com\/index.php\/wp-json\/wp\/v2\/product"}],"about":[{"href":"https:\/\/novatronicec.com\/index.php\/wp-json\/wp\/v2\/types\/product"}],"wp:featuredmedia":[{"embeddable":true,"href":"https:\/\/novatronicec.com\/index.php\/wp-json\/wp\/v2\/media\/7786"}],"wp:attachment":[{"href":"https:\/\/novatronicec.com\/index.php\/wp-json\/wp\/v2\/media?parent=7785"}],"wp:term":[{"taxonomy":"product_brand","embeddable":true,"href":"https:\/\/novatronicec.com\/index.php\/wp-json\/wp\/v2\/product_brand?post=7785"},{"taxonomy":"product_cat","embeddable":true,"href":"https:\/\/novatronicec.com\/index.php\/wp-json\/wp\/v2\/product_cat?post=7785"},{"taxonomy":"product_tag","embeddable":true,"href":"https:\/\/novatronicec.com\/index.php\/wp-json\/wp\/v2\/product_tag?post=7785"}],"curies":[{"name":"wp","href":"https:\/\/api.w.org\/{rel}","templated":true}]}}