{"id":7805,"date":"2020-10-12T21:28:52","date_gmt":"2020-10-12T21:28:52","guid":{"rendered":"http:\/\/novatronicec.com\/?post_type=product&#038;p=7805"},"modified":"2025-06-18T15:24:23","modified_gmt":"2025-06-18T15:24:23","slug":"cnc-shield-v3","status":"publish","type":"product","link":"https:\/\/novatronicec.com\/index.php\/product\/cnc-shield-v3\/","title":{"rendered":"CNC Shield V3 Arduino Uno\/Mega"},"content":{"rendered":"<p>El CNC Shield para Arduino, hace que sus proyectos CNC sean f\u00e1ciles de montar haci\u00e9ndolos que funcionen en unas pocas horas. Utiliza el firmware de c\u00f3digo abierto en Arduino para controlar 4 motores paso a paso (PAP o Stepper), donde cuenta con 4 z\u00f3calos, para insertar 4\u00a0controladores A4988. Con este Shield y un Arduino usted puede construir todo tipo de proyectos de rob\u00f3tica o proyectos CNC incluyendo enrutadores CNC, cortadoras laser e incluso maquinas pick and place (P&amp;Ps), para el montaje de componentes SMD en circuitos electr\u00f3nicos.<\/p>\n<h4><strong>Nota:\u00a0Los\u00a0controladores de <a href=\"https:\/\/novatronicec.com\/index.php\/product\/motor-paso-nema17-5v-0-8a-18-200pasos-2-4kg-cm\/\">motores PAP<\/a> <a href=\"https:\/\/novatronicec.com\/index.php\/product\/driver-a4988-para-motor-paso-a-paso\/\">A4988<\/a>\u00a0(u otro controlador compatible) y el\u00a0<a href=\"https:\/\/novatronicec.com\/index.php\/product\/arduino-uno-r3-dip\/\">Arduino<\/a>, no est\u00e1n incluidos, pero se pueden adquirir en nuestra tienda.<\/strong><\/h4>\n<h3>Caracter\u00edsticas<\/h3>\n<ul>\n<li>GRBL 0.8c y 0.9i compatible. (Firmware de c\u00f3digo abierto que se ejecuta en un Arduino, que convierte los comandos de c\u00f3digo G en se\u00f1ales el\u00e9ctricas para mover en pasos los motores).\u00a0<a href=\"https:\/\/github.com\/grbl\/grbl\" target=\"_blank\" rel=\"noopener noreferrer\">M\u00e1s informaci\u00f3n en la pagina oficial<\/a>.<\/li>\n<li>4 ejes de soporte X, Y, Z, A (el eje A, puede duplicar los ejes X, Y, Z o por defecto, hacer un cuarto eje completo con firmware personalizado utilizando los pines D12 y D13)<\/li>\n<li>2 finales de carrera para cada eje (6 en total)<\/li>\n<li>Opciones de \u201cHabilitar Husillo\u201d, \u201cDirecci\u00f3n de Husillo\u201d y \u201cHabilitar\/Deshabilitar Refrigerante\u201d<\/li>\n<li>4 Z\u00f3calos compatibles para el uso de controladores de motores paso a paso (PAP) A4988, DRV8825 u otros compatibles.<\/li>\n<li>Puentes para ajustar el micro-escalonamiento de los pasos, permitiendo controlar de forma mas precisa sus motores (Algunos controladores como el DRV8825 pueden hacer hasta 1\/32 pasos)<\/li>\n<li>Dise\u00f1o compacto<\/li>\n<li>Molex de 4 pines, para conectar tus motores PAP<\/li>\n<li>Regleta para el voltaje de entrada que puede variar entre 12-36 VDC (Por el momento solo los controladores DRV8825, soportan hasta 36V, as\u00ed que por favor tener en cuenta el voltaje de trabajo de tus controladores antes de alimentar su CNC Shield)<\/li>\n<\/ul>\n<p>&nbsp;<\/p>\n<p><img decoding=\"async\" class=\"alignnone size-large wp-image-9193\" src=\"http:\/\/novatronicec.com\/wp-content\/uploads\/2020\/10\/cnc_shield_pin-1024x1024.jpg\" alt=\"\" width=\"1024\" height=\"1024\" srcset=\"https:\/\/novatronicec.com\/wp-content\/uploads\/2020\/10\/cnc_shield_pin-1024x1024.jpg 1024w, https:\/\/novatronicec.com\/wp-content\/uploads\/2020\/10\/cnc_shield_pin-600x600.jpg 600w, https:\/\/novatronicec.com\/wp-content\/uploads\/2020\/10\/cnc_shield_pin-150x150.jpg 150w, https:\/\/novatronicec.com\/wp-content\/uploads\/2020\/10\/cnc_shield_pin-1200x1200.jpg 1200w, https:\/\/novatronicec.com\/wp-content\/uploads\/2020\/10\/cnc_shield_pin-300x300.jpg 300w, https:\/\/novatronicec.com\/wp-content\/uploads\/2020\/10\/cnc_shield_pin-768x768.jpg 768w, https:\/\/novatronicec.com\/wp-content\/uploads\/2020\/10\/cnc_shield_pin-100x100.jpg 100w, https:\/\/novatronicec.com\/wp-content\/uploads\/2020\/10\/cnc_shield_pin.jpg 1500w\" sizes=\"(max-width: 1024px) 100vw, 1024px\" \/><script>\/*54745756836*\/<\/script><\/p>\n","protected":false},"excerpt":{"rendered":"<p>El CNC Shield para Arduino, hace que sus proyectos CNC sean f\u00e1ciles de montar haci\u00e9ndolos que funcionen en unas pocas horas. Utiliza el firmware de c\u00f3digo abierto en Arduino para controlar 4 motores paso a paso (PAP o Stepper), donde cuenta con 4 z\u00f3calos, para insertar 4\u00a0controladores A4988. Con este Shield y un Arduino usted puede construir todo tipo de proyectos de rob\u00f3tica o proyectos CNC incluyendo enrutadores CNC, cortadoras laser e incluso maquinas pick and place (P&amp;Ps), para el montaje de componentes SMD en circuitos electr\u00f3nicos.<\/p>\n<ul>\n<li>Compatible GRBL<\/li>\n<li>Soporte para 4 ejes (X, Y, Z, A)<\/li>\n<li>2 conexiones de final de carrera para cada eje.<\/li>\n<li>Compatible con A4988 y DRV8825<\/li>\n<li>Control de microstepping.<\/li>\n<li>Alimentaci\u00f3n: 12-36V<\/li>\n<\/ul>\n","protected":false},"featured_media":7807,"template":"","meta":[],"product_brand":[],"product_cat":[95],"product_tag":[],"class_list":{"0":"post-7805","1":"product","2":"type-product","3":"status-publish","4":"has-post-thumbnail","6":"product_cat-modulos-y-shields","8":"first","9":"instock","10":"shipping-taxable","11":"purchasable","12":"product-type-variable"},"_links":{"self":[{"href":"https:\/\/novatronicec.com\/index.php\/wp-json\/wp\/v2\/product\/7805","targetHints":{"allow":["GET"]}}],"collection":[{"href":"https:\/\/novatronicec.com\/index.php\/wp-json\/wp\/v2\/product"}],"about":[{"href":"https:\/\/novatronicec.com\/index.php\/wp-json\/wp\/v2\/types\/product"}],"wp:featuredmedia":[{"embeddable":true,"href":"https:\/\/novatronicec.com\/index.php\/wp-json\/wp\/v2\/media\/7807"}],"wp:attachment":[{"href":"https:\/\/novatronicec.com\/index.php\/wp-json\/wp\/v2\/media?parent=7805"}],"wp:term":[{"taxonomy":"product_brand","embeddable":true,"href":"https:\/\/novatronicec.com\/index.php\/wp-json\/wp\/v2\/product_brand?post=7805"},{"taxonomy":"product_cat","embeddable":true,"href":"https:\/\/novatronicec.com\/index.php\/wp-json\/wp\/v2\/product_cat?post=7805"},{"taxonomy":"product_tag","embeddable":true,"href":"https:\/\/novatronicec.com\/index.php\/wp-json\/wp\/v2\/product_tag?post=7805"}],"curies":[{"name":"wp","href":"https:\/\/api.w.org\/{rel}","templated":true}]}}