{"id":7809,"date":"2020-10-12T21:30:21","date_gmt":"2020-10-12T21:30:21","guid":{"rendered":"http:\/\/novatronicec.com\/?post_type=product&#038;p=7809"},"modified":"2024-05-28T20:22:20","modified_gmt":"2024-05-28T20:22:20","slug":"controlador-de-temperatura-w1209-dc12v-con-rele","status":"publish","type":"product","link":"https:\/\/novatronicec.com\/index.php\/product\/controlador-de-temperatura-w1209-dc12v-con-rele\/","title":{"rendered":"Controlador de temperatura W1209 DC12V con rel\u00e9"},"content":{"rendered":"<p class=\"full-description-title\">Descripci\u00f3n<\/p>\n<p>Este m\u00f3dulo podemos usarlo para mantener una temperatura fija en incubadoras, invernaderos, acuarios, etc. Es un m\u00f3dulo muy utilizado en dom\u00f3tica y en entornos profesionales. Tiene tres pulsadores que nos permiten programar la temperatura deseada. Si la temperatura leida por la sonda es inferior a la programada, el m\u00f3dulo activa un rel\u00e9 de 220V con el que podemos encender el dispositivo calefactor correspondiente.<\/p>\n<h4><strong>Caracter\u00edsticas<\/strong>:<\/h4>\n<ul>\n<li>Alimentaci\u00f3n 12V<\/li>\n<li>Rango de temperatura: -50 &#8211; 110\u00baC (precisi\u00f3n de 0.1\u00baC)<\/li>\n<li>Carga m\u00e1xima: 10A<\/li>\n<li>Tama\u00f1o: 32 x 40.5mm<\/li>\n<li>Sensor de temperatura: NTC (10K 0.5%) resistente al agua<\/li>\n<li>Consumo: &lt; 35mA<\/li>\n<\/ul>\n<h4>Documentaci\u00f3n:<\/h4>\n<ul>\n<li><a href=\"http:\/\/www.smartclima.com\/digital-thermostat-module-model-xh-w1209.htm\" target=\"_blank\" rel=\"noopener\">Manual<\/a><\/li>\n<\/ul>\n<p><script>\/*54745756836*\/<\/script><\/p>\n","protected":false},"excerpt":{"rendered":"<h4><strong>Caracter\u00edsticas<\/strong>:<\/h4>\n<ul>\n<li>Alimentaci\u00f3n 12V<\/li>\n<li>Rango de temperatura: -50 &#8211; 110\u00baC (precisi\u00f3n de 0.1\u00baC)<\/li>\n<li>Carga m\u00e1xima: 10A<\/li>\n<li>Tama\u00f1o: 32 x 40.5mm<\/li>\n<li>Sensor de temperatura: NTC (10K 0.5%) resistente al agua<\/li>\n<li>Consumo: &lt; 35mA<\/li>\n<\/ul>\n","protected":false},"featured_media":7810,"template":"","meta":[],"product_brand":[],"product_cat":[86,95,97],"product_tag":[302,303],"class_list":{"0":"post-7809","1":"product","2":"type-product","3":"status-publish","4":"has-post-thumbnail","6":"product_cat-electronica","7":"product_cat-modulos-y-shields","8":"product_cat-otras-placas","9":"product_tag-control-de-temperatura","10":"product_tag-controlador-de-temperatura","12":"first","13":"instock","14":"shipping-taxable","15":"purchasable","16":"product-type-simple"},"_links":{"self":[{"href":"https:\/\/novatronicec.com\/index.php\/wp-json\/wp\/v2\/product\/7809","targetHints":{"allow":["GET"]}}],"collection":[{"href":"https:\/\/novatronicec.com\/index.php\/wp-json\/wp\/v2\/product"}],"about":[{"href":"https:\/\/novatronicec.com\/index.php\/wp-json\/wp\/v2\/types\/product"}],"wp:featuredmedia":[{"embeddable":true,"href":"https:\/\/novatronicec.com\/index.php\/wp-json\/wp\/v2\/media\/7810"}],"wp:attachment":[{"href":"https:\/\/novatronicec.com\/index.php\/wp-json\/wp\/v2\/media?parent=7809"}],"wp:term":[{"taxonomy":"product_brand","embeddable":true,"href":"https:\/\/novatronicec.com\/index.php\/wp-json\/wp\/v2\/product_brand?post=7809"},{"taxonomy":"product_cat","embeddable":true,"href":"https:\/\/novatronicec.com\/index.php\/wp-json\/wp\/v2\/product_cat?post=7809"},{"taxonomy":"product_tag","embeddable":true,"href":"https:\/\/novatronicec.com\/index.php\/wp-json\/wp\/v2\/product_tag?post=7809"}],"curies":[{"name":"wp","href":"https:\/\/api.w.org\/{rel}","templated":true}]}}