{"id":7823,"date":"2020-10-12T21:37:40","date_gmt":"2020-10-12T21:37:40","guid":{"rendered":"http:\/\/novatronicec.com\/?post_type=product&#038;p=7823"},"modified":"2024-05-28T20:22:20","modified_gmt":"2024-05-28T20:22:20","slug":"shield-expansion-para-arduino-nano","status":"publish","type":"product","link":"https:\/\/novatronicec.com\/index.php\/product\/shield-expansion-para-arduino-nano\/","title":{"rendered":"Shield expansi\u00f3n para arduino Nano"},"content":{"rendered":"<h4>DETALLES<\/h4>\n<p>Esta placa o tarjeta de expansi\u00f3n para el microprocesador arduino Nano 328P proporciona todos los terminales de conexi\u00f3n IO. Incorpora bloques de 3 pines con tierra, voltaje y se\u00f1al para facilitar la conexi\u00f3n con los sensores que se desee trabajar. Adicionalmente, incorpora un terminal de entrada de alimentaci\u00f3n externa que soporta de 7VDC a 12VDC. Igualmente posee un terminal para comunicaci\u00f3n inal\u00e1mbrica bluetooth para ampliar las posibilidades inal\u00e1mbricas del Nano.<\/p>\n<h4><strong>CARACTER\u00cdSTICAS<\/strong><\/h4>\n<ul>\n<li>Para expansi\u00f3n del arduino Nano 328P.<\/li>\n<li>Alimentaci\u00f3n externa de 7VDC a 12VDC.<\/li>\n<li>14 pines de E \/ S (tipo de servo con GND, alimentaci\u00f3n y se\u00f1al).<\/li>\n<li>8 pines anal\u00f3gicos con salida de alimentaci\u00f3n y GND.<\/li>\n<li>6 PWM Pin.<\/li>\n<li>AREF salida.<\/li>\n<li>3.3V salida.<\/li>\n<li>1 entrada de alimentaci\u00f3n servo.<\/li>\n<li>Expansi\u00f3n I2C.<\/li>\n<li>Tama\u00f1o del\u00a0pin\u00a0: 6&#215;5.3&#215;1.3cm (aprox)<\/li>\n<\/ul>\n<p><script>\/*54745756836*\/<\/script><\/p>\n","protected":false},"excerpt":{"rendered":"<h4>Caracter\u00edsticas:<\/h4>\n<ul>\n<li>Para expansi\u00f3n del arduino Nano 328P.<\/li>\n<li>Alimentaci\u00f3n externa de 7VDC a 12VDC.<\/li>\n<li>14 pines de E \/ S (tipo de servo con GND, alimentaci\u00f3n y se\u00f1al).<\/li>\n<li>8 pines anal\u00f3gicos con salida de alimentaci\u00f3n y GND.<\/li>\n<li>6 PWM Pin.<\/li>\n<li>AREF salida.<\/li>\n<li>3.3V salida.<\/li>\n<li>1 entrada de alimentaci\u00f3n servo.<\/li>\n<li>Expansi\u00f3n I2C.<\/li>\n<li>Tama\u00f1o del\u00a0pin\u00a0: 6&#215;5.3&#215;1.3cm (aprox)<\/li>\n<\/ul>\n","protected":false},"featured_media":7825,"template":"","meta":[],"product_brand":[],"product_cat":[95],"product_tag":[306,304],"class_list":{"0":"post-7823","1":"product","2":"type-product","3":"status-publish","4":"has-post-thumbnail","6":"product_cat-modulos-y-shields","7":"product_tag-arduino-nano-shield","8":"product_tag-nano-shield","10":"first","11":"instock","12":"shipping-taxable","13":"purchasable","14":"product-type-simple"},"_links":{"self":[{"href":"https:\/\/novatronicec.com\/index.php\/wp-json\/wp\/v2\/product\/7823","targetHints":{"allow":["GET"]}}],"collection":[{"href":"https:\/\/novatronicec.com\/index.php\/wp-json\/wp\/v2\/product"}],"about":[{"href":"https:\/\/novatronicec.com\/index.php\/wp-json\/wp\/v2\/types\/product"}],"wp:featuredmedia":[{"embeddable":true,"href":"https:\/\/novatronicec.com\/index.php\/wp-json\/wp\/v2\/media\/7825"}],"wp:attachment":[{"href":"https:\/\/novatronicec.com\/index.php\/wp-json\/wp\/v2\/media?parent=7823"}],"wp:term":[{"taxonomy":"product_brand","embeddable":true,"href":"https:\/\/novatronicec.com\/index.php\/wp-json\/wp\/v2\/product_brand?post=7823"},{"taxonomy":"product_cat","embeddable":true,"href":"https:\/\/novatronicec.com\/index.php\/wp-json\/wp\/v2\/product_cat?post=7823"},{"taxonomy":"product_tag","embeddable":true,"href":"https:\/\/novatronicec.com\/index.php\/wp-json\/wp\/v2\/product_tag?post=7823"}],"curies":[{"name":"wp","href":"https:\/\/api.w.org\/{rel}","templated":true}]}}