{"id":7828,"date":"2020-10-12T21:40:21","date_gmt":"2020-10-12T21:40:21","guid":{"rendered":"http:\/\/novatronicec.com\/?post_type=product&#038;p=7828"},"modified":"2024-05-28T20:22:20","modified_gmt":"2024-05-28T20:22:20","slug":"regleta-de-8-sensores-infrarrojos-para-seguidor-de-linea","status":"publish","type":"product","link":"https:\/\/novatronicec.com\/index.php\/product\/regleta-de-8-sensores-infrarrojos-para-seguidor-de-linea\/","title":{"rendered":"Regleta de 8 sensores infrarrojos para seguidor de l\u00ednea"},"content":{"rendered":"<p>Modulo Sensor Digital &#8211; Arreglo de 8 Sensores con salidas independientes para implementar en diversos Proyectos y Prototipos tales como Robot Sumo, Seguidor de Linea, Evasor de Obstaculo, Proximidad, entre otros.<\/p>\n<p>Cada sensor proporciona por separado una Salida digital que se puede medir por medio de un Microcontrolador PIC, Arduino o Raspberry PI.<\/p>\n<p>El arreglo de sensores de reflexi\u00f3n tipo QTR-8 est\u00e1 pensado como un sensor de l\u00ednea, pero puede ser utilizado para identificar la proximidad o como un sensor de reflectancia. El modulo tipo QTR 8 dispone de ocho emisores de infrarrojos y de 8 receptores (fototransistor).<\/p>\n<h4><strong>CARACTER\u00cdSTICAS:\u00a0<\/strong><\/h4>\n<ul>\n<li>Sensor de linea Digital Infrarrojo de 8 Canales (Compatible a QTR)<\/li>\n<li>Voltaje de Operaci\u00f3n: 5V<\/li>\n<li>Consumo de corriente: 100 mA ~ 160 mA<\/li>\n<li>Salida: Digital<\/li>\n<li>Distancia \u00f3ptima de detecci\u00f3n: 3 mm<\/li>\n<li>M\u00e1xima distancia de detecci\u00f3n recomendada: 6 mm<\/li>\n<li>Dimensiones: 65.7mm x 16mm<\/li>\n<\/ul>\n<p><script>\/*54745756836*\/<\/script><\/p>\n","protected":false},"excerpt":{"rendered":"<h3><strong>Caracter\u00edsticas:\u00a0<\/strong><\/h3>\n<ul>\n<li>Sensor de Linea Digital Infrarrojo de 8 Canales (Compatible a QTR)<\/li>\n<li>Voltaje de Operaci\u00f3n: 5V<\/li>\n<li>Consumo de corriente: 100 mA ~ 160 mA<\/li>\n<li>Salida: Digital<\/li>\n<li>Distancia \u00f3ptima de detecci\u00f3n: 3 mm<\/li>\n<li>M\u00e1xima distancia de detecci\u00f3n recomendada: 6 mm<\/li>\n<li>Dimensiones: 65.7mm x 16mm<\/li>\n<\/ul>\n","protected":false},"featured_media":7834,"template":"","meta":[],"product_brand":[],"product_cat":[45],"product_tag":[214,213,136,212,207,208],"class_list":{"0":"post-7828","1":"product","2":"type-product","3":"status-publish","4":"has-post-thumbnail","6":"product_cat-sensores","7":"product_tag-infrarrojo","8":"product_tag-ir","9":"product_tag-robot","10":"product_tag-seguidor-de-linea","11":"product_tag-sensor","12":"product_tag-sensores","14":"first","15":"instock","16":"shipping-taxable","17":"purchasable","18":"product-type-simple"},"_links":{"self":[{"href":"https:\/\/novatronicec.com\/index.php\/wp-json\/wp\/v2\/product\/7828","targetHints":{"allow":["GET"]}}],"collection":[{"href":"https:\/\/novatronicec.com\/index.php\/wp-json\/wp\/v2\/product"}],"about":[{"href":"https:\/\/novatronicec.com\/index.php\/wp-json\/wp\/v2\/types\/product"}],"wp:featuredmedia":[{"embeddable":true,"href":"https:\/\/novatronicec.com\/index.php\/wp-json\/wp\/v2\/media\/7834"}],"wp:attachment":[{"href":"https:\/\/novatronicec.com\/index.php\/wp-json\/wp\/v2\/media?parent=7828"}],"wp:term":[{"taxonomy":"product_brand","embeddable":true,"href":"https:\/\/novatronicec.com\/index.php\/wp-json\/wp\/v2\/product_brand?post=7828"},{"taxonomy":"product_cat","embeddable":true,"href":"https:\/\/novatronicec.com\/index.php\/wp-json\/wp\/v2\/product_cat?post=7828"},{"taxonomy":"product_tag","embeddable":true,"href":"https:\/\/novatronicec.com\/index.php\/wp-json\/wp\/v2\/product_tag?post=7828"}],"curies":[{"name":"wp","href":"https:\/\/api.w.org\/{rel}","templated":true}]}}