{"id":7836,"date":"2020-10-12T21:41:28","date_gmt":"2020-10-12T21:41:28","guid":{"rendered":"http:\/\/novatronicec.com\/?post_type=product&#038;p=7836"},"modified":"2024-05-28T20:22:20","modified_gmt":"2024-05-28T20:22:20","slug":"modulo-de-reloj-ds1302-real-time","status":"publish","type":"product","link":"https:\/\/novatronicec.com\/index.php\/product\/modulo-de-reloj-ds1302-real-time\/","title":{"rendered":"M\u00f3dulo de reloj DS1302 Real Time"},"content":{"rendered":"<h4 class=\"full-description-title\">DETALLES<\/h4>\n<p>Este m\u00f3dulo se basa en el chip DS1302 que permite mantener la fecha y hora con un alto grado de precisi\u00f3n. Dado que en el m\u00f3dulo podemos alojar una pila de bot\u00f3n (tipo CR2032, no incluida), el reloj seguir\u00e1 funcionando aunque apaguemos el Arduino. Se comunica con Arduino v\u00eda serie.<\/p>\n<h4><strong>CARACTER\u00cdSTICAS<\/strong>:<\/h4>\n<ul>\n<li>Alimentaci\u00f3n: 2.0 &#8211; 5.5V<\/li>\n<li>Consume menos de 300nA a 2.0V<\/li>\n<li>Interface serie simple de 3 pines<\/li>\n<\/ul>\n<h4><b>DOCUMENTACI\u00d3N:<\/b><\/h4>\n<ul>\n<li><a href=\"http:\/\/playground.arduino.cc\/Main\/DS1302\" target=\"_blank\" rel=\"noopener\">Ejemplo de uso en arduino.cc<\/a><\/li>\n<\/ul>\n<p><script>\/*54745756836*\/<\/script><\/p>\n","protected":false},"excerpt":{"rendered":"<h3><strong>Caracter\u00edsticas<\/strong>:<\/h3>\n<ul>\n<li>Alimentaci\u00f3n: 2.0 &#8211; 5.5V<\/li>\n<li>Consume menos de 300nA a 2.0V<\/li>\n<li>Interface serie simple de 3 pines<\/li>\n<\/ul>\n","protected":false},"featured_media":7839,"template":"","meta":[],"product_brand":[],"product_cat":[95],"product_tag":[308,309],"class_list":{"0":"post-7836","1":"product","2":"type-product","3":"status-publish","4":"has-post-thumbnail","6":"product_cat-modulos-y-shields","7":"product_tag-modulo-de-reloj","8":"product_tag-modulo-ds1302","10":"first","11":"instock","12":"shipping-taxable","13":"purchasable","14":"product-type-simple"},"_links":{"self":[{"href":"https:\/\/novatronicec.com\/index.php\/wp-json\/wp\/v2\/product\/7836","targetHints":{"allow":["GET"]}}],"collection":[{"href":"https:\/\/novatronicec.com\/index.php\/wp-json\/wp\/v2\/product"}],"about":[{"href":"https:\/\/novatronicec.com\/index.php\/wp-json\/wp\/v2\/types\/product"}],"wp:featuredmedia":[{"embeddable":true,"href":"https:\/\/novatronicec.com\/index.php\/wp-json\/wp\/v2\/media\/7839"}],"wp:attachment":[{"href":"https:\/\/novatronicec.com\/index.php\/wp-json\/wp\/v2\/media?parent=7836"}],"wp:term":[{"taxonomy":"product_brand","embeddable":true,"href":"https:\/\/novatronicec.com\/index.php\/wp-json\/wp\/v2\/product_brand?post=7836"},{"taxonomy":"product_cat","embeddable":true,"href":"https:\/\/novatronicec.com\/index.php\/wp-json\/wp\/v2\/product_cat?post=7836"},{"taxonomy":"product_tag","embeddable":true,"href":"https:\/\/novatronicec.com\/index.php\/wp-json\/wp\/v2\/product_tag?post=7836"}],"curies":[{"name":"wp","href":"https:\/\/api.w.org\/{rel}","templated":true}]}}