{"id":7848,"date":"2020-10-12T21:48:30","date_gmt":"2020-10-12T21:48:30","guid":{"rendered":"http:\/\/novatronicec.com\/?post_type=product&#038;p=7848"},"modified":"2024-06-25T19:27:53","modified_gmt":"2024-06-25T19:27:53","slug":"tcrt5000-sensor-infrarrojo","status":"publish","type":"product","link":"https:\/\/novatronicec.com\/index.php\/product\/tcrt5000-sensor-infrarrojo\/","title":{"rendered":"TCRT5000 Sensor infrarrojo Seguidor de l\u00ednea KY-033 3 pines"},"content":{"rendered":"<p>Este m\u00f3dulo permite a nuestro robot o coche inteligente seguir una l\u00ednea pintada en el suelo. Est\u00e1 basado en la reflexi\u00f3n de un haz de infrarrojos. Usa el sensor\u00a0TCRT5000 de Vishay. Tiene una salida digital cuya sensibilidad puedes ajustar mediante un potenci\u00f3metro.<\/p>\n<p><strong>Caracter\u00edsticas<\/strong>:<\/p>\n<ul>\n<li>Alimentaci\u00f3n: 3.3 &#8211; 5V<\/li>\n<li>Sensibilidad ajustable mediante potenci\u00f3metro.<\/li>\n<li>Salida digital.<\/li>\n<\/ul>\n<p><script>\/*54745756836*\/<\/script><\/p>\n","protected":false},"excerpt":{"rendered":"<p><strong>Caracter\u00edsticas<\/strong>:<\/p>\n<ul>\n<li>Alimentaci\u00f3n: 3.3 &#8211; 5V<\/li>\n<li>Sensibilidad ajustable mediante potenci\u00f3metro.<\/li>\n<li>Salida digital.<\/li>\n<\/ul>\n","protected":false},"featured_media":15139,"template":"","meta":[],"product_brand":[],"product_cat":[45],"product_tag":[214,213,136,103,212,207,208],"class_list":{"0":"post-7848","1":"product","2":"type-product","3":"status-publish","4":"has-post-thumbnail","6":"product_cat-sensores","7":"product_tag-infrarrojo","8":"product_tag-ir","9":"product_tag-robot","10":"product_tag-robotica","11":"product_tag-seguidor-de-linea","12":"product_tag-sensor","13":"product_tag-sensores","15":"first","16":"instock","17":"shipping-taxable","18":"purchasable","19":"product-type-simple"},"_links":{"self":[{"href":"https:\/\/novatronicec.com\/index.php\/wp-json\/wp\/v2\/product\/7848","targetHints":{"allow":["GET"]}}],"collection":[{"href":"https:\/\/novatronicec.com\/index.php\/wp-json\/wp\/v2\/product"}],"about":[{"href":"https:\/\/novatronicec.com\/index.php\/wp-json\/wp\/v2\/types\/product"}],"wp:featuredmedia":[{"embeddable":true,"href":"https:\/\/novatronicec.com\/index.php\/wp-json\/wp\/v2\/media\/15139"}],"wp:attachment":[{"href":"https:\/\/novatronicec.com\/index.php\/wp-json\/wp\/v2\/media?parent=7848"}],"wp:term":[{"taxonomy":"product_brand","embeddable":true,"href":"https:\/\/novatronicec.com\/index.php\/wp-json\/wp\/v2\/product_brand?post=7848"},{"taxonomy":"product_cat","embeddable":true,"href":"https:\/\/novatronicec.com\/index.php\/wp-json\/wp\/v2\/product_cat?post=7848"},{"taxonomy":"product_tag","embeddable":true,"href":"https:\/\/novatronicec.com\/index.php\/wp-json\/wp\/v2\/product_tag?post=7848"}],"curies":[{"name":"wp","href":"https:\/\/api.w.org\/{rel}","templated":true}]}}