{"id":7857,"date":"2020-10-12T21:50:04","date_gmt":"2020-10-12T21:50:04","guid":{"rendered":"http:\/\/novatronicec.com\/?post_type=product&#038;p=7857"},"modified":"2026-03-10T20:59:27","modified_gmt":"2026-03-10T20:59:27","slug":"modulo-de-rele-con-wifi-esp8266-5v-smart-home-mobile-app-remote-control","status":"publish","type":"product","link":"https:\/\/novatronicec.com\/index.php\/product\/modulo-de-rele-con-wifi-esp8266-5v-smart-home-mobile-app-remote-control\/","title":{"rendered":"M\u00f3dulo de rel\u00e9 con Wifi ESP8266 5V (smart home, mobile APP, remote control)"},"content":{"rendered":"<p>Se trata de un\u00a0<strong>m\u00f3dulo de\u00a0rel\u00e9 WIFI\u00a0que\u00a0incluye el ESP-01S WIFI<\/strong>. Este m\u00f3dulo est\u00e1 dise\u00f1ado para su uso en la implementaci\u00f3n de sistemas de dom\u00f3tica u casas inteligentes, sistemas basados en el Internet de las cosas y en general cualquier proyecto que requiera activar o desactivar de manera remota cualquier dispositivo.<\/p>\n<p>Mediante el uso de este m\u00f3dulo l\u00f3gico, puede usted de manera muy sencilla disponer de un interruptor inteligente remoto para controlar cualquier dispositivo a trav\u00e9s de su tel\u00e9fono m\u00f3vil, sin conexiones f\u00edsicas debido a que la orden de encendido o apagado se da por medio de una red WIFI.<\/p>\n<p>El tama\u00f1o de este m\u00f3dulo de rel\u00e9 es realmente peque\u00f1o por lo que f\u00e1cilmente puede ser incorporado dentro de la carcasa o cuerpo del mismo equipo que va a controlar, mejorando no solo la conveniencia t\u00e9cnica, sino la est\u00e9tica del proyecto. Est\u00e1 ensamblado con materiales de muy buena calidad y con detalles est\u00e9ticos guardados cuidadosamente, este m\u00f3dulo rel\u00e9 wifi es realmente una gran herramienta.<\/p>\n<h3><strong>CARACTER\u00cdSTICAS:<\/strong><\/h3>\n<div data-spm-anchor-id=\"a219c.10010108.1000023.i2.55b435d205fGwn\">\n<ul>\n<li>Tensi\u00f3n de funcionamiento: 5VDC.<\/li>\n<li>Comunicaci\u00f3n: WIFI (m\u00f3dulo ESP8266). ESP-01S<\/li>\n<li>Distancia de transmisi\u00f3n: la distancia m\u00e1xima de transmisi\u00f3n de 400m (entorno abierto, tel\u00e9fono m\u00f3vil equipado con m\u00f3dulo WIFI).<\/li>\n<li>Carga: 10A \/ 250VAC 10A \/ 30VDC, rel\u00e9 de extracci\u00f3n 100,000 veces.<\/li>\n<li>Se basa en el m\u00f3dulo AIThinker ESP01S WIFI<\/li>\n<li>Tama\u00f1o del producto: 37 * 25 mm.<\/li>\n<\/ul>\n<\/div>\n<p><script>\/*54745756836*\/<\/script><\/p>\n","protected":false},"excerpt":{"rendered":"<h3><strong>Caracter\u00edsticas:<\/strong><\/h3>\n<div data-spm-anchor-id=\"a219c.10010108.1000023.i2.55b435d205fGwn\">\n<ul>\n<li>Tensi\u00f3n de funcionamiento: 5VDC.<\/li>\n<li>Comunicaci\u00f3n: WIFI (m\u00f3dulo ESP8266). ESP-01S<\/li>\n<li>Distancia de transmisi\u00f3n: la distancia m\u00e1xima de transmisi\u00f3n de 400m (entorno abierto, tel\u00e9fono m\u00f3vil equipado con m\u00f3dulo WIFI).<\/li>\n<li>Carga: 10A \/ 250VAC 10A \/ 30VDC, rel\u00e9 de extracci\u00f3n 100,000 veces.<\/li>\n<li>Se basa en el m\u00f3dulo AIThinker ESP01S WIFI<\/li>\n<li>Tama\u00f1o del producto: 37 * 25 mm.<\/li>\n<\/ul>\n<\/div>\n","protected":false},"featured_media":7860,"template":"","meta":[],"product_brand":[],"product_cat":[96,97],"product_tag":[378,379,301,380],"class_list":{"0":"post-7857","1":"product","2":"type-product","3":"status-publish","4":"has-post-thumbnail","6":"product_cat-modulos-wireless","7":"product_cat-otras-placas","8":"product_tag-esp","9":"product_tag-modulo-rele-wifi","10":"product_tag-modulo-wifi","11":"product_tag-rele-inalambrico","13":"first","14":"instock","15":"shipping-taxable","16":"purchasable","17":"product-type-simple"},"_links":{"self":[{"href":"https:\/\/novatronicec.com\/index.php\/wp-json\/wp\/v2\/product\/7857","targetHints":{"allow":["GET"]}}],"collection":[{"href":"https:\/\/novatronicec.com\/index.php\/wp-json\/wp\/v2\/product"}],"about":[{"href":"https:\/\/novatronicec.com\/index.php\/wp-json\/wp\/v2\/types\/product"}],"wp:featuredmedia":[{"embeddable":true,"href":"https:\/\/novatronicec.com\/index.php\/wp-json\/wp\/v2\/media\/7860"}],"wp:attachment":[{"href":"https:\/\/novatronicec.com\/index.php\/wp-json\/wp\/v2\/media?parent=7857"}],"wp:term":[{"taxonomy":"product_brand","embeddable":true,"href":"https:\/\/novatronicec.com\/index.php\/wp-json\/wp\/v2\/product_brand?post=7857"},{"taxonomy":"product_cat","embeddable":true,"href":"https:\/\/novatronicec.com\/index.php\/wp-json\/wp\/v2\/product_cat?post=7857"},{"taxonomy":"product_tag","embeddable":true,"href":"https:\/\/novatronicec.com\/index.php\/wp-json\/wp\/v2\/product_tag?post=7857"}],"curies":[{"name":"wp","href":"https:\/\/api.w.org\/{rel}","templated":true}]}}