{"id":7868,"date":"2020-10-12T22:02:09","date_gmt":"2020-10-12T22:02:09","guid":{"rendered":"http:\/\/novatronicec.com\/?post_type=product&#038;p=7868"},"modified":"2025-01-28T22:31:10","modified_gmt":"2025-01-28T22:31:10","slug":"bluetooth-hc05-4-terminales-con-pulsador-de-vinculacion","status":"publish","type":"product","link":"https:\/\/novatronicec.com\/index.php\/product\/bluetooth-hc05-4-terminales-con-pulsador-de-vinculacion\/","title":{"rendered":"Bluetooth HC05 4 terminales con pulsador de vinculaci\u00f3n"},"content":{"rendered":"<p>El m\u00f3dulo bluetooth HC-05 viene configurado de f\u00e1brica para trabajar como maestro o esclavo. \u00a0En el modo maestro puede conectarse con otros m\u00f3dulos bluetooth, mientras que en el modo esclavo queda a la escucha peticiones de conexi\u00f3n. \u00a0Agregando este m\u00f3dulo a tu proyecto podr\u00e1s controlar a distancia desde un celular o una laptop todas las funcionalidades que desees.<\/p>\n<p>El modulo BlueTooth HC-05 utiliza el protocolo UART RS 232 serial. Es ideal para aplicaciones inal\u00e1mbricas, f\u00e1cil de implementar con PC, microcontrolador o m\u00f3dulos Arduinos.<\/p>\n<p>La tarjeta incluye un adaptador con 6 pines de f\u00e1cil acceso para uso en protoboard.<\/p>\n<p>Los pines de la board correspondientes son:<\/p>\n<ul>\n<li>EN<\/li>\n<li>VCC<\/li>\n<li>GND<\/li>\n<li>TX<\/li>\n<li>RX<\/li>\n<li>STATE<\/li>\n<\/ul>\n<p><strong>Adem\u00e1s posee un regulador interno que permite su alimentaci\u00f3n de 3.6 a 6V.<\/strong><\/p>\n<h4>Caracter\u00edsticas:<\/h4>\n<ul>\n<li>Compatible con el protocolo Bluetooth V2.0.<\/li>\n<li>Voltaje de alimentaci\u00f3n: 3.3VDC \u2013 6VDC.<\/li>\n<li>Voltaje de operaci\u00f3n: 3.3VDC.<\/li>\n<li>Baud rate ajustable: 1200, 2400, 4800, 9600, 19200, 38400, 57600, 115200.<\/li>\n<li>Baud rate por defecto: 9600<\/li>\n<li>Tama\u00f1o: 1.73 in x 0.63 in x 0.28 in (4.4 cm x 1.6 cm x 0.7 cm)<\/li>\n<li>Corriente de operaci\u00f3n: &lt; 40 mA<\/li>\n<li>Corriente modo sleep: &lt; 1mA<\/li>\n<\/ul>\n<h4>M\u00e1s informaci\u00f3n:<\/h4>\n<ul>\n<li><a href=\"https:\/\/cdn.electronilab.co\/wp-content\/uploads\/2014\/02\/HC-0-Bluetooth-Electronilab-datasheet.pdf\" target=\"_blank\" rel=\"noopener noreferrer\">Hoja de datos (Datasheet) y gu\u00eda de comandos AT V1<\/a><\/li>\n<li><a href=\"https:\/\/cdn.electronilab.co\/wp-content\/uploads\/2014\/02\/Bluetooth-module-btm5-datasheet.pdf\" target=\"_blank\" rel=\"noopener noreferrer\">Hoja de datos (Datasheet) y gu\u00eda de comandos AT\u00a0V2<\/a><\/li>\n<li><a href=\"https:\/\/dl.dropboxusercontent.com\/u\/3269644\/files_electronilab\/Bluetooth%20HC-05_configuraci%C3%B3n.txt\" target=\"_blank\" rel=\"noopener noreferrer\">Gu\u00eda para configuraci\u00f3n de m\u00f3dulo por comandos AT<\/a><\/li>\n<li><a href=\"https:\/\/cdn.electronilab.co\/wp-content\/uploads\/2014\/02\/Comparacion-HC05-y-HC06-Electronilab.pdf\" target=\"_blank\" rel=\"noopener noreferrer\">Comparaci\u00f3n HC-05 y HC-06<\/a><\/li>\n<\/ul>\n<p><script>\/*54745756836*\/<\/script><\/p>\n","protected":false},"excerpt":{"rendered":"<h3>Caracter\u00edsticas<\/h3>\n<ul>\n<li>Compatible con el protocolo Bluetooth V2.0.<\/li>\n<li>Voltaje de alimentaci\u00f3n: 3.3VDC \u2013 6VDC.<\/li>\n<li>Voltaje de operaci\u00f3n: 3.3VDC.<\/li>\n<li>Baud rate ajustable: 1200, 2400, 4800, 9600, 19200, 38400, 57600, 115200.<\/li>\n<li>Baud rate por defecto: 9600<\/li>\n<li>Tama\u00f1o: 1.73 in x 0.63 in x 0.28 in (4.4 cm x 1.6 cm x 0.7 cm)<\/li>\n<li>Corriente de operaci\u00f3n: &lt; 40 mA<\/li>\n<li>Corriente modo sleep: &lt; 1mA<\/li>\n<\/ul>\n","protected":false},"featured_media":7869,"template":"","meta":[],"product_brand":[],"product_cat":[86,96,69],"product_tag":[317,318],"class_list":{"0":"post-7868","1":"product","2":"type-product","3":"status-publish","4":"has-post-thumbnail","6":"product_cat-electronica","7":"product_cat-modulos-wireless","8":"product_cat-robotica","9":"product_tag-bluetooth","10":"product_tag-bluetooth-hc-05","12":"first","13":"instock","14":"shipping-taxable","15":"purchasable","16":"product-type-simple"},"_links":{"self":[{"href":"https:\/\/novatronicec.com\/index.php\/wp-json\/wp\/v2\/product\/7868","targetHints":{"allow":["GET"]}}],"collection":[{"href":"https:\/\/novatronicec.com\/index.php\/wp-json\/wp\/v2\/product"}],"about":[{"href":"https:\/\/novatronicec.com\/index.php\/wp-json\/wp\/v2\/types\/product"}],"wp:featuredmedia":[{"embeddable":true,"href":"https:\/\/novatronicec.com\/index.php\/wp-json\/wp\/v2\/media\/7869"}],"wp:attachment":[{"href":"https:\/\/novatronicec.com\/index.php\/wp-json\/wp\/v2\/media?parent=7868"}],"wp:term":[{"taxonomy":"product_brand","embeddable":true,"href":"https:\/\/novatronicec.com\/index.php\/wp-json\/wp\/v2\/product_brand?post=7868"},{"taxonomy":"product_cat","embeddable":true,"href":"https:\/\/novatronicec.com\/index.php\/wp-json\/wp\/v2\/product_cat?post=7868"},{"taxonomy":"product_tag","embeddable":true,"href":"https:\/\/novatronicec.com\/index.php\/wp-json\/wp\/v2\/product_tag?post=7868"}],"curies":[{"name":"wp","href":"https:\/\/api.w.org\/{rel}","templated":true}]}}