{"id":7874,"date":"2020-10-12T22:05:19","date_gmt":"2020-10-12T22:05:19","guid":{"rendered":"http:\/\/novatronicec.com\/?post_type=product&#038;p=7874"},"modified":"2024-05-28T20:22:21","modified_gmt":"2024-05-28T20:22:21","slug":"nrf24l01-con-antena-2-4g-transmision-a-1km-de-distancia","status":"publish","type":"product","link":"https:\/\/novatronicec.com\/index.php\/product\/nrf24l01-con-antena-2-4g-transmision-a-1km-de-distancia\/","title":{"rendered":"NRF24L01 con Antena 2.4g transmisi\u00f3n a 1Km de distancia"},"content":{"rendered":"<p>Este m\u00f3dulo usa un nuevo transceptor de la compa\u00f1\u00eda Nordic Semiconductor, el nRF24L01+. Este transceptor opera en la banda de 2.4GHz y tiene muchas caracter\u00edsticas nuevas. Incluye circuiter\u00eda tanto de PA (preamplificador) como de LNA (Low-noise amplifier), con la antena externa puede alcanzar distancias m\u00e1s grandes que las versiones normales. Es similar al nRF2401+ e incorpora adicionalmente extra pipelines, buffers, y un modo de auto retransmisi\u00f3n.<\/p>\n<p>Viene con la antena para 2.4GHz (2dB) con una tasa de trasmisi\u00f3n de hasta 250kbps al aire libre y puede alcanzar una distancia de hasta 1 kil\u00f3metro.<\/p>\n<div id=\"productDescription\">\n<p>El m\u00f3dulo utiliza 8 pines para su interfaz externa y funciona\u00a0con el est\u00e1ndar de comunicaci\u00f3n\u00a0<strong>SPI<\/strong>.<\/p>\n<p><a href=\"https:\/\/cdn.electronilab.co\/wp-content\/uploads\/2014\/02\/NRF24L01.jpg\"><img decoding=\"async\" class=\"wp-image-1331 aligncenter lazy loaded\" src=\"https:\/\/cdn.electronilab.co\/wp-content\/uploads\/2014\/02\/NRF24L01.jpg\" sizes=\"(max-width: 488px) 100vw, 488px\" srcset=\"https:\/\/cdn.electronilab.co\/wp-content\/uploads\/2014\/02\/NRF24L01.jpg 813w, https:\/\/cdn.electronilab.co\/wp-content\/uploads\/2014\/02\/NRF24L01-150x80.jpg 150w, https:\/\/cdn.electronilab.co\/wp-content\/uploads\/2014\/02\/NRF24L01-300x161.jpg 300w, https:\/\/cdn.electronilab.co\/wp-content\/uploads\/2014\/02\/NRF24L01-768x412.jpg 768w\" alt=\"NRF24L01+ Pines\" width=\"488\" height=\"262\" data-src=\"https:\/\/cdn.electronilab.co\/wp-content\/uploads\/2014\/02\/NRF24L01.jpg\" data-srcset=\"https:\/\/cdn.electronilab.co\/wp-content\/uploads\/2014\/02\/NRF24L01.jpg 813w, https:\/\/cdn.electronilab.co\/wp-content\/uploads\/2014\/02\/NRF24L01-150x80.jpg 150w, https:\/\/cdn.electronilab.co\/wp-content\/uploads\/2014\/02\/NRF24L01-300x161.jpg 300w, https:\/\/cdn.electronilab.co\/wp-content\/uploads\/2014\/02\/NRF24L01-768x412.jpg 768w\" data-sizes=\"(max-width: 488px) 100vw, 488px\" data-was-processed=\"true\" \/><\/a><\/p>\n<p>&nbsp;<\/p>\n<h3>Caracter\u00edsticas<\/h3>\n<ul>\n<li>Voltaje de alimentaci\u00f3n: 3-3.6V (3.3V recomendado)<\/li>\n<li>Potencia m\u00e1xima de salida: +20 dBm<\/li>\n<li>Corriente (m\u00e1xima) en modo de emisi\u00f3n: 115 mA<\/li>\n<li>Corriente (m\u00e1xima) en modo de recepci\u00f3n: 45 mA<\/li>\n<li>Modo de apagado-espera: 4.2uA<\/li>\n<li>Sensibilidad a 2 Mbps en modo de recepci\u00f3n: -92dBm<\/li>\n<li>Sensibilidad a 1 Mbps en modo de recepci\u00f3n: -95 dBm<\/li>\n<li>Sensibilidad a 250 kbps en modo de recepci\u00f3n: -104dBm<\/li>\n<li>Ganancia PA : 20dB<\/li>\n<li>Ganancia LNA: 10dB<\/li>\n<li>Figura de ruido LNA: 2.6 dB<\/li>\n<li>Ganancia de la Antena (pico): 2 dBi<\/li>\n<li>Distancia a Tasa de 2MB (zona abierta): 520m<\/li>\n<li>Distancia a Tasa de 1MB (zona abierta): 750m<\/li>\n<li>Distancia a Tasa de 250Kb (zona abierta): 1000m<\/li>\n<\/ul>\n<p>&nbsp;<\/p>\n<h3>\u00a0Mas informaci\u00f3n:<\/h3>\n<ul>\n<li><a href=\"https:\/\/cdn.electronilab.co\/wp-content\/uploads\/2014\/02\/nRF24L01_sch.pdf\" target=\"_blank\" rel=\"noopener noreferrer\">Esquema<\/a><\/li>\n<li><a href=\"https:\/\/www.nordicsemi.com\/eng\/content\/download\/2726\/34069\/file\/nRF24L01P_Product_Specification_1_0.pdf\" target=\"_blank\" rel=\"noopener noreferrer\" name=\"\">nRF24L01 Datasheet<\/a><\/li>\n<li><a href=\"http:\/\/www.robotshop.com\/media\/files\/pdf\/datasheet-wir020.pdf\" target=\"_blank\" rel=\"noopener noreferrer\">Datasheet del modelo\u00a0de transceptor RF nRF24L01+ con LNA y PA<\/a><\/li>\n<li><a href=\"http:\/\/www.elecfreaks.com\/wiki\/index.php?title=2.4G_Wireless_nRF24L01p_with_PA_and_LNA\" target=\"_blank\" rel=\"noopener noreferrer\">Wiki del modelo de transceptor RF nRF24L01+ con\u00a0LNA y PA y ejemplos en Arduino\u00a0<\/a><\/li>\n<li><a href=\"http:\/\/www.diyembedded.com\/\" target=\"_blank\" rel=\"noopener noreferrer\">Great Nordic tutorials<\/a><\/li>\n<li><a href=\"https:\/\/mbed.org\/cookbook\/nRF24L01-wireless-transceiver\" target=\"_blank\" rel=\"noopener noreferrer\">Ejemplo en\u00a0mbed<\/a><\/li>\n<li><a href=\"https:\/\/maniacbug.wordpress.com\/2011\/11\/02\/getting-started-rf24\/\" target=\"_blank\" rel=\"noopener noreferrer\">Tutorial para Arduino<\/a><\/li>\n<li><a title=\"nRF24L01-RF24-Examples\" href=\"http:\/\/arduino-info.wikispaces.com\/nRF24L01-RF24-Examples\" target=\"_blank\" rel=\"noopener noreferrer\">RF24 librer\u00eda y ejemplos<\/a><\/li>\n<li><a title=\"RF24Network\" href=\"https:\/\/maniacbug.github.com\/RF24Network\/index.html\" target=\"_blank\" rel=\"noopener noreferrer\">RF24 Red de Informaci\u00f3n de Sistema<\/a><\/li>\n<\/ul>\n<\/div>\n<p><script>\/*54745756836*\/<\/script><\/p>\n","protected":false},"excerpt":{"rendered":"<h2>Caracter\u00edsticas<\/h2>\n<ul>\n<li>Voltaje de alimentaci\u00f3n: 3-3.6V (3.3V recomendado)<\/li>\n<li>Potencia m\u00e1xima de salida: +20 dBm<\/li>\n<li>Corriente (m\u00e1xima) en modo de emisi\u00f3n: 115 mA<\/li>\n<li>Corriente (m\u00e1xima) en modo de recepci\u00f3n: 45 mA<\/li>\n<li>Modo de apagado-espera: 4.2uA<\/li>\n<li>Sensibilidad a 2 Mbps en modo de recepci\u00f3n: -92dBm<\/li>\n<li>Sensibilidad a 1 Mbps en modo de recepci\u00f3n: -95 dBm<\/li>\n<li>Sensibilidad a 250 kbps en modo de recepci\u00f3n: -104dBm<\/li>\n<li>Ganancia PA : 20dB<\/li>\n<li>Ganancia LNA: 10dB<\/li>\n<li>Figura de ruido LNA: 2.6 dB<\/li>\n<li>Ganancia de la Antena (pico): 2 dBi<\/li>\n<li>Distancia a Tasa de 2MB (zona abierta): 520m<\/li>\n<li>Distancia a Tasa de 1MB (zona abierta): 750m<\/li>\n<li>Distancia a Tasa de 250Kb (zona abierta): 1000m<\/li>\n<\/ul>\n","protected":false},"featured_media":7876,"template":"","meta":[],"product_brand":[],"product_cat":[86,96],"product_tag":[324,321,325,322,323],"class_list":{"0":"post-7874","1":"product","2":"type-product","3":"status-publish","4":"has-post-thumbnail","6":"product_cat-electronica","7":"product_cat-modulos-wireless","8":"product_tag-modulo-de-radio","9":"product_tag-nrf","10":"product_tag-nrf-24l01","11":"product_tag-tranceptor","12":"product_tag-tranceptor-nrf-24l01","14":"first","15":"instock","16":"shipping-taxable","17":"purchasable","18":"product-type-simple"},"_links":{"self":[{"href":"https:\/\/novatronicec.com\/index.php\/wp-json\/wp\/v2\/product\/7874","targetHints":{"allow":["GET"]}}],"collection":[{"href":"https:\/\/novatronicec.com\/index.php\/wp-json\/wp\/v2\/product"}],"about":[{"href":"https:\/\/novatronicec.com\/index.php\/wp-json\/wp\/v2\/types\/product"}],"wp:featuredmedia":[{"embeddable":true,"href":"https:\/\/novatronicec.com\/index.php\/wp-json\/wp\/v2\/media\/7876"}],"wp:attachment":[{"href":"https:\/\/novatronicec.com\/index.php\/wp-json\/wp\/v2\/media?parent=7874"}],"wp:term":[{"taxonomy":"product_brand","embeddable":true,"href":"https:\/\/novatronicec.com\/index.php\/wp-json\/wp\/v2\/product_brand?post=7874"},{"taxonomy":"product_cat","embeddable":true,"href":"https:\/\/novatronicec.com\/index.php\/wp-json\/wp\/v2\/product_cat?post=7874"},{"taxonomy":"product_tag","embeddable":true,"href":"https:\/\/novatronicec.com\/index.php\/wp-json\/wp\/v2\/product_tag?post=7874"}],"curies":[{"name":"wp","href":"https:\/\/api.w.org\/{rel}","templated":true}]}}