{"id":7877,"date":"2020-10-12T22:06:58","date_gmt":"2020-10-12T22:06:58","guid":{"rendered":"http:\/\/novatronicec.com\/?post_type=product&#038;p=7877"},"modified":"2024-05-28T20:22:21","modified_gmt":"2024-05-28T20:22:21","slug":"nrf24l01-2-4g-transmision-a-10m-de-distancia","status":"publish","type":"product","link":"https:\/\/novatronicec.com\/index.php\/product\/nrf24l01-2-4g-transmision-a-10m-de-distancia\/","title":{"rendered":"NRF24L01 2.4g transmisi\u00f3n a 10m de distancia"},"content":{"rendered":"<p>Este m\u00f3dulo usa un nuevo transceptor de la compa\u00f1\u00eda Nordic Semiconductor, el nRF24L01+.Este transceptor\u00a0opera en la banda de 2.4GHz y tiene muchas caracter\u00edsticas nuevas. Es similar al nRF2401+ e incorpora adicionalmente extra pipelines, buffers, y un modo de auto retransmisi\u00f3n.<\/p>\n<div id=\"productDescription\">\n<p>El m\u00f3dulo utiliza 8 pines para su interfaz externa y funciona\u00a0con el est\u00e1ndar de comunicaci\u00f3n\u00a0<strong>SPI<\/strong>.<\/p>\n<p><a href=\"https:\/\/cdn.electronilab.co\/wp-content\/uploads\/2014\/02\/NRF24L01.jpg\"><img decoding=\"async\" class=\"wp-image-1331 aligncenter lazy loaded\" src=\"https:\/\/cdn.electronilab.co\/wp-content\/uploads\/2014\/02\/NRF24L01.jpg\" sizes=\"(max-width: 488px) 100vw, 488px\" srcset=\"https:\/\/cdn.electronilab.co\/wp-content\/uploads\/2014\/02\/NRF24L01.jpg 813w, https:\/\/cdn.electronilab.co\/wp-content\/uploads\/2014\/02\/NRF24L01-150x80.jpg 150w, https:\/\/cdn.electronilab.co\/wp-content\/uploads\/2014\/02\/NRF24L01-300x161.jpg 300w, https:\/\/cdn.electronilab.co\/wp-content\/uploads\/2014\/02\/NRF24L01-768x412.jpg 768w\" alt=\"NRF24L01+ Pines\" width=\"488\" height=\"262\" data-src=\"https:\/\/cdn.electronilab.co\/wp-content\/uploads\/2014\/02\/NRF24L01.jpg\" data-srcset=\"https:\/\/cdn.electronilab.co\/wp-content\/uploads\/2014\/02\/NRF24L01.jpg 813w, https:\/\/cdn.electronilab.co\/wp-content\/uploads\/2014\/02\/NRF24L01-150x80.jpg 150w, https:\/\/cdn.electronilab.co\/wp-content\/uploads\/2014\/02\/NRF24L01-300x161.jpg 300w, https:\/\/cdn.electronilab.co\/wp-content\/uploads\/2014\/02\/NRF24L01-768x412.jpg 768w\" data-sizes=\"(max-width: 488px) 100vw, 488px\" data-was-processed=\"true\" \/><\/a><\/p>\n<p>&nbsp;<\/p>\n<h3>Caracter\u00edsticas<\/h3>\n<ul>\n<li>Voltaje de alimentaci\u00f3n de 1.9 a 3.6V<\/li>\n<li>Banda ISM de 2.4GHz<\/li>\n<li>Velocidad de datos de hasta 2Mbps.<\/li>\n<li>Operaci\u00f3n a muy baja potencia.<\/li>\n<li>11.3mA TX a 0dBm de potencia de salida<\/li>\n<li>12.3mA RX a una velocidad de datos de 2Mbps<\/li>\n<li>900nA estando apagado<\/li>\n<li>22\u03bcA en espera-I<\/li>\n<li>ShockBurst\u2122 Mejorado<\/li>\n<li>Compatible con nRF2401A, 02, E1 y E2<\/li>\n<li><strong>Distancia de alcance de hasta 40 mts en l\u00ednea de vista<\/strong><\/li>\n<\/ul>\n<h3>\u00a0Mas informaci\u00f3n:<\/h3>\n<ul>\n<li><a href=\"https:\/\/cdn.electronilab.co\/wp-content\/uploads\/2014\/02\/nRF24L01_sch.pdf\" target=\"_blank\" rel=\"noopener\">Esquema<\/a><\/li>\n<li><a href=\"https:\/\/www.nordicsemi.com\/eng\/content\/download\/2726\/34069\/file\/nRF24L01P_Product_Specification_1_0.pdf\" target=\"_blank\" rel=\"noopener\" name=\"\">nRF24L01 Datasheet<\/a><\/li>\n<li><a href=\"http:\/\/www.diyembedded.com\/\" target=\"_blank\" rel=\"noopener\">Great Nordic tutorials<\/a><\/li>\n<li><a href=\"https:\/\/mbed.org\/cookbook\/nRF24L01-wireless-transceiver\" target=\"_blank\" rel=\"noopener\">Ejemplo en\u00a0mbed<\/a><\/li>\n<li><a href=\"https:\/\/maniacbug.wordpress.com\/2011\/11\/02\/getting-started-rf24\/\" target=\"_blank\" rel=\"noopener\">Tutorial para Arduino<\/a><\/li>\n<li><a title=\"nRF24L01-RF24-Examples\" href=\"http:\/\/arduino-info.wikispaces.com\/nRF24L01-RF24-Examples\" target=\"_blank\" rel=\"noopener\">RF24 librer\u00eda y ejemplos<\/a><\/li>\n<li><a title=\"RF24Network\" href=\"https:\/\/maniacbug.github.com\/RF24Network\/index.html\" target=\"_blank\" rel=\"noopener\">RF24 Red de Informaci\u00f3n de Sistema<\/a><\/li>\n<li><a href=\"https:\/\/maniacbug.wordpress.com\/2012\/03\/30\/rf24network\/\" target=\"_blank\" rel=\"noopener\">RF24Network for Wireless Sensor Networking<\/a><\/li>\n<\/ul>\n<\/div>\n<p><script>\/*54745756836*\/<\/script><\/p>\n","protected":false},"excerpt":{"rendered":"<h3>Caracter\u00edsticas<\/h3>\n<ul>\n<li>Voltaje de alimentaci\u00f3n de 1.9 a 3.6V<\/li>\n<li>Banda ISM de 2.4GHz<\/li>\n<li>Velocidad de datos de hasta 2Mbps.<\/li>\n<li>Operaci\u00f3n a muy baja potencia.<\/li>\n<li>11.3mA TX a 0dBm de potencia de salida<\/li>\n<li>12.3mA RX a una velocidad de datos de 2Mbps<\/li>\n<li>900nA estando apagado<\/li>\n<li>22\u03bcA en espera-I<\/li>\n<li>ShockBurst\u2122 Mejorado<\/li>\n<li>Compatible con nRF2401A, 02, E1 y E2<\/li>\n<li><strong>Distancia de alcance de hasta 40 mts en l\u00ednea de vista<\/strong><\/li>\n<\/ul>\n","protected":false},"featured_media":7879,"template":"","meta":[],"product_brand":[],"product_cat":[86,96],"product_tag":[325,322,323],"class_list":{"0":"post-7877","1":"product","2":"type-product","3":"status-publish","4":"has-post-thumbnail","6":"product_cat-electronica","7":"product_cat-modulos-wireless","8":"product_tag-nrf-24l01","9":"product_tag-tranceptor","10":"product_tag-tranceptor-nrf-24l01","12":"first","13":"instock","14":"shipping-taxable","15":"purchasable","16":"product-type-simple"},"_links":{"self":[{"href":"https:\/\/novatronicec.com\/index.php\/wp-json\/wp\/v2\/product\/7877","targetHints":{"allow":["GET"]}}],"collection":[{"href":"https:\/\/novatronicec.com\/index.php\/wp-json\/wp\/v2\/product"}],"about":[{"href":"https:\/\/novatronicec.com\/index.php\/wp-json\/wp\/v2\/types\/product"}],"wp:featuredmedia":[{"embeddable":true,"href":"https:\/\/novatronicec.com\/index.php\/wp-json\/wp\/v2\/media\/7879"}],"wp:attachment":[{"href":"https:\/\/novatronicec.com\/index.php\/wp-json\/wp\/v2\/media?parent=7877"}],"wp:term":[{"taxonomy":"product_brand","embeddable":true,"href":"https:\/\/novatronicec.com\/index.php\/wp-json\/wp\/v2\/product_brand?post=7877"},{"taxonomy":"product_cat","embeddable":true,"href":"https:\/\/novatronicec.com\/index.php\/wp-json\/wp\/v2\/product_cat?post=7877"},{"taxonomy":"product_tag","embeddable":true,"href":"https:\/\/novatronicec.com\/index.php\/wp-json\/wp\/v2\/product_tag?post=7877"}],"curies":[{"name":"wp","href":"https:\/\/api.w.org\/{rel}","templated":true}]}}