{"id":7880,"date":"2020-10-12T22:10:24","date_gmt":"2020-10-12T22:10:24","guid":{"rendered":"http:\/\/novatronicec.com\/?post_type=product&#038;p=7880"},"modified":"2025-01-28T22:30:34","modified_gmt":"2025-01-28T22:30:34","slug":"regulador-de-voltaje-dc-dc-booster-xl6009","status":"publish","type":"product","link":"https:\/\/novatronicec.com\/index.php\/product\/regulador-de-voltaje-dc-dc-booster-xl6009\/","title":{"rendered":"Regulador de voltaje DC\/DC Booster Step Up XL6009"},"content":{"rendered":"<h4 class=\"full-description-title\">DETALLES<\/h4>\n<p>La fuente de alimentaci\u00f3n\u00a0XL6009 es capaz de mantener constante la tensi\u00f3n de salida en un valor prefijado, independientemente de la tensi\u00f3n de entrada. Es ideal para alimentar nuestros sistemas en entornos donde la tensi\u00f3n de alimentaci\u00f3n puede presentar variaciones importantes, como en coches o motos. Tener en cuenta que la tensi\u00f3n de salida (Vo) siempre es superior a la de entrada, es decir, una vez fijada la tensi\u00f3n de salida, esta se mantendr\u00e1 constante siempre que la tensi\u00f3n de entrada est\u00e9 en el rango 3 &#8211; Vo. Fuera de ese rango obtendremos variaciones en la tensi\u00f3n de salida.<\/p>\n<h4><b>CARACTER\u00cdSTICAS:<\/b><\/h4>\n<ul>\n<li>Voltaje de entrada:\u00a0\u00a0\u00a0 3V-32V (voltaje \u00f3ptimo 5V-32V)<\/li>\n<li>Voltaje de salida:\u00a0 \u00a05-35V Ajustable<\/li>\n<li>Intensidad m\u00e1xima de entrada:\u00a0 4A ( se recomienda usar disipador t\u00e9rmico )<\/li>\n<li>Intensidad m\u00e1xima de salida: 3A<\/li>\n<li>Eficiencia aproximada: \u00a0\u00a094%<\/li>\n<li>Frecuencia de trabajo:\u00a0\u00a0 400KHz<\/li>\n<li>Rango de temperatura trabajo:\u00a0 De -40 a +85 grados cent\u00edgrados<\/li>\n<li>Medidas: 43mm x 21mm x 14mm<\/li>\n<\/ul>\n<h4><b>DOCUMENTACI\u00d3N:<\/b><\/h4>\n<ul>\n<li><a href=\"https:\/\/www.pollin.de\/productdownloads\/D351434D.PDF\" target=\"_blank\" rel=\"noopener\">Datasheet del XL6009<\/a><\/li>\n<\/ul>\n<p><script>\/*54745756836*\/<\/script><\/p>\n","protected":false},"excerpt":{"rendered":"<h3>Caracter\u00edsticas:<\/h3>\n<ul>\n<li>Voltaje de entrada:\u00a0\u00a0\u00a0 3V-32V (voltaje \u00f3ptimo 5V-32V)<\/li>\n<li>Voltaje de salida:\u00a0 \u00a05-35V Ajustable<\/li>\n<li>Intensidad m\u00e1xima de entrada:\u00a0 4A ( se recomienda usar disipador t\u00e9rmico )<\/li>\n<li>Intensidad m\u00e1xima de salida: 3A<\/li>\n<li>Eficiencia aproximada: \u00a0\u00a094%<\/li>\n<li>Frecuencia de trabajo:\u00a0\u00a0 400KHz<\/li>\n<li>Rango de temperatura trabajo:\u00a0 De -40 a +85 grados cent\u00edgrados<\/li>\n<li>Medidas: 43mm x 21mm x 14mm<\/li>\n<\/ul>\n","protected":false},"featured_media":7882,"template":"","meta":[],"product_brand":[],"product_cat":[86,95],"product_tag":[328,326,327],"class_list":{"0":"post-7880","1":"product","2":"type-product","3":"status-publish","4":"has-post-thumbnail","6":"product_cat-electronica","7":"product_cat-modulos-y-shields","8":"product_tag-regulador-de-voltaje","9":"product_tag-step-up","10":"product_tag-xl6009","12":"first","13":"instock","14":"shipping-taxable","15":"purchasable","16":"product-type-simple"},"_links":{"self":[{"href":"https:\/\/novatronicec.com\/index.php\/wp-json\/wp\/v2\/product\/7880","targetHints":{"allow":["GET"]}}],"collection":[{"href":"https:\/\/novatronicec.com\/index.php\/wp-json\/wp\/v2\/product"}],"about":[{"href":"https:\/\/novatronicec.com\/index.php\/wp-json\/wp\/v2\/types\/product"}],"wp:featuredmedia":[{"embeddable":true,"href":"https:\/\/novatronicec.com\/index.php\/wp-json\/wp\/v2\/media\/7882"}],"wp:attachment":[{"href":"https:\/\/novatronicec.com\/index.php\/wp-json\/wp\/v2\/media?parent=7880"}],"wp:term":[{"taxonomy":"product_brand","embeddable":true,"href":"https:\/\/novatronicec.com\/index.php\/wp-json\/wp\/v2\/product_brand?post=7880"},{"taxonomy":"product_cat","embeddable":true,"href":"https:\/\/novatronicec.com\/index.php\/wp-json\/wp\/v2\/product_cat?post=7880"},{"taxonomy":"product_tag","embeddable":true,"href":"https:\/\/novatronicec.com\/index.php\/wp-json\/wp\/v2\/product_tag?post=7880"}],"curies":[{"name":"wp","href":"https:\/\/api.w.org\/{rel}","templated":true}]}}