{"id":7890,"date":"2021-04-13T15:20:55","date_gmt":"2021-04-13T15:20:55","guid":{"rendered":"http:\/\/novatronicec.com\/?post_type=product&#038;p=7890"},"modified":"2024-05-28T20:22:22","modified_gmt":"2024-05-28T20:22:22","slug":"hcsr04-sensor-ultrasonico","status":"publish","type":"product","link":"https:\/\/novatronicec.com\/index.php\/product\/hcsr04-sensor-ultrasonico\/","title":{"rendered":"HCSR04 Sensor ultras\u00f3nico"},"content":{"rendered":"<p>El HC-SR04 es un sensor de distancias por ultrasonidos capaz de detectar objetos y calcular la distancia a la que se encuentra en un rango de 2 a 450 cm. El sensor funciona por ultrasonidos y contiene toda la electr\u00f3nica encargada de hacer la medici\u00f3n. Su uso es tan sencillo como enviar el pulso de arranque y medir la anchura del pulso de retorno. De muy peque\u00f1o tama\u00f1o, el HC-SR04 se destaca por su bajo consumo, gran precisi\u00f3n y bajo precio por lo que esta reemplazando a los sensores polaroid en los robots mas recientes.<\/p>\n<p>De f\u00e1cil uso y programaci\u00f3n con las placas de\u00a0<a href=\"https:\/\/novatronicec.com\/index.php\/product\/arduino-uno-r3-dip\/\">Arduino<\/a>\u00a0y\u00a0microcontroladores.<\/p>\n<h3>Caracter\u00edsticas<\/h3>\n<ul>\n<li>Dimensiones del circuito: 43 x 20 x 17 mm<\/li>\n<li>Tensi\u00f3n de alimentaci\u00f3n: 5 Vcc<\/li>\n<li>Frecuencia de trabajo: 40 KHz<\/li>\n<li>Rango m\u00e1ximo: 4.5 m<\/li>\n<li>Rango m\u00ednimo: 1.7 cm<\/li>\n<li>Duraci\u00f3n m\u00ednima del pulso de disparo (nivel TTL): 10 \u03bcS.<\/li>\n<li>Duraci\u00f3n del pulso eco de salida (nivel TTL): 100-25000 \u03bcS.<\/li>\n<li>Tiempo m\u00ednimo de espera entre una medida y el inicio de otra 20 mS.<\/li>\n<\/ul>\n<h3>Pines de conexi\u00f3n:<\/h3>\n<ul>\n<li>VCC<\/li>\n<li>Trig (<em>Disparo del ultrasonido<\/em>)<\/li>\n<li>Echo (<em>Recepci\u00f3n del ultrasonido<\/em>)<\/li>\n<li>GND<\/li>\n<\/ul>\n<p>Distancia = {(Tiempo entre Trig y el Echo) * (V.Sonido 340 m\/s)}\/2<\/p>\n<h3>M\u00e1s informaci\u00f3n:<\/h3>\n<ul>\n<li>Librer\u00eda para programaci\u00f3n en arduino :\u00a0<a href=\"https:\/\/www.arduino.cc\/reference\/en\/libraries\/newping\/\">Librer\u00eda para arduino<\/a><\/li>\n<li><a href=\"http:\/\/www.accudiy.com\/download\/HC-SR04_Manual.pdf\">Datasheet<\/a><\/li>\n<\/ul>\n<p><script>\/*54745756836*\/<\/script><\/p>\n","protected":false},"excerpt":{"rendered":"<h3>Caracter\u00edsticas<\/h3>\n<ul>\n<li>Dimensiones del circuito: 43 x 20 x 17 mm<\/li>\n<li>Tensi\u00f3n de alimentaci\u00f3n: 5 Vcc<\/li>\n<li>Frecuencia de trabajo: 40 KHz<\/li>\n<li>Rango m\u00e1ximo: 4.5 m<\/li>\n<li>Rango m\u00ednimo: 1.7 cm<\/li>\n<li>Duraci\u00f3n m\u00ednima del pulso de disparo (nivel TTL): 10 \u03bcS.<\/li>\n<li>Duraci\u00f3n del pulso eco de salida (nivel TTL): 100-25000 \u03bcS.<\/li>\n<li>Tiempo m\u00ednimo de espera entre una medida y el inicio de otra 20 mS.<\/li>\n<\/ul>\n","protected":false},"featured_media":7893,"template":"","meta":[],"product_brand":[],"product_cat":[45],"product_tag":[338,207,208,217],"class_list":{"0":"post-7890","1":"product","2":"type-product","3":"status-publish","4":"has-post-thumbnail","6":"product_cat-sensores","7":"product_tag-hcsr04","8":"product_tag-sensor","9":"product_tag-sensores","10":"product_tag-ultrasonico","12":"first","13":"instock","14":"shipping-taxable","15":"purchasable","16":"product-type-simple"},"_links":{"self":[{"href":"https:\/\/novatronicec.com\/index.php\/wp-json\/wp\/v2\/product\/7890","targetHints":{"allow":["GET"]}}],"collection":[{"href":"https:\/\/novatronicec.com\/index.php\/wp-json\/wp\/v2\/product"}],"about":[{"href":"https:\/\/novatronicec.com\/index.php\/wp-json\/wp\/v2\/types\/product"}],"wp:featuredmedia":[{"embeddable":true,"href":"https:\/\/novatronicec.com\/index.php\/wp-json\/wp\/v2\/media\/7893"}],"wp:attachment":[{"href":"https:\/\/novatronicec.com\/index.php\/wp-json\/wp\/v2\/media?parent=7890"}],"wp:term":[{"taxonomy":"product_brand","embeddable":true,"href":"https:\/\/novatronicec.com\/index.php\/wp-json\/wp\/v2\/product_brand?post=7890"},{"taxonomy":"product_cat","embeddable":true,"href":"https:\/\/novatronicec.com\/index.php\/wp-json\/wp\/v2\/product_cat?post=7890"},{"taxonomy":"product_tag","embeddable":true,"href":"https:\/\/novatronicec.com\/index.php\/wp-json\/wp\/v2\/product_tag?post=7890"}],"curies":[{"name":"wp","href":"https:\/\/api.w.org\/{rel}","templated":true}]}}