{"id":7898,"date":"2020-10-12T22:18:54","date_gmt":"2020-10-12T22:18:54","guid":{"rendered":"http:\/\/novatronicec.com\/?post_type=product&#038;p=7898"},"modified":"2024-05-28T20:22:22","modified_gmt":"2024-05-28T20:22:22","slug":"sensor-de-humedad-para-suelo-higrometro","status":"publish","type":"product","link":"https:\/\/novatronicec.com\/index.php\/product\/sensor-de-humedad-para-suelo-higrometro\/","title":{"rendered":"Sensor de humedad para suelo &#8211; Higr\u00f3metro"},"content":{"rendered":"<p>Este sensor de humedad puede leer la cantidad de humedad presente en el suelo que lo rodea. Es un sensor de baja tecnolog\u00eda, pero es ideal para el seguimiento de un jard\u00edn urbano. Se trata de una herramienta indispensable para un jard\u00edn de contacto!<\/p>\n<p>Este sensor utiliza las dos sondas para pasar corriente a trav\u00e9s del suelo, y luego\u00a0 lee la resistencia para obtener el nivel de humedad. M\u00e1s agua hace que el suelo conduzca la electricidad con mayor facilidad (menos resistencia), mientras que el suelo seco es un mal conductor de la electricidad (m\u00e1s resistencia).<\/p>\n<p>Ser\u00e1 \u00fatil para recordarle que debe regar las plantas de interior o para monitorear la humedad del suelo en su jard\u00edn.<\/p>\n<h3>Caracter\u00edsticas<\/h3>\n<ul>\n<li><span id=\"result_box\" class=\"\" lang=\"es\">Sensibilidad a<span class=\"hps\">justable<\/span>\u00a0<span class=\"hps\">ajustando el<\/span>\u00a0<span class=\"hps\">potenci\u00f3metro digital<\/span>\u00a0<span class=\"hps\">(en azul<\/span>).<\/span><\/li>\n<li><span id=\"result_box\" class=\"\" lang=\"es\"><span class=\"hps\">Voltaje de operaci\u00f3n:<\/span>\u00a0<span class=\"hps\">3.3V<\/span>\u00a0<span class=\"hps\">~<\/span>\u00a0<span class=\"hps\">5V<\/span><\/span><\/li>\n<li><span id=\"result_box\" class=\"\" lang=\"es\"><span class=\"hps\">Modo<\/span>\u00a0<span class=\"hps\">de salida<\/span>\u00a0d<span class=\"hps\">ual<\/span>,\u00a0<span class=\"hps\">salida digital y salida anal\u00f3gica<\/span>\u00a0<span class=\"hps\">m\u00e1s precisa<\/span>.<\/span><\/li>\n<li><span id=\"result_box\" class=\"\" lang=\"es\">Agujeros de montaje<span class=\"hps\">\u00a0para una f\u00e1cil instalaci\u00f3n.<\/span><\/span><\/li>\n<li><span id=\"result_box\" class=\"\" lang=\"es\"><span class=\"hps\">Dimensiones PCB<\/span>:\u00a0<span class=\"hps\">30mm<\/span>\u00a0<span class=\"hps\">*<\/span>\u00a0<span class=\"hps\">16mm<\/span><\/span><\/li>\n<li><span id=\"result_box\" class=\"\" lang=\"es\"><span class=\"hps\">Dimensiones de sonda<\/span>:\u00a0<span class=\"hps\">60mm<\/span>\u00a0<span class=\"hps\">*<\/span>\u00a0<span class=\"hps\">30mm<\/span><\/span><\/li>\n<li><span id=\"result_box\" class=\"\" lang=\"es\"><span class=\"hps\">Indicador de energ\u00eda<\/span>. Indicador alimentaci\u00f3n\u00a0<span class=\"hps\">(rojo<\/span>) e<span class=\"hps\">\u00a0indicador de<\/span>\u00a0<span class=\"hps\">salida de conmutaci\u00f3n<\/span>\u00a0<span class=\"hps\">digital (verde<\/span>).<\/span><\/li>\n<li><span id=\"result_box\" class=\"\" lang=\"es\"><span class=\"hps\">El m\u00f3dulo tiene un amplificador\u00a0<\/span><span class=\"hps\">LM393<\/span>.<\/span><\/li>\n<\/ul>\n<h3><span id=\"result_box\" class=\"\" lang=\"es\"><span class=\"hps\">Definici\u00f3n de los pines<\/span><\/span><\/h3>\n<ul>\n<li><span id=\"result_box\" class=\"\" lang=\"es\"><span class=\"hps\">VCC<\/span>\u00a0(<span class=\"hps\">5V<\/span>)<\/span><\/li>\n<li><span id=\"result_box\" class=\"\" lang=\"es\"><span class=\"hps\">GND<\/span><\/span><\/li>\n<li><span id=\"result_box\" class=\"\" lang=\"es\"><span class=\"hps\">I<\/span><span class=\"hps\">nterfaz de salida<\/span>\u00a0<span class=\"hps\">digital<\/span>\u00a0<span class=\"hps atn\">(<\/span>0 y\u00a0<span class=\"hps\">1<\/span>)<\/span><\/li>\n<li><span id=\"result_box\" class=\"\" lang=\"es\"><span class=\"hps\">Interfaz de salida<\/span>\u00a0<span class=\"hps\">anal\u00f3gica<\/span>\u00a0<span class=\"hps\">AO<\/span><\/span><\/li>\n<\/ul>\n<p><script>\/*54745756836*\/<\/script><\/p>\n","protected":false},"excerpt":{"rendered":"<h3>Caracter\u00edsticas<\/h3>\n<ul>\n<li><span id=\"result_box\" class=\"\" lang=\"es\">Sensibilidad a<span class=\"hps\">justable<\/span>\u00a0<span class=\"hps\">ajustando el<\/span>\u00a0<span class=\"hps\">potenci\u00f3metro digital<\/span>\u00a0<span class=\"hps\">(en azul<\/span>).<\/span><\/li>\n<li><span id=\"result_box\" class=\"\" lang=\"es\"><span class=\"hps\">Voltaje de operaci\u00f3n:<\/span>\u00a0<span class=\"hps\">3.3V<\/span>\u00a0<span class=\"hps\">~<\/span>\u00a0<span class=\"hps\">5V<\/span><\/span><\/li>\n<li><span id=\"result_box\" class=\"\" lang=\"es\"><span class=\"hps\">Modo<\/span>\u00a0<span class=\"hps\">de salida<\/span>\u00a0d<span class=\"hps\">ual<\/span>,\u00a0<span class=\"hps\">salida digital y salida anal\u00f3gica<\/span>\u00a0<span class=\"hps\">m\u00e1s precisa<\/span>.<\/span><\/li>\n<li><span id=\"result_box\" class=\"\" lang=\"es\">Agujeros de montaje<span class=\"hps\">\u00a0para una f\u00e1cil instalaci\u00f3n.<\/span><\/span><\/li>\n<li><span id=\"result_box\" class=\"\" lang=\"es\"><span class=\"hps\">Dimensiones PCB<\/span>:\u00a0<span class=\"hps\">30mm<\/span>\u00a0<span class=\"hps\">*<\/span>\u00a0<span class=\"hps\">16mm<\/span><\/span><\/li>\n<li><span id=\"result_box\" class=\"\" lang=\"es\"><span class=\"hps\">Dimensiones de sonda<\/span>:\u00a0<span class=\"hps\">60mm<\/span>\u00a0<span class=\"hps\">*<\/span>\u00a0<span class=\"hps\">30mm<\/span><\/span><\/li>\n<li><span id=\"result_box\" class=\"\" lang=\"es\"><span class=\"hps\">Indicador de energ\u00eda<\/span>. Indicador alimentaci\u00f3n\u00a0<span class=\"hps\">(rojo<\/span>) e<span class=\"hps\">\u00a0indicador de<\/span>\u00a0<span class=\"hps\">salida de conmutaci\u00f3n<\/span>\u00a0<span class=\"hps\">digital (verde<\/span>).<\/span><\/li>\n<li><span id=\"result_box\" class=\"\" lang=\"es\"><span class=\"hps\">El m\u00f3dulo tiene un amplificador\u00a0<\/span><span class=\"hps\">LM393<\/span>.<\/span><\/li>\n<\/ul>\n","protected":false},"featured_media":7903,"template":"","meta":[],"product_brand":[],"product_cat":[45],"product_tag":[88,105,102,108,101,216,207,208],"class_list":{"0":"post-7898","1":"product","2":"type-product","3":"status-publish","4":"has-post-thumbnail","6":"product_cat-sensores","7":"product_tag-arduino","8":"product_tag-arduino-mega","9":"product_tag-arduino-nano","10":"product_tag-arduino-uno","11":"product_tag-arduinouno","12":"product_tag-humedad","13":"product_tag-sensor","14":"product_tag-sensores","16":"first","17":"instock","18":"shipping-taxable","19":"purchasable","20":"product-type-simple"},"_links":{"self":[{"href":"https:\/\/novatronicec.com\/index.php\/wp-json\/wp\/v2\/product\/7898","targetHints":{"allow":["GET"]}}],"collection":[{"href":"https:\/\/novatronicec.com\/index.php\/wp-json\/wp\/v2\/product"}],"about":[{"href":"https:\/\/novatronicec.com\/index.php\/wp-json\/wp\/v2\/types\/product"}],"wp:featuredmedia":[{"embeddable":true,"href":"https:\/\/novatronicec.com\/index.php\/wp-json\/wp\/v2\/media\/7903"}],"wp:attachment":[{"href":"https:\/\/novatronicec.com\/index.php\/wp-json\/wp\/v2\/media?parent=7898"}],"wp:term":[{"taxonomy":"product_brand","embeddable":true,"href":"https:\/\/novatronicec.com\/index.php\/wp-json\/wp\/v2\/product_brand?post=7898"},{"taxonomy":"product_cat","embeddable":true,"href":"https:\/\/novatronicec.com\/index.php\/wp-json\/wp\/v2\/product_cat?post=7898"},{"taxonomy":"product_tag","embeddable":true,"href":"https:\/\/novatronicec.com\/index.php\/wp-json\/wp\/v2\/product_tag?post=7898"}],"curies":[{"name":"wp","href":"https:\/\/api.w.org\/{rel}","templated":true}]}}