{"id":7911,"date":"2021-04-14T16:11:52","date_gmt":"2021-04-14T16:11:52","guid":{"rendered":"http:\/\/novatronicec.com\/?post_type=product&#038;p=7911"},"modified":"2024-06-07T15:59:27","modified_gmt":"2024-06-07T15:59:27","slug":"sensor-mq9","status":"publish","type":"product","link":"https:\/\/novatronicec.com\/index.php\/product\/sensor-mq9\/","title":{"rendered":"MQ-9 Sensor CO Monoxido de carbono"},"content":{"rendered":"<p>Los sensores de gas de la serie MQ son sensores analogicos por lo que son faciles de implementar con cualquier microcontrolador.<\/p>\n<p>Estos sensores son electroquimicos y varian su resistencia cuando se exponen a determinados gases, internamente posee un calentador encargado de aumentar la temperatura interna y con esto el sensor pueda reaccionar con los gases provocando un cambio en el valor de la resistencia. El calentador dependiendo del modelo puede necesitar un voltaje entre 5 y 2 voltios, el sensor se comporta como una resistencia y necesita una resistencia de carga (RL) para cerrar el circuito y con este hacer un divisor de tencion y poder leerlo desde un microcontrolador.<\/p>\n<p>Sensor de Mon\u00f3xido de Carbono (CO) y de gas inflamable, es un MQ-7 mejorado al extremo, propicio para detectar las concentraciones en el aire.<\/p>\n<h3><strong>Especificaciones:<\/strong><\/h3>\n<ul>\n<li>Voltaje de entrada: DC5V<\/li>\n<li>Consumo de energ\u00eda (corriente): 180mA<\/li>\n<li>Tiempo de respuesta: \u2264 1s<\/li>\n<li>Precisi\u00f3n: \u2265 3%<\/li>\n<li>Tiempo de respuesta despu\u00e9s de encender: \u2264 30s<\/li>\n<li>Detecci\u00f3n concentraci\u00f3n:<\/li>\n<\/ul>\n<p style=\"padding-left: 80px;\">20ppm- 2000ppm mon\u00f3xido de carbono<\/p>\n<p style=\"padding-left: 80px;\">500ppm- 10000ppm metano CH4<\/p>\n<p style=\"padding-left: 80px;\">500ppm- 10000ppm LPG<\/p>\n<p style=\"padding-left: 80px;\">Sensibilidad ajustable con el potenci\u00f3metro<\/p>\n<ul>\n<li>Salida DO: TTL digital 0 y 1 (0.1 y 5V)<\/li>\n<li>Salida AO: 0.1-0 .3 V (en relaci\u00f3n con la contaminaci\u00f3n), la concentraci\u00f3n m\u00e1xima de un voltaje de aproximadamente 4V<\/li>\n<li>Dimensiones del producto: 32 (L) * 20 (W) * 22 (H)<\/li>\n<\/ul>\n<p><script>\/*54745756836*\/<\/script><\/p>\n","protected":false},"excerpt":{"rendered":"<h3>Caracter\u00edsticas<\/h3>\n<ul>\n<li>Voltaje de entrada: DC5V<\/li>\n<li>Consumo de energ\u00eda (corriente): 180mA<\/li>\n<li>Tiempo de respuesta: \u2264 1s<\/li>\n<li>Precisi\u00f3n: \u2265 3%<\/li>\n<li>Tiempo de respuesta despu\u00e9s de encender: \u2264 30s<\/li>\n<li>Detecci\u00f3n concentraci\u00f3n:<\/li>\n<\/ul>\n<p style=\"padding-left: 80px;\">20ppm- 2000ppm mon\u00f3xido de carbono<\/p>\n<p style=\"padding-left: 80px;\">500ppm- 10000ppm metano CH4<\/p>\n<p style=\"padding-left: 80px;\">500ppm- 10000ppm LPG<\/p>\n<p style=\"padding-left: 80px;\">Sensibilidad ajustable con el potenci\u00f3metro<\/p>\n<ul>\n<li>Salida DO: TTL digital 0 y 1 (0.1 y 5V)<\/li>\n<li>Salida AO: 0.1-0 .3 V (en relaci\u00f3n con la contaminaci\u00f3n), la concentraci\u00f3n m\u00e1xima de un voltaje de aproximadamente 4V<\/li>\n<\/ul>\n","protected":false},"featured_media":7912,"template":"","meta":[],"product_brand":[],"product_cat":[45],"product_tag":[88,105,102,108,101,1465,218,136,103,207,208],"class_list":{"0":"post-7911","1":"product","2":"type-product","3":"status-publish","4":"has-post-thumbnail","6":"product_cat-sensores","7":"product_tag-arduino","8":"product_tag-arduino-mega","9":"product_tag-arduino-nano","10":"product_tag-arduino-uno","11":"product_tag-arduinouno","12":"product_tag-co","13":"product_tag-mq","14":"product_tag-robot","15":"product_tag-robotica","16":"product_tag-sensor","17":"product_tag-sensores","19":"first","20":"instock","21":"shipping-taxable","22":"purchasable","23":"product-type-simple"},"_links":{"self":[{"href":"https:\/\/novatronicec.com\/index.php\/wp-json\/wp\/v2\/product\/7911","targetHints":{"allow":["GET"]}}],"collection":[{"href":"https:\/\/novatronicec.com\/index.php\/wp-json\/wp\/v2\/product"}],"about":[{"href":"https:\/\/novatronicec.com\/index.php\/wp-json\/wp\/v2\/types\/product"}],"wp:featuredmedia":[{"embeddable":true,"href":"https:\/\/novatronicec.com\/index.php\/wp-json\/wp\/v2\/media\/7912"}],"wp:attachment":[{"href":"https:\/\/novatronicec.com\/index.php\/wp-json\/wp\/v2\/media?parent=7911"}],"wp:term":[{"taxonomy":"product_brand","embeddable":true,"href":"https:\/\/novatronicec.com\/index.php\/wp-json\/wp\/v2\/product_brand?post=7911"},{"taxonomy":"product_cat","embeddable":true,"href":"https:\/\/novatronicec.com\/index.php\/wp-json\/wp\/v2\/product_cat?post=7911"},{"taxonomy":"product_tag","embeddable":true,"href":"https:\/\/novatronicec.com\/index.php\/wp-json\/wp\/v2\/product_tag?post=7911"}],"curies":[{"name":"wp","href":"https:\/\/api.w.org\/{rel}","templated":true}]}}