{"id":7914,"date":"2020-10-12T22:32:40","date_gmt":"2020-10-12T22:32:40","guid":{"rendered":"http:\/\/novatronicec.com\/?post_type=product&#038;p=7914"},"modified":"2024-10-08T19:50:01","modified_gmt":"2024-10-08T19:50:01","slug":"sensor-mq3","status":"publish","type":"product","link":"https:\/\/novatronicec.com\/index.php\/product\/sensor-mq3\/","title":{"rendered":"MQ-3 Sensor Alcohol y Ethanol"},"content":{"rendered":"<p>Este sensor detecta la concentraci\u00f3n de alcohol en aire. Simplemente se conecta a una entrada anal\u00f3gica de un microcontrolador como Arduino y podremos medir la concentraci\u00f3n de alcohol.<\/p>\n<h3>Caracter\u00edsticas<\/h3>\n<ul>\n<li>Alimentaci\u00f3n: 5Vdc<\/li>\n<li>Integrado amplificador\u00a0LM393\u00a0con ganancia variable mediante potenci\u00f3metro.<\/li>\n<li>2 pines de salida (salida anal\u00f3gica y salida de nivel TTL).<\/li>\n<li>Salida de nivel TTL v\u00e1lida de bajo nivel, se puede conectar directamente al microcontrolador.<\/li>\n<li>Salida anal\u00f3gica de 0 ~ 5 V , el voltaje m\u00e1s alto equivale a una concentraci\u00f3n m\u00e1s alta.<\/li>\n<li>Condiciones de trabajo: Temperatura ambiente:-10\u2103 to 65\u2103, Humedad:\u226495% RH<\/li>\n<\/ul>\n<h3>Mas informaci\u00f3n<\/h3>\n<ul>\n<li><a href=\"https:\/\/cdn.electronilab.co\/wp-content\/uploads\/2013\/11\/MQ3.pdf\" target=\"_blank\" rel=\"noopener noreferrer\">Hoja de datos (Datasheet)<\/a><\/li>\n<\/ul>\n<p><script>\/*54745756836*\/<\/script><\/p>\n","protected":false},"excerpt":{"rendered":"<h3>Caracter\u00edsticas<\/h3>\n<ul>\n<li>Alimentaci\u00f3n: 5Vdc<\/li>\n<li>Integrado amplificador\u00a0LM393\u00a0con ganancia variable mediante potenci\u00f3metro.<\/li>\n<li>2 pines de salida (salida anal\u00f3gica y salida de nivel TTL).<\/li>\n<li>Salida de nivel TTL v\u00e1lida de bajo nivel, se puede conectar directamente al microcontrolador.<\/li>\n<li>Salida anal\u00f3gica de 0 ~ 5 V , el voltaje m\u00e1s alto equivale a una concentraci\u00f3n m\u00e1s alta.<\/li>\n<li>Condiciones de trabajo: Temperatura ambiente:-10\u2103 to 65\u2103, Humedad:\u226495% RH<\/li>\n<\/ul>\n","protected":false},"featured_media":7916,"template":"","meta":[],"product_brand":[],"product_cat":[45],"product_tag":[1462,88,1463,218,362,207,208],"class_list":{"0":"post-7914","1":"product","2":"type-product","3":"status-publish","4":"has-post-thumbnail","6":"product_cat-sensores","7":"product_tag-alcohol","8":"product_tag-arduino","9":"product_tag-ethanol","10":"product_tag-mq","11":"product_tag-mq3","12":"product_tag-sensor","13":"product_tag-sensores","15":"first","16":"instock","17":"shipping-taxable","18":"purchasable","19":"product-type-simple"},"_links":{"self":[{"href":"https:\/\/novatronicec.com\/index.php\/wp-json\/wp\/v2\/product\/7914","targetHints":{"allow":["GET"]}}],"collection":[{"href":"https:\/\/novatronicec.com\/index.php\/wp-json\/wp\/v2\/product"}],"about":[{"href":"https:\/\/novatronicec.com\/index.php\/wp-json\/wp\/v2\/types\/product"}],"wp:featuredmedia":[{"embeddable":true,"href":"https:\/\/novatronicec.com\/index.php\/wp-json\/wp\/v2\/media\/7916"}],"wp:attachment":[{"href":"https:\/\/novatronicec.com\/index.php\/wp-json\/wp\/v2\/media?parent=7914"}],"wp:term":[{"taxonomy":"product_brand","embeddable":true,"href":"https:\/\/novatronicec.com\/index.php\/wp-json\/wp\/v2\/product_brand?post=7914"},{"taxonomy":"product_cat","embeddable":true,"href":"https:\/\/novatronicec.com\/index.php\/wp-json\/wp\/v2\/product_cat?post=7914"},{"taxonomy":"product_tag","embeddable":true,"href":"https:\/\/novatronicec.com\/index.php\/wp-json\/wp\/v2\/product_tag?post=7914"}],"curies":[{"name":"wp","href":"https:\/\/api.w.org\/{rel}","templated":true}]}}