{"id":7919,"date":"2020-10-12T23:31:58","date_gmt":"2020-10-12T23:31:58","guid":{"rendered":"http:\/\/novatronicec.com\/?post_type=product&#038;p=7919"},"modified":"2025-01-25T17:57:38","modified_gmt":"2025-01-25T17:57:38","slug":"dht21-am2301-sensor-capacitivo-de-temperatura-y-humedad-digital","status":"publish","type":"product","link":"https:\/\/novatronicec.com\/index.php\/product\/dht21-am2301-sensor-capacitivo-de-temperatura-y-humedad-digital\/","title":{"rendered":"DHT21\/AM2301 Sensor capacitivo de temperatura y humedad  (Digital)"},"content":{"rendered":"<p>Este sensor de temperatura y humedad es una versi\u00f3n con cable del DHT21, en un cuerpo de pl\u00e1stico grande. Se trata de un sensor digital b\u00e1sico de bajo costo de temperatura y humedad. Se utiliza un sensor de humedad capacitivo y un termistor para medir el aire circundante, y env\u00eda una se\u00f1al digital en el pin de datos (no son necesarios pines de entrada anal\u00f3gicos). Es bastante simple de usar, pero requiere una cuidadosa sincronizaci\u00f3n para tomar datos. El \u00fanico inconveniente de este sensor es que s\u00f3lo se puede obtener nuevos datos del mismo una vez cada 2 segundos, por lo que al utilizar nuestra librer\u00eda, las lecturas del sensor puede ser de hasta 2 segundos atr\u00e1s.<\/p>\n<p>Simplemente conecte el cable rojo de alimentaci\u00f3n a 3-5V, el cable amarillo a su pin de entrada de datos y el cable negro a tierra. A pesar de que utiliza un \u00fanico pin para enviar datos no es compatible con el protocolo Dallas One Wire! Si desea tener varios sensores, cada uno debe tener su propio pin de datos!<\/p>\n<p>En comparaci\u00f3n con el DHT11, este sensor es m\u00e1s preciso, m\u00e1s exacto\u00a0y funciona en un rango m\u00e1s amplio de temperatura\/humedad, pero es un poco m\u00e1s grande y costoso.<\/p>\n<h3>Caracter\u00edsticas<\/h3>\n<ul>\n<li>Voltaje de Operaci\u00f3n: 3.5V &#8211; 5.5V DC<\/li>\n<li>Consumo corriente: 1mA &#8211; 1.5mA<\/li>\n<li>Rango de Temperatura: -40 hasta 80\u00b0C<\/li>\n<li>Precisi\u00f3n Temperatura: +- 0.5\u00b0C<\/li>\n<li>Resoluci\u00f3n Temperatura: 0.1\u00b0C<\/li>\n<li>Rango de Humedad Relativa: 0 a 100% RH<\/li>\n<li>Precisi\u00f3n HR: +- 3%<\/li>\n<li>Resoluci\u00f3n Humedad: 0.1%RH<\/li>\n<li>Tiempo de sensado: 2s<\/li>\n<li>Interface digital: Single-bus (bidireccional)<\/li>\n<li>Modelo: AM2301<\/li>\n<li>Dimensiones: 60*28*13mm<\/li>\n<li>Peso: 17 gr.<\/li>\n<li>Carcasa de pl\u00e1stico negro<\/li>\n<li>Longitud cable: 50cm<\/li>\n<\/ul>\n<h3>Mas informaci\u00f3n<\/h3>\n<ul>\n<li><a href=\"https:\/\/cdn.electronilab.co\/wp-content\/uploads\/2015\/02\/AM2301.pdf\" target=\"_blank\" rel=\"noopener noreferrer\">Hoja de datos (Datasheet)<\/a><\/li>\n<\/ul>\n<p>&nbsp;<\/p>\n","protected":false},"excerpt":{"rendered":"<h3>Caracter\u00edsticas<\/h3>\n<ul>\n<li>Voltaje de Operaci\u00f3n: 3.5V &#8211; 5.5V DC<\/li>\n<li>Consumo corriente: 1mA &#8211; 1.5mA<\/li>\n<li>Rango de Temperatura: -40 hasta 80\u00b0C<\/li>\n<li>Precisi\u00f3n Temperatura: +- 0.5\u00b0C<\/li>\n<li>Resoluci\u00f3n Temperatura: 0.1\u00b0C<\/li>\n<li>Rango de Humedad Relativa: 0 a 100% RH<\/li>\n<li>Precisi\u00f3n HR: +- 3%<\/li>\n<li>Resoluci\u00f3n Humedad: 0.1%RH<\/li>\n<li>Tiempo de sensado: 2s<\/li>\n<li>Interface digital: Single-bus (bidireccional)<\/li>\n<li>Modelo: AM2301<\/li>\n<li>Dimensiones: 60*28*13mm<\/li>\n<li>Peso: 17 gr.<\/li>\n<li>Carcasa de pl\u00e1stico negro<\/li>\n<li>Longitud cable: 50cm<\/li>\n<\/ul>\n<p>&nbsp;<\/p>\n","protected":false},"featured_media":7922,"template":"","meta":[],"product_brand":[],"product_cat":[45],"product_tag":[216,207,208,215],"class_list":{"0":"post-7919","1":"product","2":"type-product","3":"status-publish","4":"has-post-thumbnail","6":"product_cat-sensores","7":"product_tag-humedad","8":"product_tag-sensor","9":"product_tag-sensores","10":"product_tag-temperatura","12":"first","13":"instock","14":"shipping-taxable","15":"purchasable","16":"product-type-simple"},"_links":{"self":[{"href":"https:\/\/novatronicec.com\/index.php\/wp-json\/wp\/v2\/product\/7919","targetHints":{"allow":["GET"]}}],"collection":[{"href":"https:\/\/novatronicec.com\/index.php\/wp-json\/wp\/v2\/product"}],"about":[{"href":"https:\/\/novatronicec.com\/index.php\/wp-json\/wp\/v2\/types\/product"}],"wp:featuredmedia":[{"embeddable":true,"href":"https:\/\/novatronicec.com\/index.php\/wp-json\/wp\/v2\/media\/7922"}],"wp:attachment":[{"href":"https:\/\/novatronicec.com\/index.php\/wp-json\/wp\/v2\/media?parent=7919"}],"wp:term":[{"taxonomy":"product_brand","embeddable":true,"href":"https:\/\/novatronicec.com\/index.php\/wp-json\/wp\/v2\/product_brand?post=7919"},{"taxonomy":"product_cat","embeddable":true,"href":"https:\/\/novatronicec.com\/index.php\/wp-json\/wp\/v2\/product_cat?post=7919"},{"taxonomy":"product_tag","embeddable":true,"href":"https:\/\/novatronicec.com\/index.php\/wp-json\/wp\/v2\/product_tag?post=7919"}],"curies":[{"name":"wp","href":"https:\/\/api.w.org\/{rel}","templated":true}]}}