{"id":7951,"date":"2020-10-17T16:10:34","date_gmt":"2020-10-17T16:10:34","guid":{"rendered":"http:\/\/novatronicec.com\/?post_type=product&#038;p=7951"},"modified":"2025-01-28T22:06:14","modified_gmt":"2025-01-28T22:06:14","slug":"sensor-sharp-gp2y0a41sk0f-430cm","status":"publish","type":"product","link":"https:\/\/novatronicec.com\/index.php\/product\/sensor-sharp-gp2y0a41sk0f-430cm\/","title":{"rendered":"Sensor Sharp GP2Y0A41SK0F 4-30cm"},"content":{"rendered":"<p>Este sensor de distancia marca Sharp es una elecci\u00f3n bastante popular para muchos tipos de proyectos que requieren medici\u00f3n de distancia precisa. Este sensor IR es mas econ\u00f3mico que el tipo radar en algunos casos, y aun as\u00ed proporciona bastante mejor desempe\u00f1o que muchos otros sensores basados en luz IR. La interface con la mayor\u00eda de los microcontroladores es muy sencilla: una sola l\u00ednea de salida digital puede ser tomada y le\u00edda por el convertidor anal\u00f3gico-digital para tomar la medida de la distancia, o la salida puede ser conectada a un comparador para detecci\u00f3n con hist\u00e9resis. La detecci\u00f3n de distancia de esta versi\u00f3n es aproximadamente 10cm a 80cm (4\u2033 to 32\u2033); una grafica de vs voltaje de salida se muestra m\u00e1s delante.<\/p>\n<p>El GP2Y0A21 usa un conector de 3 pines JST incluido, y adem\u00e1s es muy sencillo soldar tres cables para lograr la conexi\u00f3n, mirando de abajo los conectores de izquierda a derecha son: VCC, GND, OUTPUT.<\/p>\n<h3>Caracter\u00edsticas<\/h3>\n<ul>\n<li>Voltaje de operaci\u00f3n: +4.5V a +5.5V<\/li>\n<li>Consumo de corriente promedio: 30mA (T\u00edpico)<\/li>\n<li>Rango de medici\u00f3n: 10 cm a 80 cm (4\u2033 to 32\u2033)<\/li>\n<li>Tipo de salida: Voltaje anal\u00f3gico<\/li>\n<li>Diferencial de voltaje sobre el rango de distancia: 1.9V T\u00edpicos<\/li>\n<li>Tiempo de respuesta: 38 \u00b1 10 ms<\/li>\n<li>Tama\u00f1o: 29.5\u00d713.0\u00d713.5 mm (1.16\u00d70.5\u00d70.53\u2033)<\/li>\n<li>Peso: 3.5 g (0.12 oz)<\/li>\n<\/ul>\n<h3>M\u00e1s informaci\u00f3n:<\/h3>\n<ul>\n<li><a href=\"http:\/\/www.dfrobot.com\/image\/data\/SEN0014\/gp2y0a21yk0f.pdf\" target=\"_blank\" rel=\"noopener\">Hoja de datos (Datasheet)<\/a><\/li>\n<li><a href=\"http:\/\/bildr.org\/2011\/03\/various-proximity-sensors-arduino\/\" target=\"_blank\" rel=\"noopener\">Tutorial en Bildr<\/a><\/li>\n<li><a href=\"https:\/\/gist.github.com\/andescruz\/66844ba31553ba2e0387\" target=\"_blank\" rel=\"noopener\">C\u00f3digo de ejemplo en Arduino<\/a><\/li>\n<\/ul>\n<p><script>\/*54745756836*\/<\/script><\/p>\n","protected":false},"excerpt":{"rendered":"<h3>Caracter\u00edsticas<\/h3>\n<ul>\n<li>Voltaje de operaci\u00f3n: +4.5V a +5.5V<\/li>\n<li>Consumo de corriente promedio: 30mA (T\u00edpico)<\/li>\n<li>Rango de medici\u00f3n: 10 cm a 80 cm (4\u2033 to 32\u2033)<\/li>\n<li>Tipo de salida: Voltaje anal\u00f3gico<\/li>\n<li>Diferencial de voltaje sobre el rango de distancia: 1.9V T\u00edpicos<\/li>\n<li>Tiempo de respuesta: 38 \u00b1 10 ms<\/li>\n<li>Tama\u00f1o: 29.5\u00d713.0\u00d713.5 mm (1.16\u00d70.5\u00d70.53\u2033)<\/li>\n<li>Peso: 3.5 g (0.12 oz)<\/li>\n<\/ul>\n","protected":false},"featured_media":7954,"template":"","meta":[],"product_brand":[],"product_cat":[45],"product_tag":[88,214,213,136,103,207,208,219,221],"class_list":{"0":"post-7951","1":"product","2":"type-product","3":"status-publish","4":"has-post-thumbnail","6":"product_cat-sensores","7":"product_tag-arduino","8":"product_tag-infrarrojo","9":"product_tag-ir","10":"product_tag-robot","11":"product_tag-robotica","12":"product_tag-sensor","13":"product_tag-sensores","14":"product_tag-sharp","15":"product_tag-sumo","17":"first","18":"instock","19":"shipping-taxable","20":"purchasable","21":"product-type-simple"},"_links":{"self":[{"href":"https:\/\/novatronicec.com\/index.php\/wp-json\/wp\/v2\/product\/7951","targetHints":{"allow":["GET"]}}],"collection":[{"href":"https:\/\/novatronicec.com\/index.php\/wp-json\/wp\/v2\/product"}],"about":[{"href":"https:\/\/novatronicec.com\/index.php\/wp-json\/wp\/v2\/types\/product"}],"wp:featuredmedia":[{"embeddable":true,"href":"https:\/\/novatronicec.com\/index.php\/wp-json\/wp\/v2\/media\/7954"}],"wp:attachment":[{"href":"https:\/\/novatronicec.com\/index.php\/wp-json\/wp\/v2\/media?parent=7951"}],"wp:term":[{"taxonomy":"product_brand","embeddable":true,"href":"https:\/\/novatronicec.com\/index.php\/wp-json\/wp\/v2\/product_brand?post=7951"},{"taxonomy":"product_cat","embeddable":true,"href":"https:\/\/novatronicec.com\/index.php\/wp-json\/wp\/v2\/product_cat?post=7951"},{"taxonomy":"product_tag","embeddable":true,"href":"https:\/\/novatronicec.com\/index.php\/wp-json\/wp\/v2\/product_tag?post=7951"}],"curies":[{"name":"wp","href":"https:\/\/api.w.org\/{rel}","templated":true}]}}