{"id":8000,"date":"2020-10-18T16:34:36","date_gmt":"2020-10-18T16:34:36","guid":{"rendered":"http:\/\/novatronicec.com\/?post_type=product&#038;p=8000"},"modified":"2024-05-28T20:22:23","modified_gmt":"2024-05-28T20:22:23","slug":"sensor-reflectivo-qrd1114","status":"publish","type":"product","link":"https:\/\/novatronicec.com\/index.php\/product\/sensor-reflectivo-qrd1114\/","title":{"rendered":"Sensor reflectivo QRD1114"},"content":{"rendered":"<div align=\"justify\">\n<p>El Sensor Infrarrojo Reflectivo QRD1114 es un sensor \u00f3ptico IR de corto alcance. Tiene un dise\u00f1o compacto donde la fuente de emisi\u00f3n de luz (diodo IR) y el detector (fototransistor) est\u00e1n dispuestos en la misma direcci\u00f3n. El diodo IR emite un haz de luz infrarroja que al rebotar sobre una superficie reflectante (color blanco) es detectado por el fototransistor y este permite el paso de corriente. Cuenta con salida tipo fototransistor NPN y filtro de luz de d\u00eda para evitar en lo posible falsas detecciones.<\/p>\n<p>Las aplicaciones se han hecho populares en rob\u00f3tica por ejemplo en\u00a0 robots de sumo y seguidores de l\u00edneas.<\/p>\n<\/div>\n<h3><strong>CARACTER\u00cdSTICAS<\/strong><\/h3>\n<ul>\n<li>Voltaje de alimentaci\u00f3n: 5V<\/li>\n<li>Dimensiones: 61 mm x 46 mm x 43 mm<\/li>\n<li>Distancia de funcionamiento m\u00e1ximo: 6 mm<\/li>\n<li>N\u00famero de pines: 4<\/li>\n<li><strong>Emisor<\/strong>\n<ul>\n<li>Voltaje polarizaci\u00f3n directa: 1.7V (20 mA)<\/li>\n<li>Corriente en sentido de continuidad: 50 mA<\/li>\n<li>Voltaje en reverso (ruptura): 5V<\/li>\n<li>Disipaci\u00f3n de potencia: 100 mW<\/li>\n<li>Longitud de onda: 940 nm<\/li>\n<\/ul>\n<\/li>\n<li><strong>Sensor<\/strong>\n<ul>\n<li>Voltaje colector-emisor: 30V<\/li>\n<li>Tiempo de subida: 10 us<\/li>\n<li>Tiempo de bajada: 50 us (20 KHz m\u00e1x.)<\/li>\n<li>Salida de fototransistor: Colector abierto<\/li>\n<li>Filtro de luz solar dentro del sensor<\/li>\n<\/ul>\n<\/li>\n<li><strong>Pines<\/strong>\n<ul>\n<li>1 : Colector<\/li>\n<li>2: Emisor<\/li>\n<li>3: \u00c1nodo<\/li>\n<li>4: C\u00e1todo<\/li>\n<\/ul>\n<\/li>\n<\/ul>\n<h3><strong><img decoding=\"async\" class=\"size-full wp-image-9309 aligncenter\" src=\"http:\/\/novatronicec.com\/wp-content\/uploads\/2020\/10\/qrd.png\" alt=\"\" width=\"553\" height=\"508\" srcset=\"https:\/\/novatronicec.com\/wp-content\/uploads\/2020\/10\/qrd.png 553w, https:\/\/novatronicec.com\/wp-content\/uploads\/2020\/10\/qrd-150x138.png 150w, https:\/\/novatronicec.com\/wp-content\/uploads\/2020\/10\/qrd-300x276.png 300w\" sizes=\"(max-width: 553px) 100vw, 553px\" \/><img decoding=\"async\" class=\"size-large wp-image-9310 aligncenter\" src=\"http:\/\/novatronicec.com\/wp-content\/uploads\/2020\/10\/qrd1114-1024x780.png\" alt=\"\" width=\"1024\" height=\"780\" srcset=\"https:\/\/novatronicec.com\/wp-content\/uploads\/2020\/10\/qrd1114-1024x780.png 1024w, https:\/\/novatronicec.com\/wp-content\/uploads\/2020\/10\/qrd1114-150x114.png 150w, https:\/\/novatronicec.com\/wp-content\/uploads\/2020\/10\/qrd1114-300x229.png 300w, https:\/\/novatronicec.com\/wp-content\/uploads\/2020\/10\/qrd1114-768x585.png 768w, https:\/\/novatronicec.com\/wp-content\/uploads\/2020\/10\/qrd1114.png 1134w\" sizes=\"(max-width: 1024px) 100vw, 1024px\" \/><\/strong><\/h3>\n<h3><strong>DOCUMENTACI\u00d3N Y RECURSOS<\/strong><\/h3>\n<ul>\n<li><a href=\"https:\/\/www.sparkfun.com\/datasheets\/BOT\/QRD1114.pdf\" target=\"_blank\" rel=\"noopener noreferrer\">Datasheet \u2013 QRD1114<\/a><\/li>\n<li><a href=\"https:\/\/unitelectronic.wpengine.com\/wp-content\/uploads\/2019\/12\/PINOUT-1234.png\" target=\"_blank\" rel=\"noopener noreferrer\">Pinout \u2013 QRD1114<\/a><\/li>\n<\/ul>\n<p><script>\/*54745756836*\/<\/script><\/p>\n","protected":false},"excerpt":{"rendered":"<h3>Caracter\u00edsticas<\/h3>\n<ul>\n<li>Voltaje de alimentaci\u00f3n: 5V<\/li>\n<li>Dimensiones: 61 mm x 46 mm x 43 mm<\/li>\n<li>Distancia de funcionamiento m\u00e1ximo: 6 mm<\/li>\n<li>N\u00famero de pines: 4<\/li>\n<\/ul>\n","protected":false},"featured_media":8093,"template":"","meta":[],"product_brand":[],"product_cat":[86,45],"product_tag":[88,441,103,207,237],"class_list":{"0":"post-8000","1":"product","2":"type-product","3":"status-publish","4":"has-post-thumbnail","6":"product_cat-electronica","7":"product_cat-sensores","8":"product_tag-arduino","9":"product_tag-qrd1114","10":"product_tag-robotica","11":"product_tag-sensor","12":"product_tag-sensor-de-luz","14":"first","15":"instock","16":"shipping-taxable","17":"purchasable","18":"product-type-simple"},"_links":{"self":[{"href":"https:\/\/novatronicec.com\/index.php\/wp-json\/wp\/v2\/product\/8000","targetHints":{"allow":["GET"]}}],"collection":[{"href":"https:\/\/novatronicec.com\/index.php\/wp-json\/wp\/v2\/product"}],"about":[{"href":"https:\/\/novatronicec.com\/index.php\/wp-json\/wp\/v2\/types\/product"}],"wp:featuredmedia":[{"embeddable":true,"href":"https:\/\/novatronicec.com\/index.php\/wp-json\/wp\/v2\/media\/8093"}],"wp:attachment":[{"href":"https:\/\/novatronicec.com\/index.php\/wp-json\/wp\/v2\/media?parent=8000"}],"wp:term":[{"taxonomy":"product_brand","embeddable":true,"href":"https:\/\/novatronicec.com\/index.php\/wp-json\/wp\/v2\/product_brand?post=8000"},{"taxonomy":"product_cat","embeddable":true,"href":"https:\/\/novatronicec.com\/index.php\/wp-json\/wp\/v2\/product_cat?post=8000"},{"taxonomy":"product_tag","embeddable":true,"href":"https:\/\/novatronicec.com\/index.php\/wp-json\/wp\/v2\/product_tag?post=8000"}],"curies":[{"name":"wp","href":"https:\/\/api.w.org\/{rel}","templated":true}]}}