{"id":8020,"date":"2020-10-17T17:34:16","date_gmt":"2020-10-17T17:34:16","guid":{"rendered":"http:\/\/novatronicec.com\/?post_type=product&#038;p=8020"},"modified":"2025-07-14T20:40:17","modified_gmt":"2025-07-14T20:40:17","slug":"tp4056-modulo-de-carga-para-bateria-lipo-con-proteccion-de-corriente-microusb-1a","status":"publish","type":"product","link":"https:\/\/novatronicec.com\/index.php\/product\/tp4056-modulo-de-carga-para-bateria-lipo-con-proteccion-de-corriente-microusb-1a\/","title":{"rendered":"TP4056 M\u00f3dulo de carga para bater\u00eda Lipo con protecci\u00f3n de corriente MicroUSB 1A"},"content":{"rendered":"<p>Este min\u00fasculo m\u00f3dulo es perfecto para la carga de bater\u00edas LiPo o Li-ion de una sola celda de 3.7V 1 Ah o superior como las 16550 o las 18650\u00a0que no tienen su propio circuito de protecci\u00f3n.<\/p>\n<p>Basado en el chip TP4056 y el chip de protecci\u00f3n de bater\u00eda DW01 este m\u00f3dulo ofrecer\u00e1 una corriente de carga de 1A y luego se cortar\u00e1 cuando haya terminado.<\/p>\n<p>Adem\u00e1s, cuando el voltaje de la bater\u00eda cae por debajo de 2,4 V, el chip de protecci\u00f3n desconectar\u00e1 la carga para proteger la celda de funcionar a una tensi\u00f3n demasiado baja y tambi\u00e9n protege contra la conexi\u00f3n de sobretensi\u00f3n y polaridad inversa (normalmente se destruir\u00e1 en lugar de bater\u00eda), sin embargo compruebe por favor que la conexi\u00f3n se\u00a0correcta la primera vez que se use.<\/p>\n<h3>CARACTER\u00cdSTICAS<\/h3>\n<ul class=\"eb_list\">\n<li>M\u00f3dulo de carga lineal<\/li>\n<li>Corriente de 1A ajustable<\/li>\n<li>Precisi\u00f3n de carga:\u00a01.5%.<\/li>\n<li>Voltaje de Entrada:\u00a04.5V-5.5V.<\/li>\n<li>Voltaje de carga full: 4.2V.<\/li>\n<li>Led indicador: Rojo (Cargando), Verde (Cargado completamente).<\/li>\n<li>Micro USB<\/li>\n<li>Temperatura de trabajo: -10\u2103 to +85\u2103.<\/li>\n<li><strong>Polaridad inversa: NO.<\/strong><\/li>\n<li>Tama\u00f1o:\u00a025 x 19 x 10 mm.<\/li>\n<\/ul>\n<h3>M\u00e1s informaci\u00f3n:<\/h3>\n<ul>\n<li><a href=\"https:\/\/cdn.electronilab.co\/wp-content\/uploads\/2016\/05\/TP4056.pdf\" target=\"_blank\" rel=\"noopener noreferrer\">Datasheet TP4056<\/a><\/li>\n<li><a href=\"https:\/\/cdn.electronilab.co\/wp-content\/uploads\/2016\/05\/DW01-P_DataSheet_V10.pdf\" target=\"_blank\" rel=\"noopener noreferrer\">Datasheet\u00a0DW01<\/a><\/li>\n<\/ul>\n<p><script>\/*54745756836*\/<\/script><\/p>\n","protected":false},"excerpt":{"rendered":"<h3>Caracter\u00edsticas<\/h3>\n<ul class=\"eb_list\">\n<li>M\u00f3dulo de carga lineal<\/li>\n<li>Corriente de 1A ajustable<\/li>\n<li>Precisi\u00f3n de carga:\u00a01.5%.<\/li>\n<li>Voltaje de Entrada:\u00a04.5V-5.5V.<\/li>\n<li>Voltaje de carga full: 4.2V.<\/li>\n<li>Led indicador: Rojo (Cargando), Verde (Cargado completamente).<\/li>\n<li>Micro USB<\/li>\n<li>Temperatura de trabajo: -10\u2103 to +85\u2103.<\/li>\n<li><strong>Polaridad inversa: NO.<\/strong><\/li>\n<li>Tama\u00f1o:\u00a025 x 19 x 10 mm.<\/li>\n<\/ul>\n","protected":false},"featured_media":8022,"template":"","meta":[],"product_brand":[],"product_cat":[128,86,95],"product_tag":[387,385,386],"class_list":{"0":"post-8020","1":"product","2":"type-product","3":"status-publish","4":"has-post-thumbnail","6":"product_cat-baterias","7":"product_cat-electronica","8":"product_cat-modulos-y-shields","9":"product_tag-carga-de-bateria","10":"product_tag-modulo-de-carga","11":"product_tag-tp4056","13":"first","14":"outofstock","15":"shipping-taxable","16":"purchasable","17":"product-type-simple"},"_links":{"self":[{"href":"https:\/\/novatronicec.com\/index.php\/wp-json\/wp\/v2\/product\/8020","targetHints":{"allow":["GET"]}}],"collection":[{"href":"https:\/\/novatronicec.com\/index.php\/wp-json\/wp\/v2\/product"}],"about":[{"href":"https:\/\/novatronicec.com\/index.php\/wp-json\/wp\/v2\/types\/product"}],"wp:featuredmedia":[{"embeddable":true,"href":"https:\/\/novatronicec.com\/index.php\/wp-json\/wp\/v2\/media\/8022"}],"wp:attachment":[{"href":"https:\/\/novatronicec.com\/index.php\/wp-json\/wp\/v2\/media?parent=8020"}],"wp:term":[{"taxonomy":"product_brand","embeddable":true,"href":"https:\/\/novatronicec.com\/index.php\/wp-json\/wp\/v2\/product_brand?post=8020"},{"taxonomy":"product_cat","embeddable":true,"href":"https:\/\/novatronicec.com\/index.php\/wp-json\/wp\/v2\/product_cat?post=8020"},{"taxonomy":"product_tag","embeddable":true,"href":"https:\/\/novatronicec.com\/index.php\/wp-json\/wp\/v2\/product_tag?post=8020"}],"curies":[{"name":"wp","href":"https:\/\/api.w.org\/{rel}","templated":true}]}}