{"id":8052,"date":"2020-10-17T18:07:33","date_gmt":"2020-10-17T18:07:33","guid":{"rendered":"http:\/\/novatronicec.com\/?post_type=product&#038;p=8052"},"modified":"2024-05-28T20:22:23","modified_gmt":"2024-05-28T20:22:23","slug":"llanta-de-goma-o65mm-color-rojo","status":"publish","type":"product","link":"https:\/\/novatronicec.com\/index.php\/product\/llanta-de-goma-o65mm-color-rojo\/","title":{"rendered":"Llanta de goma \u00f865mm color rojo"},"content":{"rendered":"<div align=\"justify\">\n<p>Esta llanta esta formada de pl\u00e1stico ABS y goma, tiene un di\u00e1metro de 65 mm con una anchura de 27mm. Los rines est\u00e1n fabricados con pl\u00e1stico resistente y la llanta con hule flexible el cual\u00a0 su banda de rodadura los permite tener la funci\u00f3n de\u00a0 antiderrapante.<\/p>\n<p>Esta llanta de Goma se puede montar a un motorreductor que es ideal para utilizarse en la realizaci\u00f3n de plataformas rob\u00f3ticas. Si estas pensando en construir un robot de sumo, un rob\u00f3t seguidor de l\u00edneas, o cualquier robot con tracci\u00f3n diferencial, esta llanta es \u00fatil para complementar un motorreductor para darle movimiento a tu creaci\u00f3n. La llanta de Goma <strong>NO INCLUYE MOTORREDUCTOR.<\/strong><\/p>\n<\/div>\n<h3><b>CARACTER\u00cdSTICAS<\/b><\/h3>\n<ul>\n<li>Llanta de Goma para motorreductor<\/li>\n<li>Di\u00e1metro Exterior de Llanta: 65 mm<\/li>\n<li>Di\u00e1metro eje de llanta: 6mm<\/li>\n<li>Excelente tracci\u00f3n sobre una gran variedad de superficies Roca, Tierra, Asfalto entre otras<\/li>\n<li>Motorreductor con eje dual (si no hay existencia se env\u00eda con eje sencillo)<\/li>\n<li>Di\u00e1metro del eje de salida: 5.3 mm aplanado a 3.6<\/li>\n<li>Llanta con di\u00e1metro exterior: 60 mm<\/li>\n<li>Peso: 50 gramos<\/li>\n<\/ul>\n<p><script>\/*54745756836*\/<\/script><\/p>\n","protected":false},"excerpt":{"rendered":"<h3>Caracter\u00edsticas<\/h3>\n<ul>\n<li>Llanta de Goma para motorreductor<\/li>\n<li>Di\u00e1metro Exterior de Llanta: 65 mm<\/li>\n<li>Di\u00e1metro eje de llanta: 6mm<\/li>\n<li>Excelente tracci\u00f3n sobre una gran variedad de superficies Roca, Tierra, Asfalto entre otras<\/li>\n<li>Motorreductor con eje dual (si no hay existencia se env\u00eda con eje sencillo)<\/li>\n<li>Di\u00e1metro del eje de salida: 5.3 mm aplanado a 3.6<\/li>\n<li>Llanta con di\u00e1metro exterior: 60 mm<\/li>\n<li>Peso: 50 gramos<\/li>\n<li>Color: Rojo<\/li>\n<\/ul>\n","protected":false},"featured_media":8042,"template":"","meta":[],"product_brand":[],"product_cat":[68,69],"product_tag":[394,395,103,392],"class_list":{"0":"post-8052","1":"product","2":"type-product","3":"status-publish","4":"has-post-thumbnail","6":"product_cat-llantas","7":"product_cat-robotica","8":"product_tag-llanta","9":"product_tag-llanta-de-goma-65mm","10":"product_tag-robotica","11":"product_tag-rueda","13":"first","14":"instock","15":"shipping-taxable","16":"purchasable","17":"product-type-simple"},"_links":{"self":[{"href":"https:\/\/novatronicec.com\/index.php\/wp-json\/wp\/v2\/product\/8052","targetHints":{"allow":["GET"]}}],"collection":[{"href":"https:\/\/novatronicec.com\/index.php\/wp-json\/wp\/v2\/product"}],"about":[{"href":"https:\/\/novatronicec.com\/index.php\/wp-json\/wp\/v2\/types\/product"}],"wp:featuredmedia":[{"embeddable":true,"href":"https:\/\/novatronicec.com\/index.php\/wp-json\/wp\/v2\/media\/8042"}],"wp:attachment":[{"href":"https:\/\/novatronicec.com\/index.php\/wp-json\/wp\/v2\/media?parent=8052"}],"wp:term":[{"taxonomy":"product_brand","embeddable":true,"href":"https:\/\/novatronicec.com\/index.php\/wp-json\/wp\/v2\/product_brand?post=8052"},{"taxonomy":"product_cat","embeddable":true,"href":"https:\/\/novatronicec.com\/index.php\/wp-json\/wp\/v2\/product_cat?post=8052"},{"taxonomy":"product_tag","embeddable":true,"href":"https:\/\/novatronicec.com\/index.php\/wp-json\/wp\/v2\/product_tag?post=8052"}],"curies":[{"name":"wp","href":"https:\/\/api.w.org\/{rel}","templated":true}]}}