{"id":8072,"date":"2020-10-17T18:20:01","date_gmt":"2020-10-17T18:20:01","guid":{"rendered":"http:\/\/novatronicec.com\/?post_type=product&#038;p=8072"},"modified":"2024-07-26T22:52:28","modified_gmt":"2024-07-26T22:52:28","slug":"cargador-b6ac-80w-con-t-plug","status":"publish","type":"product","link":"https:\/\/novatronicec.com\/index.php\/product\/cargador-b6ac-80w-con-t-plug\/","title":{"rendered":"Cargador iMAX B6AC 80W con T Plug"},"content":{"rendered":"<p>Cargador Balanceador IMAX B6AC de 80W es un cargador\/descargador r\u00e1pido para todo tipo de bater\u00edas RC. Este cargador incluye un balanceador para bater\u00edas tipo LiPo. Funciona con bater\u00edas NiMH, NiCd, Pb, LiPo, Li-ion y Li-Fe.<\/p>\n<p>Este tipo de Cargador Balanceador IMAX B6AC sirve para cargar una gran cantidad de tipos de bater\u00edas y voltajes, con la intenci\u00f3n de ayudar a eliminar la necesidad de tener cargadores m\u00faltiples y diferentes para todas tus bater\u00edas RC o hobby.<\/p>\n<h3><strong>CARACTER\u00cdSTICAS<\/strong><\/h3>\n<ul>\n<li>Modelo: IMAX B6AC<\/li>\n<li>Color: Azul<\/li>\n<li>Tama\u00f1o: 134mm x 140mm x 35mm<\/li>\n<li>Peso: 520g<\/li>\n<li>Incluye:\n<ul>\n<li>Cargador IMAX B6AC<\/li>\n<li>Manual<\/li>\n<li>Clavija AC<\/li>\n<li>Cable con extensi\u00f3n Multi-Funcional<\/li>\n<li>Conector tipo caim\u00e1n Universal<\/li>\n<li>Enchufe tipo T<\/li>\n<\/ul>\n<\/li>\n<li>Doble potencia, adaptador AC integrado<\/li>\n<li>Rango de voltaje de funcionamiento: DC 11.0 ~ 18.0 voltios o CA 100V ~ 240V 50\/60Hz<\/li>\n<li>Potencia de carga m\u00e1xima 80W<\/li>\n<li>Rango de corriente de carga: 0.1 ~ 6.0A<\/li>\n<li>Rango de corriente de descarga: 0.1 ~ 2.0A<\/li>\n<li>Drenaje de corriente para equilibrio li-po: 300mAh\/celda<\/li>\n<li>Puede cargar c\u00e9lulas de Li-ion \/ LiPo \/ LiFe 1-6 y celdas ni-cd\/NiMH 1 -15<\/li>\n<li>Recuento de c\u00e9lulas Li-Ion\/pol\u00edmero: serie 1 ~ 6<\/li>\n<li>Voltaje de la bater\u00eda Pb: 2V ~ 20V<\/li>\n<li>Sensor de temperatura incorporado<\/li>\n<li>Detector de voltaje separado para el modo de carga de equilibrio.<\/li>\n<\/ul>\n<h3><strong>DOCUMENTACI\u00d3N Y RECURSOS<\/strong><\/h3>\n<ul>\n<li><a href=\"https:\/\/www.youtube.com\/watch?v=029nl2ok-AM\" target=\"_blank\" rel=\"noopener noreferrer\">Aprender A Usarlo IMAX B6AC<\/a><\/li>\n<li><a href=\"https:\/\/www.youtube.com\/watch?v=87J1F-hrkmY\" target=\"_blank\" rel=\"noopener noreferrer\">C\u00f3mo Cargar Bater\u00edas Lipo IMAX B6AC<\/a><\/li>\n<\/ul>\n<h3><strong>INFORMACI\u00d3N ADICIONAL\u00a0<\/strong><\/h3>\n<p>Funciones del IMAX B6AC:<\/p>\n<ul>\n<li>Cargador de balance digital normal<\/li>\n<li>B6AC viene con caracter\u00edsticas como Li-ion y li-po equilibrio<\/li>\n<li>Carga r\u00e1pida<\/li>\n<li>Almacenamiento de datos<\/li>\n<li>Carga c\u00edclica y descarga y mucho m\u00e1s para todos sus paquetes de bater\u00edas.<\/li>\n<\/ul>\n<p>Este cargador es de f\u00e1cil utilizaci\u00f3n puedes leer todos los Estados y ajustes de carga en el cargador de Balance electr\u00f3nico LCD mientras navega por los modos y selecciones. El cargador B6AC LiPo Balance es uno de los cargadores de bater\u00edas m\u00e1s utilizados del mercado.<script>\/*54745756836*\/<\/script><\/p>\n","protected":false},"excerpt":{"rendered":"<h3>Caracter\u00edsticas<\/h3>\n<ul>\n<li>Modelo: IMAX B6AC<\/li>\n<li>Color: Azul<\/li>\n<li>Tama\u00f1o: 134mm x 140mm x 35mm<\/li>\n<li>Peso: 520g<\/li>\n<li>Incluye:\n<ul>\n<li>Cargador IMAX B6AC<\/li>\n<li>Manual<\/li>\n<li>Clavija AC<\/li>\n<li>Cable con extensi\u00f3n Multi-Funcional<\/li>\n<li>Conector tipo caim\u00e1n Universal<\/li>\n<li>Enchufe tipo T<\/li>\n<\/ul>\n<\/li>\n<li>Doble potencia, adaptador AC integrado<\/li>\n<li>Rango de voltaje de funcionamiento: DC 11.0 ~ 18.0 voltios o CA 100V ~ 240V 50\/60Hz<\/li>\n<li>Potencia de carga m\u00e1xima 80W<\/li>\n<li>Rango de corriente de carga: 0.1 ~ 6.0A<\/li>\n<li>Rango de corriente de descarga: 0.1 ~ 2.0A<\/li>\n<li>Drenaje de corriente para equilibrio li-po: 300mAh\/celda<\/li>\n<li>Puede cargar c\u00e9lulas de Li-ion \/ LiPo \/ LiFe 1-6 y celdas ni-cd\/NiMH 1 -15<\/li>\n<li>Recuento de c\u00e9lulas Li-Ion\/pol\u00edmero: serie 1 ~ 6<\/li>\n<li>Voltaje de la bater\u00eda Pb: 2V ~ 20V<\/li>\n<li>Sensor de temperatura incorporado<\/li>\n<li>Detector de voltaje separado para el modo de carga de equilibrio.<\/li>\n<\/ul>\n","protected":false},"featured_media":8064,"template":"","meta":[],"product_brand":[],"product_cat":[128,98],"product_tag":[431,432,433,434],"class_list":{"0":"post-8072","1":"product","2":"type-product","3":"status-publish","4":"has-post-thumbnail","6":"product_cat-baterias","7":"product_cat-drones-componentes","8":"product_tag-cargador","9":"product_tag-cargador-lipo","10":"product_tag-imax","11":"product_tag-imax-b6","13":"first","14":"instock","15":"shipping-taxable","16":"purchasable","17":"product-type-simple"},"_links":{"self":[{"href":"https:\/\/novatronicec.com\/index.php\/wp-json\/wp\/v2\/product\/8072","targetHints":{"allow":["GET"]}}],"collection":[{"href":"https:\/\/novatronicec.com\/index.php\/wp-json\/wp\/v2\/product"}],"about":[{"href":"https:\/\/novatronicec.com\/index.php\/wp-json\/wp\/v2\/types\/product"}],"wp:featuredmedia":[{"embeddable":true,"href":"https:\/\/novatronicec.com\/index.php\/wp-json\/wp\/v2\/media\/8064"}],"wp:attachment":[{"href":"https:\/\/novatronicec.com\/index.php\/wp-json\/wp\/v2\/media?parent=8072"}],"wp:term":[{"taxonomy":"product_brand","embeddable":true,"href":"https:\/\/novatronicec.com\/index.php\/wp-json\/wp\/v2\/product_brand?post=8072"},{"taxonomy":"product_cat","embeddable":true,"href":"https:\/\/novatronicec.com\/index.php\/wp-json\/wp\/v2\/product_cat?post=8072"},{"taxonomy":"product_tag","embeddable":true,"href":"https:\/\/novatronicec.com\/index.php\/wp-json\/wp\/v2\/product_tag?post=8072"}],"curies":[{"name":"wp","href":"https:\/\/api.w.org\/{rel}","templated":true}]}}