{"id":8075,"date":"2020-10-17T18:23:00","date_gmt":"2020-10-17T18:23:00","guid":{"rendered":"http:\/\/novatronicec.com\/?post_type=product&#038;p=8075"},"modified":"2024-05-28T20:22:23","modified_gmt":"2024-05-28T20:22:23","slug":"cargador-9v-2a-plug-arduino","status":"publish","type":"product","link":"https:\/\/novatronicec.com\/index.php\/product\/cargador-9v-2a-plug-arduino\/","title":{"rendered":"Cargador 9V 2A (Plug arduino)"},"content":{"rendered":"<div align=\"justify\">\n<p>Son dispositivos electr\u00f3nicos que com\u00fanmente son llamados fuente de alimentaci\u00f3n o adaptadores, son dispositivos que convierten una corriente alterna (AC) en una corriente directa (DC) a un voltaje bajo o tensi\u00f3n baja. Cuentan con conector de tipo barril con di\u00e1metro de 5.5mm(externo) y 2.5mm (interno).<\/p>\n<p>Permite alimentar (energizar), placas de desarrollo como Arduino Uno, Mega, Leonardo o Due entre otros dispositivos, sin necesidad de usar un puerto USB. Ideal para proyectos permanentes como: dom\u00f3tica, automatizaci\u00f3n que tenga el conector tipo jack, con acceso de alimentaci\u00f3n en voltaje AC a DC.<\/p>\n<\/div>\n<h3><strong>CARACTER\u00cdSTICAS<\/strong><\/h3>\n<ul>\n<li>Voltaje de entrada : 100V \u2013 240VAC<\/li>\n<li>Voltaje de Salida: Disponible 5VDC, 9VDC y 12VDC<\/li>\n<li>Corriente m\u00e1xima de Salida:\n<ul>\n<li>5V: 2000mA<\/li>\n<li>9V: 1000mA<\/li>\n<li>12V: 2000mA<\/li>\n<\/ul>\n<\/li>\n<li>Dimensiones del conector: Di\u00e1metros DC Plug 5.5mm(externo) x 2.5mm (interno) x 11.3mm (largo)<\/li>\n<li>Longitud del cable: 80cm (aprox.)<\/li>\n<\/ul>\n<p><script>\/*54745756836*\/<\/script><\/p>\n","protected":false},"excerpt":{"rendered":"<h3>Caracter\u00edsticas<\/h3>\n<ul>\n<li>Voltaje de entrada : 100V \u2013 240VAC<\/li>\n<li>Voltaje de Salida: 9VDC<\/li>\n<li>Corriente m\u00e1xima de Salida: 1A<\/li>\n<li>Dimensiones del conector: Di\u00e1metros DC Plug 5.5mm(externo) x 2.5mm (interno) x 11.3mm (largo)<\/li>\n<li>Longitud del cable: 80cm (aprox.)<\/li>\n<\/ul>\n","protected":false},"featured_media":8057,"template":"","meta":[],"product_brand":[],"product_cat":[86,46],"product_tag":[436,372,431],"class_list":{"0":"post-8075","1":"product","2":"type-product","3":"status-publish","4":"has-post-thumbnail","6":"product_cat-electronica","7":"product_cat-fuentes-y-adaptadores-de-voltaje","8":"product_tag-9v","9":"product_tag-adaptador","10":"product_tag-cargador","12":"first","13":"instock","14":"shipping-taxable","15":"purchasable","16":"product-type-simple"},"_links":{"self":[{"href":"https:\/\/novatronicec.com\/index.php\/wp-json\/wp\/v2\/product\/8075","targetHints":{"allow":["GET"]}}],"collection":[{"href":"https:\/\/novatronicec.com\/index.php\/wp-json\/wp\/v2\/product"}],"about":[{"href":"https:\/\/novatronicec.com\/index.php\/wp-json\/wp\/v2\/types\/product"}],"wp:featuredmedia":[{"embeddable":true,"href":"https:\/\/novatronicec.com\/index.php\/wp-json\/wp\/v2\/media\/8057"}],"wp:attachment":[{"href":"https:\/\/novatronicec.com\/index.php\/wp-json\/wp\/v2\/media?parent=8075"}],"wp:term":[{"taxonomy":"product_brand","embeddable":true,"href":"https:\/\/novatronicec.com\/index.php\/wp-json\/wp\/v2\/product_brand?post=8075"},{"taxonomy":"product_cat","embeddable":true,"href":"https:\/\/novatronicec.com\/index.php\/wp-json\/wp\/v2\/product_cat?post=8075"},{"taxonomy":"product_tag","embeddable":true,"href":"https:\/\/novatronicec.com\/index.php\/wp-json\/wp\/v2\/product_tag?post=8075"}],"curies":[{"name":"wp","href":"https:\/\/api.w.org\/{rel}","templated":true}]}}