{"id":8079,"date":"2020-10-17T18:27:29","date_gmt":"2020-10-17T18:27:29","guid":{"rendered":"http:\/\/novatronicec.com\/?post_type=product&#038;p=8079"},"modified":"2026-01-29T14:32:29","modified_gmt":"2026-01-29T14:32:29","slug":"cargador-de-pilas-recargables-18650-li-ion-battery","status":"publish","type":"product","link":"https:\/\/novatronicec.com\/index.php\/product\/cargador-de-pilas-recargables-18650-li-ion-battery\/","title":{"rendered":"Cargador de pilas recargables 18650 Li-Ion Battery"},"content":{"rendered":"<p>Este Producto se trata de un cargador para bater\u00edas Li-ion 18650. Con este cargador puede realizar la carga de hasta dos bater\u00edas conect\u00e1ndolo directamente a un toma corriente com\u00fan de lo su hogar (115V AC). Este cargador de bater\u00edas incluye un sistema de auto apagado cuando las bater\u00edas est\u00e1n totalmente llenas para evitar sobrecargas. Es un producto ideal para todos los que realizar proyectos de electr\u00f3nica y rob\u00f3tica usando bater\u00edas 18650 ya que podr\u00e1 de manera sencilla mantener sus bater\u00edas en las mejores condiciones de carga.<\/p>\n<h3><strong>CARACTER\u00cdSTICAS:<\/strong><\/h3>\n<div data-spm-anchor-id=\"a219c.10010108.1000023.i2.55b435d205fGwn\">\n<ul>\n<li>Modelo: SM-202A.<\/li>\n<li>Voltaje de entrada: 110VAC ~ 240V AC (47 &#8211; 63Hz)<\/li>\n<li>Voltaje de salida (voltaje de carga): 4.2V DC.<\/li>\n<li>Corriente de salida: 1A.<\/li>\n<li>Conexi\u00f3n el\u00e9ctrica: Cable flexible de 80cm.<\/li>\n<li>Aplicable a: Bater\u00edas Li-ion 18650 (doble).<\/li>\n<li>Dimensiones: Longuitud 106mm x ancho 62mm x altura 40mm.<\/li>\n<\/ul>\n<\/div>\n<p><script>\/*54745756836*\/<\/script><\/p>\n","protected":false},"excerpt":{"rendered":"<h3>Caracter\u00edsticas<\/h3>\n<ul>\n<li>Modelo: SM-202A.<\/li>\n<li>Voltaje de entrada: 110VAC ~ 240V AC (47 &#8211; 63Hz)<\/li>\n<li>Voltaje de salida (voltaje de carga): 4.2V DC.<\/li>\n<li>Corriente de salida: 1A.<\/li>\n<li>Conexi\u00f3n el\u00e9ctrica: Cable flexible de 80cm.<\/li>\n<li>Aplicable a: Bater\u00edas Li-ion 18650 (doble).<\/li>\n<li>Dimensiones: Longuitud 106mm x ancho 62mm x altura 40mm.<\/li>\n<\/ul>\n","protected":false},"featured_media":8067,"template":"","meta":[],"product_brand":[],"product_cat":[128,86],"product_tag":[431,440],"class_list":{"0":"post-8079","1":"product","2":"type-product","3":"status-publish","4":"has-post-thumbnail","6":"product_cat-baterias","7":"product_cat-electronica","8":"product_tag-cargador","9":"product_tag-cargador-18650","11":"first","12":"outofstock","13":"shipping-taxable","14":"purchasable","15":"product-type-simple"},"_links":{"self":[{"href":"https:\/\/novatronicec.com\/index.php\/wp-json\/wp\/v2\/product\/8079","targetHints":{"allow":["GET"]}}],"collection":[{"href":"https:\/\/novatronicec.com\/index.php\/wp-json\/wp\/v2\/product"}],"about":[{"href":"https:\/\/novatronicec.com\/index.php\/wp-json\/wp\/v2\/types\/product"}],"wp:featuredmedia":[{"embeddable":true,"href":"https:\/\/novatronicec.com\/index.php\/wp-json\/wp\/v2\/media\/8067"}],"wp:attachment":[{"href":"https:\/\/novatronicec.com\/index.php\/wp-json\/wp\/v2\/media?parent=8079"}],"wp:term":[{"taxonomy":"product_brand","embeddable":true,"href":"https:\/\/novatronicec.com\/index.php\/wp-json\/wp\/v2\/product_brand?post=8079"},{"taxonomy":"product_cat","embeddable":true,"href":"https:\/\/novatronicec.com\/index.php\/wp-json\/wp\/v2\/product_cat?post=8079"},{"taxonomy":"product_tag","embeddable":true,"href":"https:\/\/novatronicec.com\/index.php\/wp-json\/wp\/v2\/product_tag?post=8079"}],"curies":[{"name":"wp","href":"https:\/\/api.w.org\/{rel}","templated":true}]}}