{"id":8096,"date":"2020-10-18T16:41:11","date_gmt":"2020-10-18T16:41:11","guid":{"rendered":"http:\/\/novatronicec.com\/?post_type=product&#038;p=8096"},"modified":"2024-05-28T20:22:24","modified_gmt":"2024-05-28T20:22:24","slug":"sensor-reflectivo-optico-cny70","status":"publish","type":"product","link":"https:\/\/novatronicec.com\/index.php\/product\/sensor-reflectivo-optico-cny70\/","title":{"rendered":"Sensor Reflectivo \u00d3ptico CNY70"},"content":{"rendered":"<p>El dispositivo\u00a0CNY70 es un sensor \u00f3ptico infrarrojo, de un rango de corto alcance que se utiliza para detectar colores de objetos y superficies. Su uso m\u00e1s com\u00fan es para construir\u00a0peque\u00f1os robots seguidor de lineas. Contiene un emisor de\u00a0radiaci\u00f3n infrarroja\u00a0(fotodiodo) y un receptor (fototransistor). El fotodiodo emite un haz de radiaci\u00f3n infrarroja, el fototransistor recibe ese haz de luz cuando se\u00a0refleja\u00a0sobre alguna superficie u objeto.<\/p>\n<p>Dependiendo de la cantidad de luz recibida por el fototransistor el dispositivo env\u00eda una se\u00f1al de retorno a una tarjeta controladora como Arduino.<\/p>\n<h3>Caracter\u00edsticas:<\/h3>\n<ul>\n<li>Tipo de emisor: Fotodiodo IR<\/li>\n<li>Tipo de detector: fototransistor<\/li>\n<li>Dimensiones (L x W x H en mm): 7 x 7 x 6<\/li>\n<li>Distancia de funcionamiento m\u00e1ximo: &lt;0.5 mm<\/li>\n<li>Longitud de onda del emisor: 950 nm<\/li>\n<\/ul>\n<h3><img decoding=\"async\" class=\"size-full wp-image-9312 aligncenter\" src=\"http:\/\/novatronicec.com\/wp-content\/uploads\/2020\/10\/cny70.png\" alt=\"\" width=\"555\" height=\"518\" srcset=\"https:\/\/novatronicec.com\/wp-content\/uploads\/2020\/10\/cny70.png 555w, https:\/\/novatronicec.com\/wp-content\/uploads\/2020\/10\/cny70-150x140.png 150w, https:\/\/novatronicec.com\/wp-content\/uploads\/2020\/10\/cny70-300x280.png 300w\" sizes=\"(max-width: 555px) 100vw, 555px\" \/><img decoding=\"async\" class=\"size-large wp-image-9313 aligncenter\" src=\"http:\/\/novatronicec.com\/wp-content\/uploads\/2020\/10\/cny70_1.png\" alt=\"\" width=\"512\" height=\"378\" srcset=\"https:\/\/novatronicec.com\/wp-content\/uploads\/2020\/10\/cny70_1.png 512w, https:\/\/novatronicec.com\/wp-content\/uploads\/2020\/10\/cny70_1-150x111.png 150w, https:\/\/novatronicec.com\/wp-content\/uploads\/2020\/10\/cny70_1-300x221.png 300w\" sizes=\"(max-width: 512px) 100vw, 512px\" \/>M\u00e1s informaci\u00f3n:<\/h3>\n<ul>\n<li><a href=\"https:\/\/cdn.electronilab.co\/wp-content\/uploads\/2020\/09\/cny70.pdf\" target=\"_blank\" rel=\"noopener noreferrer\">Hoja de datos t\u00e9cnica (Datasheet)<\/a><\/li>\n<\/ul>\n<p><script>\/*54745756836*\/<\/script><\/p>\n","protected":false},"excerpt":{"rendered":"<h3>Caracter\u00edsticas:<\/h3>\n<ul>\n<li>Tipo de emisor: Fotodiodo IR<\/li>\n<li>Tipo de detector: fototransistor<\/li>\n<li>Dimensiones (L x W x H en mm): 7 x 7 x 6<\/li>\n<li>Distancia de funcionamiento m\u00e1ximo: &lt;0.5 mm<\/li>\n<li>Longitud de onda del emisor: 950 nm<\/li>\n<\/ul>\n","protected":false},"featured_media":8097,"template":"","meta":[],"product_brand":[],"product_cat":[86,45],"product_tag":[444,104,214,213,136,103,212,207,208,221],"class_list":{"0":"post-8096","1":"product","2":"type-product","3":"status-publish","4":"has-post-thumbnail","6":"product_cat-electronica","7":"product_cat-sensores","8":"product_tag-cny70","9":"product_tag-electronica","10":"product_tag-infrarrojo","11":"product_tag-ir","12":"product_tag-robot","13":"product_tag-robotica","14":"product_tag-seguidor-de-linea","15":"product_tag-sensor","16":"product_tag-sensores","17":"product_tag-sumo","19":"first","20":"instock","21":"shipping-taxable","22":"purchasable","23":"product-type-simple"},"_links":{"self":[{"href":"https:\/\/novatronicec.com\/index.php\/wp-json\/wp\/v2\/product\/8096","targetHints":{"allow":["GET"]}}],"collection":[{"href":"https:\/\/novatronicec.com\/index.php\/wp-json\/wp\/v2\/product"}],"about":[{"href":"https:\/\/novatronicec.com\/index.php\/wp-json\/wp\/v2\/types\/product"}],"wp:featuredmedia":[{"embeddable":true,"href":"https:\/\/novatronicec.com\/index.php\/wp-json\/wp\/v2\/media\/8097"}],"wp:attachment":[{"href":"https:\/\/novatronicec.com\/index.php\/wp-json\/wp\/v2\/media?parent=8096"}],"wp:term":[{"taxonomy":"product_brand","embeddable":true,"href":"https:\/\/novatronicec.com\/index.php\/wp-json\/wp\/v2\/product_brand?post=8096"},{"taxonomy":"product_cat","embeddable":true,"href":"https:\/\/novatronicec.com\/index.php\/wp-json\/wp\/v2\/product_cat?post=8096"},{"taxonomy":"product_tag","embeddable":true,"href":"https:\/\/novatronicec.com\/index.php\/wp-json\/wp\/v2\/product_tag?post=8096"}],"curies":[{"name":"wp","href":"https:\/\/api.w.org\/{rel}","templated":true}]}}