{"id":8125,"date":"2020-10-18T16:51:41","date_gmt":"2020-10-18T16:51:41","guid":{"rendered":"http:\/\/novatronicec.com\/?post_type=product&#038;p=8125"},"modified":"2024-05-28T20:22:24","modified_gmt":"2024-05-28T20:22:24","slug":"ldr-fotoresistencia-12mm-12528","status":"publish","type":"product","link":"https:\/\/novatronicec.com\/index.php\/product\/ldr-fotoresistencia-12mm-12528\/","title":{"rendered":"LDR Fotoresistencia 12mm 12528"},"content":{"rendered":"<p>Una fotoresistencia es un componente electr\u00f3nico cuya resistencia disminuye con el aumento de intensidad de luz incidente. Su funcionamiento se basa en el efecto fotoel\u00e9ctrico. Un fotorresistor est\u00e1 hecho de un semiconductor de alta resistencia como el sulfuro de cadmio, CdS. Si la luz que incide en el dispositivo es de alta frecuencia, los fotones son absorbidos por las elasticidades del semiconductor dando a los electrones la suficiente energ\u00eda para saltar la banda de conducci\u00f3n. El electr\u00f3n libre que resulta, y su hueco asociado, conducen la electricidad, de tal modo que disminuye la resistencia. Los valores t\u00edpicos var\u00edan entre 1 M\u03a9, o m\u00e1s, en la oscuridad y 100 \u03a9 con luz brillante. El tiempo de respuesta t\u00edpico de un LDR est\u00e1 en el orden de la d\u00e9cima de segundo.<\/p>\n<p>Se emplean en iluminaci\u00f3n, apagado y encendido de alumbrado (interruptores crepusculares), en alarmas, en c\u00e1maras fotogr\u00e1ficas, en medidores de luz. Las de la gama infrarroja en control de m\u00e1quinas y procesos de contage y detecci\u00f3n de objetos.\u00a0Son sensores ideales para proyectos de iluminaci\u00f3n o cualquier proyecto que necesite controlar la luz ambiente.<\/p>\n<p><strong>CARACTER\u00cdSTICAS<\/strong><\/p>\n<ul>\n<li>Voltaje m\u00e1ximo:\u00a0150 VDC<\/li>\n<li>2 M\u03a9 en la obscuridad<\/li>\n<li>10-20 K\u03a9 m\u00e1ximos bajo la luz (Lux)<\/li>\n<li>100 mW<\/li>\n<li>Di\u00e1metro: 11.8 mm<\/li>\n<\/ul>\n<p><script>\/*54745756836*\/<\/script><\/p>\n","protected":false},"excerpt":{"rendered":"<h3>Caracter\u00edsticas<\/h3>\n<ul>\n<li>Voltaje m\u00e1ximo:\u00a0150 VDC<\/li>\n<li>2 M\u03a9 en la obscuridad<\/li>\n<li>10-20 K\u03a9 m\u00e1ximos bajo la luz (Lux)<\/li>\n<li>100 mW<\/li>\n<li>Di\u00e1metro: 11.8 mm<\/li>\n<\/ul>\n","protected":false},"featured_media":8132,"template":"","meta":[],"product_brand":[],"product_cat":[86,45],"product_tag":[104,239,238,236,136,103,207,237,208],"class_list":{"0":"post-8125","1":"product","2":"type-product","3":"status-publish","4":"has-post-thumbnail","6":"product_cat-electronica","7":"product_cat-sensores","8":"product_tag-electronica","9":"product_tag-fotoresistencia","10":"product_tag-luz","11":"product_tag-qrd","12":"product_tag-robot","13":"product_tag-robotica","14":"product_tag-sensor","15":"product_tag-sensor-de-luz","16":"product_tag-sensores","18":"first","19":"instock","20":"shipping-taxable","21":"purchasable","22":"product-type-simple"},"_links":{"self":[{"href":"https:\/\/novatronicec.com\/index.php\/wp-json\/wp\/v2\/product\/8125","targetHints":{"allow":["GET"]}}],"collection":[{"href":"https:\/\/novatronicec.com\/index.php\/wp-json\/wp\/v2\/product"}],"about":[{"href":"https:\/\/novatronicec.com\/index.php\/wp-json\/wp\/v2\/types\/product"}],"wp:featuredmedia":[{"embeddable":true,"href":"https:\/\/novatronicec.com\/index.php\/wp-json\/wp\/v2\/media\/8132"}],"wp:attachment":[{"href":"https:\/\/novatronicec.com\/index.php\/wp-json\/wp\/v2\/media?parent=8125"}],"wp:term":[{"taxonomy":"product_brand","embeddable":true,"href":"https:\/\/novatronicec.com\/index.php\/wp-json\/wp\/v2\/product_brand?post=8125"},{"taxonomy":"product_cat","embeddable":true,"href":"https:\/\/novatronicec.com\/index.php\/wp-json\/wp\/v2\/product_cat?post=8125"},{"taxonomy":"product_tag","embeddable":true,"href":"https:\/\/novatronicec.com\/index.php\/wp-json\/wp\/v2\/product_tag?post=8125"}],"curies":[{"name":"wp","href":"https:\/\/api.w.org\/{rel}","templated":true}]}}