{"id":8144,"date":"2020-10-18T17:34:26","date_gmt":"2020-10-18T17:34:26","guid":{"rendered":"http:\/\/novatronicec.com\/?post_type=product&#038;p=8144"},"modified":"2024-06-07T19:16:39","modified_gmt":"2024-06-07T19:16:39","slug":"sensor-mq2","status":"publish","type":"product","link":"https:\/\/novatronicec.com\/index.php\/product\/sensor-mq2\/","title":{"rendered":"Sensor MQ2"},"content":{"rendered":"<p>El sensor de gas M\u00f3dulo MQ2 es un sensor electro-qu\u00edmico que varia su resistencia al estar contacto con LP, butano, hidr\u00f3geno e incluso humo. Cuenta con 2 salidas una anal\u00f3gica y otra digital.<\/p>\n<p>Es ideal para que se puedan medir concentraciones de gas natural en el aire ya que puede detectar concentraciones desde 300 hasta 10000 ppm (partes por Mill\u00f3n) tiene una salida anal\u00f3gica que sale del divisor de voltaje y contiene una resistencia de carga se puede utilizar para la detecci\u00f3n de fugas de gas en casas o industrias.<\/p>\n<h3><strong>CARACTER\u00cdSTICAS<\/strong><\/h3>\n<ul>\n<li>Voltaje de Operaci\u00f3n: 5V<\/li>\n<li>Corriente: &lt; 150mA<\/li>\n<li>Dispositivo base: Sensor MQ2<\/li>\n<li>Rango de detecci\u00f3n: 300 a 10000 ppm<\/li>\n<li>Gas caracter\u00edstico: 1000ppm, Isobutano<\/li>\n<li>Tiempo de Respuesta: \u2264 10s<\/li>\n<li>Tiempo de recuperaci\u00f3n: \u2264 30s<\/li>\n<li>Resistencia de censado: 1K\u03a9 50ppm Tolueno a 20K\u03a9 in<\/li>\n<li>Humedad: \u2264 95% RH<\/li>\n<li>Temperatura de trabajo: -20 \u2103 ~ +55 \u2103<\/li>\n<li>Respuesta r\u00e1pida y alta sensibilidad<\/li>\n<li>Contenido de oxigeno ambiental: 21%<\/li>\n<li>Dimensiones: 40mm x 20mm<\/li>\n<\/ul>\n<h3><strong><img decoding=\"async\" class=\"size-full wp-image-9320 aligncenter\" src=\"http:\/\/novatronicec.com\/wp-content\/uploads\/2020\/10\/PINOUTMQ2.jpg\" alt=\"\" width=\"500\" height=\"500\" srcset=\"https:\/\/novatronicec.com\/wp-content\/uploads\/2020\/10\/PINOUTMQ2.jpg 500w, https:\/\/novatronicec.com\/wp-content\/uploads\/2020\/10\/PINOUTMQ2-150x150.jpg 150w, https:\/\/novatronicec.com\/wp-content\/uploads\/2020\/10\/PINOUTMQ2-300x300.jpg 300w, https:\/\/novatronicec.com\/wp-content\/uploads\/2020\/10\/PINOUTMQ2-100x100.jpg 100w\" sizes=\"(max-width: 500px) 100vw, 500px\" \/>DOCUMENTACI\u00d3N<\/strong><\/h3>\n<ul>\n<li><a href=\"https:\/\/www.pololu.com\/file\/0J309\/MQ2.pdf\" target=\"_blank\" rel=\"noopener noreferrer\">Datasheet- MQ2<\/a><\/li>\n<li><a href=\"https:\/\/2653vv2fz8mg3wr99k44dygo-wpengine.netdna-ssl.com\/wp-content\/uploads\/2017\/06\/PINOUTMQ2.jpg\" target=\"_blank\" rel=\"noopener noreferrer\">Pinout- MQ2<\/a><\/li>\n<\/ul>\n<p><script>\/*54745756836*\/<\/script><\/p>\n","protected":false},"excerpt":{"rendered":"<h3>Caracter\u00edsticas<\/h3>\n<ul>\n<li>Voltaje de Operaci\u00f3n: 5V<\/li>\n<li>Corriente: &lt; 150mA<\/li>\n<li>Dispositivo base: Sensor MQ2<\/li>\n<li>Rango de detecci\u00f3n: 300 a 10000 ppm<\/li>\n<li>Gas caracter\u00edstico: 1000ppm, Isobutano<\/li>\n<li>Tiempo de Respuesta: \u2264 10s<\/li>\n<li>Tiempo de recuperaci\u00f3n: \u2264 30s<\/li>\n<li>Resistencia de censado: 1K\u03a9 50ppm Tolueno a 20K\u03a9 in<\/li>\n<li>Humedad: \u2264 95% RH<\/li>\n<li>Temperatura de trabajo: -20 \u2103 ~ +55 \u2103<\/li>\n<li>Respuesta r\u00e1pida y alta sensibilidad<\/li>\n<li>Contenido de oxigeno ambiental: 21%<\/li>\n<li>Dimensiones: 40mm x 20mm<\/li>\n<\/ul>\n","protected":false},"featured_media":8145,"template":"","meta":[],"product_brand":[],"product_cat":[86,45],"product_tag":[207,208],"class_list":{"0":"post-8144","1":"product","2":"type-product","3":"status-publish","4":"has-post-thumbnail","6":"product_cat-electronica","7":"product_cat-sensores","8":"product_tag-sensor","9":"product_tag-sensores","11":"first","12":"instock","13":"shipping-taxable","14":"purchasable","15":"product-type-simple"},"_links":{"self":[{"href":"https:\/\/novatronicec.com\/index.php\/wp-json\/wp\/v2\/product\/8144","targetHints":{"allow":["GET"]}}],"collection":[{"href":"https:\/\/novatronicec.com\/index.php\/wp-json\/wp\/v2\/product"}],"about":[{"href":"https:\/\/novatronicec.com\/index.php\/wp-json\/wp\/v2\/types\/product"}],"wp:featuredmedia":[{"embeddable":true,"href":"https:\/\/novatronicec.com\/index.php\/wp-json\/wp\/v2\/media\/8145"}],"wp:attachment":[{"href":"https:\/\/novatronicec.com\/index.php\/wp-json\/wp\/v2\/media?parent=8144"}],"wp:term":[{"taxonomy":"product_brand","embeddable":true,"href":"https:\/\/novatronicec.com\/index.php\/wp-json\/wp\/v2\/product_brand?post=8144"},{"taxonomy":"product_cat","embeddable":true,"href":"https:\/\/novatronicec.com\/index.php\/wp-json\/wp\/v2\/product_cat?post=8144"},{"taxonomy":"product_tag","embeddable":true,"href":"https:\/\/novatronicec.com\/index.php\/wp-json\/wp\/v2\/product_tag?post=8144"}],"curies":[{"name":"wp","href":"https:\/\/api.w.org\/{rel}","templated":true}]}}