{"id":8153,"date":"2020-10-18T18:02:54","date_gmt":"2020-10-18T18:02:54","guid":{"rendered":"http:\/\/novatronicec.com\/?post_type=product&#038;p=8153"},"modified":"2025-04-11T14:13:45","modified_gmt":"2025-04-11T14:13:45","slug":"sensor-de-sonido-ky037","status":"publish","type":"product","link":"https:\/\/novatronicec.com\/index.php\/product\/sensor-de-sonido-ky037\/","title":{"rendered":"Sensor infrarrojo detector de Flama KY-026"},"content":{"rendered":"<div class=\"d-c\">El m\u00f3dulo KY-026 Sensor de llama es \u00fatil para sistema de detecci\u00f3n de incendios, como una medida de seguridad.<\/div>\n<div><\/div>\n<div class=\"d-c\">Caracter\u00edsticas del m\u00f3dulo KY-026Este m\u00f3dulo consta de un LED receptor de infrarrojos de 5 mm, un comparador diferencial dual LM393, un potenci\u00f3metro de recorte de 3296 W, 6 resistencias, 2 LED indicadores y 4 pines. La placa cuenta con una salida anal\u00f3gica y una digital.<\/div>\n<h3><strong>Caracter\u00edsticas:<\/strong><\/h3>\n<ul>\n<li>Voltaje de operaci\u00f3n: 3.3 a 5.5 V<\/li>\n<li>Corriente de Operaci\u00f3n: 15 mA<\/li>\n<li>Rango de detecci\u00f3n: 760 nm a 1100 nm<\/li>\n<li>\u00c1ngulo de detecci\u00f3n: 60\u00b0<\/li>\n<li>Tipo de salida: digital y anal\u00f3gica<\/li>\n<li>Ajuste de sensibilidad: Si<\/li>\n<li>Distancia de detecci\u00f3n m\u00e1xima: 1 metro (puede ser mayor, dependiendo de la magnitud de la llama)<\/li>\n<li>Dimensiones: 15,1 mm x 35,5 mm<\/li>\n<li>Color: rojo<\/li>\n<\/ul>\n","protected":false},"excerpt":{"rendered":"<h3><strong>Caracter\u00edsticas:<\/strong><\/h3>\n<ul>\n<li>Voltaje de operaci\u00f3n: 3.3 a 5.5 V<\/li>\n<li>Corriente de Operaci\u00f3n: 15 mA<\/li>\n<li>Rango de detecci\u00f3n: 760 nm a 1100 nm<\/li>\n<li>\u00c1ngulo de detecci\u00f3n: 60\u00b0<\/li>\n<li>Tipo de salida: digital y anal\u00f3gica<\/li>\n<li>Ajuste de sensibilidad: Si<\/li>\n<li>Distancia de detecci\u00f3n m\u00e1xima: 1 metro (puede ser mayor, dependiendo de la magnitud de la llama)<\/li>\n<li>Dimensiones: 15,1 mm x 35,5 mm<\/li>\n<li>Color: rojo<\/li>\n<\/ul>\n","protected":false},"featured_media":14016,"template":"","meta":[],"product_brand":[],"product_cat":[86,45],"product_tag":[1535,207],"class_list":{"0":"post-8153","1":"product","2":"type-product","3":"status-publish","4":"has-post-thumbnail","6":"product_cat-electronica","7":"product_cat-sensores","8":"product_tag-flama","9":"product_tag-sensor","11":"first","12":"instock","13":"shipping-taxable","14":"purchasable","15":"product-type-simple"},"_links":{"self":[{"href":"https:\/\/novatronicec.com\/index.php\/wp-json\/wp\/v2\/product\/8153","targetHints":{"allow":["GET"]}}],"collection":[{"href":"https:\/\/novatronicec.com\/index.php\/wp-json\/wp\/v2\/product"}],"about":[{"href":"https:\/\/novatronicec.com\/index.php\/wp-json\/wp\/v2\/types\/product"}],"wp:featuredmedia":[{"embeddable":true,"href":"https:\/\/novatronicec.com\/index.php\/wp-json\/wp\/v2\/media\/14016"}],"wp:attachment":[{"href":"https:\/\/novatronicec.com\/index.php\/wp-json\/wp\/v2\/media?parent=8153"}],"wp:term":[{"taxonomy":"product_brand","embeddable":true,"href":"https:\/\/novatronicec.com\/index.php\/wp-json\/wp\/v2\/product_brand?post=8153"},{"taxonomy":"product_cat","embeddable":true,"href":"https:\/\/novatronicec.com\/index.php\/wp-json\/wp\/v2\/product_cat?post=8153"},{"taxonomy":"product_tag","embeddable":true,"href":"https:\/\/novatronicec.com\/index.php\/wp-json\/wp\/v2\/product_tag?post=8153"}],"curies":[{"name":"wp","href":"https:\/\/api.w.org\/{rel}","templated":true}]}}